{"id":15296,"date":"2023-10-27T14:39:16","date_gmt":"2023-10-27T13:39:16","guid":{"rendered":"https:\/\/baralivres.ma\/?post_type=product&#038;p=15296"},"modified":"2023-10-27T14:39:17","modified_gmt":"2023-10-27T13:39:17","slug":"soixante-secondes-de-bonheur","status":"publish","type":"product","link":"https:\/\/baralivres.ma\/?product=soixante-secondes-de-bonheur","title":{"rendered":"Soixante secondes de bonheur"},"content":{"rendered":"<p>Elena a renonc\u00e9 \u00e0 tout pour devenir une commer\u00e7ante. Apr\u00e8s son divorce, son fils Maxime ne lui a jamais pardonn\u00e9 d&rsquo;avoir d\u00e9m\u00e9nag\u00e9 \u00e0 Londres. En d\u00e9cidant de le rejoindre dans les Landes pendant les f\u00eates, elle esp\u00e8re r\u00e9parer ce qui peut encore l&rsquo;\u00eatre. S\u00e9bastien, un b\u00fbcheron, vit seul avec sa fille Oc\u00e9ane parmi les pins et les souvenirs. Il l&rsquo;a tellement prot\u00e9g\u00e9e qu&rsquo;il n&rsquo;a pas vu le temps passer, et maintenant, elle s&rsquo;\u00e9loigne. C&rsquo;\u00e9tait le 27 d\u00e9cembre 1999, et la temp\u00eate du si\u00e8cle se dirigeait droit vers le massif landais. Au milieu du chaos, leurs vies allaient \u00eatre chamboul\u00e9es. Et si de ce drame pouvait \u00e9merger un peu d&rsquo;espoir ?<\/p>\n","protected":false},"excerpt":{"rendered":"<p>Elena et S\u00e9bastien, parents isol\u00e9s, font face \u00e0 la temp\u00eate du si\u00e8cle, cherchant r\u00e9conciliation et espoir.<\/p>\n","protected":false},"featured_media":15306,"comment_status":"open","ping_status":"closed","template":"","meta":{"inline_featured_image":false},"product_cat":[204,143],"product_tag":[],"class_list":{"0":"post-15296","1":"product","2":"type-product","3":"status-publish","4":"has-post-thumbnail","6":"product_cat-francais","7":"product_cat-roman","8":"pa_auteurs-bruno-combes","10":"first","11":"instock","12":"shipping-taxable","13":"purchasable","14":"product-type-simple"},"_links":{"self":[{"href":"https:\/\/baralivres.ma\/index.php?rest_route=\/wp\/v2\/product\/15296","targetHints":{"allow":["GET"]}}],"collection":[{"href":"https:\/\/baralivres.ma\/index.php?rest_route=\/wp\/v2\/product"}],"about":[{"href":"https:\/\/baralivres.ma\/index.php?rest_route=\/wp\/v2\/types\/product"}],"replies":[{"embeddable":true,"href":"https:\/\/baralivres.ma\/index.php?rest_route=%2Fwp%2Fv2%2Fcomments&post=15296"}],"version-history":[{"count":1,"href":"https:\/\/baralivres.ma\/index.php?rest_route=\/wp\/v2\/product\/15296\/revisions"}],"predecessor-version":[{"id":15307,"href":"https:\/\/baralivres.ma\/index.php?rest_route=\/wp\/v2\/product\/15296\/revisions\/15307"}],"wp:featuredmedia":[{"embeddable":true,"href":"https:\/\/baralivres.ma\/index.php?rest_route=\/wp\/v2\/media\/15306"}],"wp:attachment":[{"href":"https:\/\/baralivres.ma\/index.php?rest_route=%2Fwp%2Fv2%2Fmedia&parent=15296"}],"wp:term":[{"taxonomy":"product_cat","embeddable":true,"href":"https:\/\/baralivres.ma\/index.php?rest_route=%2Fwp%2Fv2%2Fproduct_cat&post=15296"},{"taxonomy":"product_tag","embeddable":true,"href":"https:\/\/baralivres.ma\/index.php?rest_route=%2Fwp%2Fv2%2Fproduct_tag&post=15296"}],"curies":[{"name":"wp","href":"https:\/\/api.w.org\/{rel}","templated":true}]}}