{"id":15294,"date":"2023-10-27T14:38:51","date_gmt":"2023-10-27T13:38:51","guid":{"rendered":"https:\/\/baralivres.ma\/?post_type=product&#038;p=15294"},"modified":"2023-10-27T14:38:52","modified_gmt":"2023-10-27T13:38:52","slug":"millenium-5-la-fille-qui-rendait-coup-pour-coup","status":"publish","type":"product","link":"https:\/\/baralivres.ma\/?product=millenium-5-la-fille-qui-rendait-coup-pour-coup","title":{"rendered":"Mill\u00e9nium 5 &#8211; La fille qui rendait coup pour coup"},"content":{"rendered":"<p>Une enfance marqu\u00e9e par la violence et des abus atroces a laiss\u00e9 des cicatrices ind\u00e9l\u00e9biles dans la vie de Lisbeth Salander. Le dragon tatou\u00e9 sur sa peau demeure un rappel constant de la promesse qu&rsquo;elle s&rsquo;est faite de lutter inlassablement contre l&rsquo;injustice sous toutes ses formes. R\u00e9cemment, elle a sauv\u00e9 un enfant autiste, mais cela lui a valu d&rsquo;\u00eatre incarc\u00e9r\u00e9e dans une prison de haute s\u00e9curit\u00e9, accus\u00e9e de mettre la vie d&rsquo;autrui en danger.<\/p>\n<p>Lorsque son ancien tuteur, Holger Palmgren, la visite en prison, les ombres d&rsquo;un pass\u00e9 trouble refont surface. Lisbeth se questionne sur les raisons pour lesquelles on lui faisait passer de nombreux tests d&rsquo;intelligence lorsqu&rsquo;elle \u00e9tait enfant. Pourquoi a-t-on tent\u00e9 de la s\u00e9parer de sa m\u00e8re \u00e0 l&rsquo;\u00e2ge de six ans ? Rapidement, Lisbeth r\u00e9alise qu&rsquo;elle n&rsquo;est pas la seule victime de cette histoire sombre, et elle d\u00e9couvre que des forces puissantes sont pr\u00eates \u00e0 tout pour l&#8217;emp\u00eacher de r\u00e9v\u00e9ler l&rsquo;ampleur de la trahison.<\/p>\n<p>D\u00e9termin\u00e9e \u00e0 aller au bout de la v\u00e9rit\u00e9, cette fois-ci, rien ne pourra l&rsquo;arr\u00eater, et elle est pr\u00eate \u00e0 d\u00e9fier ces forces obscures qui cherchent \u00e0 la faire taire.<\/p>\n","protected":false},"excerpt":{"rendered":"<p>Lisbeth Salander, traumatis\u00e9e par son pass\u00e9, se bat contre l&rsquo;injustice malgr\u00e9 sa d\u00e9tention pour sauvetage d&rsquo;enfant autiste. Les myst\u00e8res de son enfance la hantent, et elle d\u00e9couvre une vaste conspiration qui tente de la faire taire. Elle est d\u00e9termin\u00e9e \u00e0 r\u00e9v\u00e9ler la v\u00e9rit\u00e9 \u00e0 tout prix.<\/p>\n","protected":false},"featured_media":15303,"comment_status":"open","ping_status":"closed","template":"","meta":{"inline_featured_image":false},"product_cat":[204,143],"product_tag":[],"class_list":{"0":"post-15294","1":"product","2":"type-product","3":"status-publish","4":"has-post-thumbnail","6":"product_cat-francais","7":"product_cat-roman","8":"pa_auteurs-stieg-larsson","10":"first","11":"instock","12":"shipping-taxable","13":"purchasable","14":"product-type-simple"},"_links":{"self":[{"href":"https:\/\/baralivres.ma\/index.php?rest_route=\/wp\/v2\/product\/15294","targetHints":{"allow":["GET"]}}],"collection":[{"href":"https:\/\/baralivres.ma\/index.php?rest_route=\/wp\/v2\/product"}],"about":[{"href":"https:\/\/baralivres.ma\/index.php?rest_route=\/wp\/v2\/types\/product"}],"replies":[{"embeddable":true,"href":"https:\/\/baralivres.ma\/index.php?rest_route=%2Fwp%2Fv2%2Fcomments&post=15294"}],"version-history":[{"count":1,"href":"https:\/\/baralivres.ma\/index.php?rest_route=\/wp\/v2\/product\/15294\/revisions"}],"predecessor-version":[{"id":15304,"href":"https:\/\/baralivres.ma\/index.php?rest_route=\/wp\/v2\/product\/15294\/revisions\/15304"}],"wp:featuredmedia":[{"embeddable":true,"href":"https:\/\/baralivres.ma\/index.php?rest_route=\/wp\/v2\/media\/15303"}],"wp:attachment":[{"href":"https:\/\/baralivres.ma\/index.php?rest_route=%2Fwp%2Fv2%2Fmedia&parent=15294"}],"wp:term":[{"taxonomy":"product_cat","embeddable":true,"href":"https:\/\/baralivres.ma\/index.php?rest_route=%2Fwp%2Fv2%2Fproduct_cat&post=15294"},{"taxonomy":"product_tag","embeddable":true,"href":"https:\/\/baralivres.ma\/index.php?rest_route=%2Fwp%2Fv2%2Fproduct_tag&post=15294"}],"curies":[{"name":"wp","href":"https:\/\/api.w.org\/{rel}","templated":true}]}}