{"id":15276,"date":"2023-10-27T14:35:59","date_gmt":"2023-10-27T13:35:59","guid":{"rendered":"https:\/\/baralivres.ma\/?post_type=product&#038;p=15276"},"modified":"2025-02-20T09:50:37","modified_gmt":"2025-02-20T08:50:37","slug":"temps-et-prieres","status":"publish","type":"product","link":"https:\/\/baralivres.ma\/?product=temps-et-prieres","title":{"rendered":"Temps et pri\u00e8res"},"content":{"rendered":"<p>Peut-on identifier la position qu&rsquo;occupent, au sein de la soci\u00e9t\u00e9 musulmane, ces moments de spiritualit\u00e9 tels que la r\u00e9flexion sur Dieu, les pri\u00e8res, les demandes de pardon ? Ces extraits proviennent de l&rsquo;\u0153uvre majeure de Ghaz\u00e2l\u00ee, le th\u00e9ologien le plus \u00e9minent de l&rsquo;\u00e8re m\u00e9di\u00e9vale dans l&rsquo;islam. Ils nous offrent un aper\u00e7u de pri\u00e8res renomm\u00e9es prononc\u00e9es par des proph\u00e8tes et des figures religieuses historiques.<\/p>\n","protected":false},"excerpt":{"rendered":"<p>Position sociale des moments de pri\u00e8re dans l&rsquo;islam et c\u00e9l\u00e8bres pri\u00e8res de proph\u00e8tes par Ghaz\u00e2l\u00ee.<\/p>\n","protected":false},"featured_media":15291,"comment_status":"open","ping_status":"closed","template":"","meta":{"inline_featured_image":false},"product_cat":[3725,3862,4214],"product_tag":[],"class_list":{"0":"post-15276","1":"product","2":"type-product","3":"status-publish","4":"has-post-thumbnail","6":"product_cat-litterature-religieuse","7":"product_cat-spiritualite","8":"product_cat-voyage-spirituel-pendant-le-ramadan","9":"pa_auteurs-ghazali","11":"first","12":"instock","13":"shipping-taxable","14":"purchasable","15":"product-type-simple"},"_links":{"self":[{"href":"https:\/\/baralivres.ma\/index.php?rest_route=\/wp\/v2\/product\/15276","targetHints":{"allow":["GET"]}}],"collection":[{"href":"https:\/\/baralivres.ma\/index.php?rest_route=\/wp\/v2\/product"}],"about":[{"href":"https:\/\/baralivres.ma\/index.php?rest_route=\/wp\/v2\/types\/product"}],"replies":[{"embeddable":true,"href":"https:\/\/baralivres.ma\/index.php?rest_route=%2Fwp%2Fv2%2Fcomments&post=15276"}],"version-history":[{"count":1,"href":"https:\/\/baralivres.ma\/index.php?rest_route=\/wp\/v2\/product\/15276\/revisions"}],"predecessor-version":[{"id":15293,"href":"https:\/\/baralivres.ma\/index.php?rest_route=\/wp\/v2\/product\/15276\/revisions\/15293"}],"wp:featuredmedia":[{"embeddable":true,"href":"https:\/\/baralivres.ma\/index.php?rest_route=\/wp\/v2\/media\/15291"}],"wp:attachment":[{"href":"https:\/\/baralivres.ma\/index.php?rest_route=%2Fwp%2Fv2%2Fmedia&parent=15276"}],"wp:term":[{"taxonomy":"product_cat","embeddable":true,"href":"https:\/\/baralivres.ma\/index.php?rest_route=%2Fwp%2Fv2%2Fproduct_cat&post=15276"},{"taxonomy":"product_tag","embeddable":true,"href":"https:\/\/baralivres.ma\/index.php?rest_route=%2Fwp%2Fv2%2Fproduct_tag&post=15276"}],"curies":[{"name":"wp","href":"https:\/\/api.w.org\/{rel}","templated":true}]}}