{"id":15274,"date":"2023-10-27T14:30:26","date_gmt":"2023-10-27T13:30:26","guid":{"rendered":"https:\/\/baralivres.ma\/?post_type=product&#038;p=15274"},"modified":"2023-10-27T14:30:27","modified_gmt":"2023-10-27T13:30:27","slug":"ensemble-cest-tout","status":"publish","type":"product","link":"https:\/\/baralivres.ma\/?product=ensemble-cest-tout","title":{"rendered":"Ensemble, c&rsquo;est tout"},"content":{"rendered":"<p>\u00ab\u00a0Alors, qu&rsquo;est-ce que signifie vraiment &lsquo;diff\u00e9rents&rsquo; ? Cette notion de &lsquo;torchons et de serviettes&rsquo; n&rsquo;a pas de sens. Ce qui entrave la cohabitation des gens, ce sont leurs sottises, pas leurs distinctions.\u00a0\u00bb Camille, qui avait l&rsquo;habitude de dessiner, maintenant travaille comme femme de m\u00e9nage la nuit. Philibert, un pur aristocrate, offre un logement \u00e0 Franck, un cuisinier dont la vie tourne autour des femmes, des motos, et de sa grand-m\u00e8re Paulette. Paulette vit seule, a tendance \u00e0 tomber fr\u00e9quemment, mais elle cache ses bleus, craignant de s&rsquo;\u00e9teindre loin de son jardin. Ces quatre individus n&rsquo;\u00e9taient pas destin\u00e9s \u00e0 se croiser. Ils \u00e9taient trop \u00e9gar\u00e9s, trop isol\u00e9s, et trop marqu\u00e9s par la vie&#8230; Cependant, le destin, la vie, le hasard, ou peut-\u00eatre l&rsquo;amour &#8211; peu importe comment on le nomme -, d\u00e9cide de les faire se rencontrer, m\u00eame si cela semblait improbable. Leur histoire pourrait \u00eatre compar\u00e9e \u00e0 une cha\u00eene de dominos, mais \u00e0 rebours. Au lieu de les faire tomber, elle les aide \u00e0 se relever mutuellement.<\/p>\n","protected":false},"excerpt":{"rendered":"<p>Rencontre improbable de quatre vies diff\u00e9rentes, unies par le destin pour surmonter les obstacles de la vie.<\/p>\n","protected":false},"featured_media":15279,"comment_status":"open","ping_status":"closed","template":"","meta":{"inline_featured_image":false},"product_cat":[204,143],"product_tag":[],"class_list":{"0":"post-15274","1":"product","2":"type-product","3":"status-publish","4":"has-post-thumbnail","6":"product_cat-francais","7":"product_cat-roman","8":"pa_auteurs-anna-gavalda","10":"first","11":"instock","12":"shipping-taxable","13":"purchasable","14":"product-type-simple"},"_links":{"self":[{"href":"https:\/\/baralivres.ma\/index.php?rest_route=\/wp\/v2\/product\/15274","targetHints":{"allow":["GET"]}}],"collection":[{"href":"https:\/\/baralivres.ma\/index.php?rest_route=\/wp\/v2\/product"}],"about":[{"href":"https:\/\/baralivres.ma\/index.php?rest_route=\/wp\/v2\/types\/product"}],"replies":[{"embeddable":true,"href":"https:\/\/baralivres.ma\/index.php?rest_route=%2Fwp%2Fv2%2Fcomments&post=15274"}],"version-history":[{"count":1,"href":"https:\/\/baralivres.ma\/index.php?rest_route=\/wp\/v2\/product\/15274\/revisions"}],"predecessor-version":[{"id":15280,"href":"https:\/\/baralivres.ma\/index.php?rest_route=\/wp\/v2\/product\/15274\/revisions\/15280"}],"wp:featuredmedia":[{"embeddable":true,"href":"https:\/\/baralivres.ma\/index.php?rest_route=\/wp\/v2\/media\/15279"}],"wp:attachment":[{"href":"https:\/\/baralivres.ma\/index.php?rest_route=%2Fwp%2Fv2%2Fmedia&parent=15274"}],"wp:term":[{"taxonomy":"product_cat","embeddable":true,"href":"https:\/\/baralivres.ma\/index.php?rest_route=%2Fwp%2Fv2%2Fproduct_cat&post=15274"},{"taxonomy":"product_tag","embeddable":true,"href":"https:\/\/baralivres.ma\/index.php?rest_route=%2Fwp%2Fv2%2Fproduct_tag&post=15274"}],"curies":[{"name":"wp","href":"https:\/\/api.w.org\/{rel}","templated":true}]}}