{"id":15264,"date":"2023-10-27T14:25:58","date_gmt":"2023-10-27T13:25:58","guid":{"rendered":"https:\/\/baralivres.ma\/?post_type=product&#038;p=15264"},"modified":"2023-10-27T14:30:16","modified_gmt":"2023-10-27T13:30:16","slug":"lassassin-royal-la-secte-maudite-tome-8-lassassin-roya","status":"publish","type":"product","link":"https:\/\/baralivres.ma\/?product=lassassin-royal-la-secte-maudite-tome-8-lassassin-roya","title":{"rendered":"L&rsquo;Assassin royal &#8211; La secte maudite Tome 8 : L&rsquo;Assassin roya"},"content":{"rendered":"<p>Incognito, Fitz, le Fou, \u0152il-de-Nuit et Laurier, la confidente de la reine Kettricken, se sont lanc\u00e9s dans une qu\u00eate pour retrouver le prince Devoir, dont la disparition \u00e9tait entour\u00e9e de myst\u00e8res. Bien qu&rsquo;ils aient huit jours pour r\u00e9soudre cette \u00e9nigme, il ne leur faudra pas longtemps pour r\u00e9aliser que la situation du prince n&rsquo;est pas une simple fugue, comme ils l&rsquo;avaient d&rsquo;abord suppos\u00e9. En outre, Fitz d\u00e9couvre que le jeune h\u00e9ritier du tr\u00f4ne, qu&rsquo;il consid\u00e8re comme son fils, est sous l&rsquo;influence de forces malveillantes qui complotent des desseins sinistres pour les Six-Duch\u00e9s.<\/p>\n","protected":false},"excerpt":{"rendered":"<p>Fitz et son groupe cherchent le prince Devoir, d\u00e9couvrent sa captivit\u00e9 et les sombres desseins des Six-Duch\u00e9s.<\/p>\n","protected":false},"featured_media":15265,"comment_status":"open","ping_status":"closed","template":"","meta":{"inline_featured_image":false},"product_cat":[204,143],"product_tag":[],"class_list":{"0":"post-15264","1":"product","2":"type-product","3":"status-publish","4":"has-post-thumbnail","6":"product_cat-francais","7":"product_cat-roman","8":"pa_auteurs-robin-hobb","10":"first","11":"instock","12":"shipping-taxable","13":"purchasable","14":"product-type-simple"},"_links":{"self":[{"href":"https:\/\/baralivres.ma\/index.php?rest_route=\/wp\/v2\/product\/15264","targetHints":{"allow":["GET"]}}],"collection":[{"href":"https:\/\/baralivres.ma\/index.php?rest_route=\/wp\/v2\/product"}],"about":[{"href":"https:\/\/baralivres.ma\/index.php?rest_route=\/wp\/v2\/types\/product"}],"replies":[{"embeddable":true,"href":"https:\/\/baralivres.ma\/index.php?rest_route=%2Fwp%2Fv2%2Fcomments&post=15264"}],"version-history":[{"count":1,"href":"https:\/\/baralivres.ma\/index.php?rest_route=\/wp\/v2\/product\/15264\/revisions"}],"predecessor-version":[{"id":15266,"href":"https:\/\/baralivres.ma\/index.php?rest_route=\/wp\/v2\/product\/15264\/revisions\/15266"}],"wp:featuredmedia":[{"embeddable":true,"href":"https:\/\/baralivres.ma\/index.php?rest_route=\/wp\/v2\/media\/15265"}],"wp:attachment":[{"href":"https:\/\/baralivres.ma\/index.php?rest_route=%2Fwp%2Fv2%2Fmedia&parent=15264"}],"wp:term":[{"taxonomy":"product_cat","embeddable":true,"href":"https:\/\/baralivres.ma\/index.php?rest_route=%2Fwp%2Fv2%2Fproduct_cat&post=15264"},{"taxonomy":"product_tag","embeddable":true,"href":"https:\/\/baralivres.ma\/index.php?rest_route=%2Fwp%2Fv2%2Fproduct_tag&post=15264"}],"curies":[{"name":"wp","href":"https:\/\/api.w.org\/{rel}","templated":true}]}}