{"id":15259,"date":"2023-10-27T14:22:37","date_gmt":"2023-10-27T13:22:37","guid":{"rendered":"https:\/\/baralivres.ma\/?post_type=product&#038;p=15259"},"modified":"2023-10-27T14:22:38","modified_gmt":"2023-10-27T13:22:38","slug":"lassassin-royal-la-reine-solitaire-tome-6-lassassin-royal","status":"publish","type":"product","link":"https:\/\/baralivres.ma\/?product=lassassin-royal-la-reine-solitaire-tome-6-lassassin-royal","title":{"rendered":"L&rsquo;Assassin royal &#8211; La reine solitaire Tome 6 : L&rsquo;Assassin royal"},"content":{"rendered":"<p>Accompagn\u00e9 d&rsquo;une \u00e9trange procession compos\u00e9e de la reine Kettricken, de la myst\u00e9rieuse Gaudron, de la m\u00e9nestrelle Ast\u00e9rie et du fou, Fitz poursuit sa qu\u00eate sur la voie magique, bien que celle-ci devienne de plus en plus difficile. En effet, il est constamment poursuivi par son ennemi acharn\u00e9, Royal, et ses meilleurs artiseurs et soldats d&rsquo;\u00e9lite, tous d\u00e9termin\u00e9s \u00e0 les retrouver et \u00e0 les \u00e9liminer. Alors qu&rsquo;ils s&rsquo;enfoncent p\u00e9niblement dans une r\u00e9gion habit\u00e9e par des pr\u00e9sences \u00e9nigmatiques, leur route est jalonn\u00e9e de statues monumentales qui les conduisent finalement \u00e0 une impressionnante carri\u00e8re de pierre noire. Cependant, la grande question qui les hante est la suivante : o\u00f9 se cache V\u00e9rit\u00e9, et est-il encore en vie ?<\/p>\n","protected":false},"excerpt":{"rendered":"<p>Fitz, with a peculiar group, seeks V\u00e9rit\u00e9 while pursued by Royal and explores an enigmatic landscape.<\/p>\n","protected":false},"featured_media":15261,"comment_status":"open","ping_status":"closed","template":"","meta":{"inline_featured_image":false},"product_cat":[204,143],"product_tag":[],"class_list":{"0":"post-15259","1":"product","2":"type-product","3":"status-publish","4":"has-post-thumbnail","6":"product_cat-francais","7":"product_cat-roman","8":"pa_auteurs-robin-hobb","10":"first","11":"instock","12":"shipping-taxable","13":"purchasable","14":"product-type-simple"},"_links":{"self":[{"href":"https:\/\/baralivres.ma\/index.php?rest_route=\/wp\/v2\/product\/15259","targetHints":{"allow":["GET"]}}],"collection":[{"href":"https:\/\/baralivres.ma\/index.php?rest_route=\/wp\/v2\/product"}],"about":[{"href":"https:\/\/baralivres.ma\/index.php?rest_route=\/wp\/v2\/types\/product"}],"replies":[{"embeddable":true,"href":"https:\/\/baralivres.ma\/index.php?rest_route=%2Fwp%2Fv2%2Fcomments&post=15259"}],"version-history":[{"count":1,"href":"https:\/\/baralivres.ma\/index.php?rest_route=\/wp\/v2\/product\/15259\/revisions"}],"predecessor-version":[{"id":15263,"href":"https:\/\/baralivres.ma\/index.php?rest_route=\/wp\/v2\/product\/15259\/revisions\/15263"}],"wp:featuredmedia":[{"embeddable":true,"href":"https:\/\/baralivres.ma\/index.php?rest_route=\/wp\/v2\/media\/15261"}],"wp:attachment":[{"href":"https:\/\/baralivres.ma\/index.php?rest_route=%2Fwp%2Fv2%2Fmedia&parent=15259"}],"wp:term":[{"taxonomy":"product_cat","embeddable":true,"href":"https:\/\/baralivres.ma\/index.php?rest_route=%2Fwp%2Fv2%2Fproduct_cat&post=15259"},{"taxonomy":"product_tag","embeddable":true,"href":"https:\/\/baralivres.ma\/index.php?rest_route=%2Fwp%2Fv2%2Fproduct_tag&post=15259"}],"curies":[{"name":"wp","href":"https:\/\/api.w.org\/{rel}","templated":true}]}}