{"id":15258,"date":"2023-10-27T14:22:26","date_gmt":"2023-10-27T13:22:26","guid":{"rendered":"https:\/\/baralivres.ma\/?post_type=product&#038;p=15258"},"modified":"2023-10-27T14:22:26","modified_gmt":"2023-10-27T13:22:26","slug":"je-voudrais-que-quelquun-mattende-quelque-part","status":"publish","type":"product","link":"https:\/\/baralivres.ma\/?product=je-voudrais-que-quelquun-mattende-quelque-part","title":{"rendered":"Je voudrais que quelqu&rsquo;un m&rsquo;attende quelque part"},"content":{"rendered":"<p>\u00ab\u00a0En arrivant \u00e0 la gare de l&rsquo;Est, j&rsquo;entretiens secr\u00e8tement l&rsquo;espoir qu&rsquo;une personne m&rsquo;attende, m\u00eame si je sais rationnellement que ma m\u00e8re travaille encore \u00e0 cette heure-ci et que Marc ne ferait pas le d\u00e9tour depuis la banlieue pour porter mon sac. Cet espoir irrationnel persiste en moi. Les protagonistes des douze nouvelles de ce recueil portent en eux des espoirs futiles ou un d\u00e9sespoir profond. Leur objectif n&rsquo;est pas de r\u00e9volutionner le monde, ils n&rsquo;ont rien \u00e0 prouver. Ils ne sont pas des h\u00e9ros, simplement des \u00eatres humains que l&rsquo;on croise tous les jours sans vraiment leur pr\u00eater attention, sans r\u00e9aliser la richesse \u00e9motionnelle qu&rsquo;ils transportent, et qui se d\u00e9voile soudainement gr\u00e2ce \u00e0 la plume pr\u00e9cise d&rsquo;Anna Gavalda.\u00a0\u00bb<\/p>\n","protected":false},"excerpt":{"rendered":"<p>Le recueil explore les espoirs vains et d\u00e9sespoirs profonds de personnages ordinaires, r\u00e9v\u00e9lant leur humanit\u00e9 cach\u00e9e.<\/p>\n","protected":false},"featured_media":15260,"comment_status":"open","ping_status":"closed","template":"","meta":{"inline_featured_image":false},"product_cat":[204,143],"product_tag":[],"class_list":{"0":"post-15258","1":"product","2":"type-product","3":"status-publish","4":"has-post-thumbnail","6":"product_cat-francais","7":"product_cat-roman","8":"pa_auteurs-anna-gavalda","10":"first","11":"instock","12":"shipping-taxable","13":"purchasable","14":"product-type-simple"},"_links":{"self":[{"href":"https:\/\/baralivres.ma\/index.php?rest_route=\/wp\/v2\/product\/15258","targetHints":{"allow":["GET"]}}],"collection":[{"href":"https:\/\/baralivres.ma\/index.php?rest_route=\/wp\/v2\/product"}],"about":[{"href":"https:\/\/baralivres.ma\/index.php?rest_route=\/wp\/v2\/types\/product"}],"replies":[{"embeddable":true,"href":"https:\/\/baralivres.ma\/index.php?rest_route=%2Fwp%2Fv2%2Fcomments&post=15258"}],"version-history":[{"count":1,"href":"https:\/\/baralivres.ma\/index.php?rest_route=\/wp\/v2\/product\/15258\/revisions"}],"predecessor-version":[{"id":15262,"href":"https:\/\/baralivres.ma\/index.php?rest_route=\/wp\/v2\/product\/15258\/revisions\/15262"}],"wp:featuredmedia":[{"embeddable":true,"href":"https:\/\/baralivres.ma\/index.php?rest_route=\/wp\/v2\/media\/15260"}],"wp:attachment":[{"href":"https:\/\/baralivres.ma\/index.php?rest_route=%2Fwp%2Fv2%2Fmedia&parent=15258"}],"wp:term":[{"taxonomy":"product_cat","embeddable":true,"href":"https:\/\/baralivres.ma\/index.php?rest_route=%2Fwp%2Fv2%2Fproduct_cat&post=15258"},{"taxonomy":"product_tag","embeddable":true,"href":"https:\/\/baralivres.ma\/index.php?rest_route=%2Fwp%2Fv2%2Fproduct_tag&post=15258"}],"curies":[{"name":"wp","href":"https:\/\/api.w.org\/{rel}","templated":true}]}}