{"id":15252,"date":"2023-10-27T14:26:38","date_gmt":"2023-10-27T13:26:38","guid":{"rendered":"https:\/\/baralivres.ma\/?post_type=product&#038;p=15252"},"modified":"2023-10-27T14:26:39","modified_gmt":"2023-10-27T13:26:39","slug":"lordre-du-jour","status":"publish","type":"product","link":"https:\/\/baralivres.ma\/?product=lordre-du-jour","title":{"rendered":"L&rsquo;ordre du jour"},"content":{"rendered":"<p>Le 20 f\u00e9vrier 1933, dans l&rsquo;apr\u00e8s-midi \u00e0 Berlin, dans les \u00e9l\u00e9gants salons du Palais du pr\u00e9sident du Reichstag, se tenait une r\u00e9union confidentielle entre les plus importants magnats de l&rsquo;industrie allemande et les hauts dignitaires du parti nazi. L&rsquo;objectif de cette rencontre \u00e9tait de sceller le financement de la prochaine campagne \u00e9lectorale. Parmi les participants se trouvaient les titans de l&rsquo;industrie et de la finance allemande tels que Krupp, Opel, Siemens, Telefunken, formant ainsi une v\u00e9ritable \u00e9lite \u00e9conomique.<\/p>\n<p>De cette sc\u00e8ne inaugurale \u00e9manait un consentement in\u00e9branlable qui finirait par engendrer le pire. \u00c0 travers un r\u00e9cit poignant et captivant, \u00c9ric Vuillard expose la futilit\u00e9 et la path\u00e9tique charge \u00e9motionnelle inh\u00e9rente \u00e0 la succession des \u00e9v\u00e9nements, soulignant la fragilit\u00e9 de ces moments. En d\u00e9voilant les coulisses des triomphes apparents de la Wehrmacht, il met en lumi\u00e8re les origines de ces n\u00e9gociations vulgaires et de ces compromis tristes dict\u00e9s par les int\u00e9r\u00eats personnels.<\/p>\n<p>Cette d\u00e9monstration magistrale et ironique nous rappelle que, le plus souvent, ce qui semble irr\u00e9sistible n&rsquo;est pas le fruit des circonstances, mais plut\u00f4t le r\u00e9sultat de compromis et d&rsquo;arrangements entre les puissants.<\/p>\n","protected":false},"excerpt":{"rendered":"<p>R\u00e9union secr\u00e8te entre industriels allemands et nazis scelle financement campagne \u00e9lectorale, soulignant les compromis des puissants.<\/p>\n","protected":false},"featured_media":15267,"comment_status":"open","ping_status":"closed","template":"","meta":{"inline_featured_image":false},"product_cat":[204,143],"product_tag":[],"class_list":{"0":"post-15252","1":"product","2":"type-product","3":"status-publish","4":"has-post-thumbnail","6":"product_cat-francais","7":"product_cat-roman","8":"pa_auteurs-eric-vuillard","10":"first","11":"instock","12":"shipping-taxable","13":"purchasable","14":"product-type-simple"},"_links":{"self":[{"href":"https:\/\/baralivres.ma\/index.php?rest_route=\/wp\/v2\/product\/15252","targetHints":{"allow":["GET"]}}],"collection":[{"href":"https:\/\/baralivres.ma\/index.php?rest_route=\/wp\/v2\/product"}],"about":[{"href":"https:\/\/baralivres.ma\/index.php?rest_route=\/wp\/v2\/types\/product"}],"replies":[{"embeddable":true,"href":"https:\/\/baralivres.ma\/index.php?rest_route=%2Fwp%2Fv2%2Fcomments&post=15252"}],"version-history":[{"count":1,"href":"https:\/\/baralivres.ma\/index.php?rest_route=\/wp\/v2\/product\/15252\/revisions"}],"predecessor-version":[{"id":15271,"href":"https:\/\/baralivres.ma\/index.php?rest_route=\/wp\/v2\/product\/15252\/revisions\/15271"}],"wp:featuredmedia":[{"embeddable":true,"href":"https:\/\/baralivres.ma\/index.php?rest_route=\/wp\/v2\/media\/15267"}],"wp:attachment":[{"href":"https:\/\/baralivres.ma\/index.php?rest_route=%2Fwp%2Fv2%2Fmedia&parent=15252"}],"wp:term":[{"taxonomy":"product_cat","embeddable":true,"href":"https:\/\/baralivres.ma\/index.php?rest_route=%2Fwp%2Fv2%2Fproduct_cat&post=15252"},{"taxonomy":"product_tag","embeddable":true,"href":"https:\/\/baralivres.ma\/index.php?rest_route=%2Fwp%2Fv2%2Fproduct_tag&post=15252"}],"curies":[{"name":"wp","href":"https:\/\/api.w.org\/{rel}","templated":true}]}}