{"id":15249,"date":"2023-10-27T14:18:56","date_gmt":"2023-10-27T13:18:56","guid":{"rendered":"https:\/\/baralivres.ma\/?post_type=product&#038;p=15249"},"modified":"2023-10-27T14:18:56","modified_gmt":"2023-10-27T13:18:56","slug":"la-consolante","status":"publish","type":"product","link":"https:\/\/baralivres.ma\/?product=la-consolante","title":{"rendered":"La consolante"},"content":{"rendered":"<p>Charles Balanda, un architecte parisien de 47 ans, se voit boulevers\u00e9 lorsque, de mani\u00e8re fortuite, il apprend le d\u00e9c\u00e8s d&rsquo;une femme qu&rsquo;il a connue durant son enfance. Cette femme repr\u00e9sentait pour lui un monde totalement \u00e9tranger \u00e0 sa famille de classe moyenne. C&rsquo;\u00e9tait un monde empreint de passion, de folie, voire de douleur, mais surtout un monde vibrant de vie. La nouvelle de son d\u00e9c\u00e8s le plonge dans un ab\u00eeme d&rsquo;angoisse et de tristesse, perturbant profond\u00e9ment sa vie conjugale, sa carri\u00e8re et ses croyances. Cependant, tout change lorsque sa route croise celle de la rayonnante Kate, transformant sa perspective sur le monde.<\/p>\n","protected":false},"excerpt":{"rendered":"<p>Charles, architecte parisien, boulevers\u00e9 par la mort d&rsquo;une femme de son enfance, trouve une nouvelle perspective avec Kate.<\/p>\n","protected":false},"featured_media":15254,"comment_status":"open","ping_status":"closed","template":"","meta":{"inline_featured_image":false},"product_cat":[204,143],"product_tag":[],"class_list":{"0":"post-15249","1":"product","2":"type-product","3":"status-publish","4":"has-post-thumbnail","6":"product_cat-francais","7":"product_cat-roman","8":"pa_auteurs-anna-gavalda","10":"first","11":"instock","12":"shipping-taxable","13":"purchasable","14":"product-type-simple"},"_links":{"self":[{"href":"https:\/\/baralivres.ma\/index.php?rest_route=\/wp\/v2\/product\/15249","targetHints":{"allow":["GET"]}}],"collection":[{"href":"https:\/\/baralivres.ma\/index.php?rest_route=\/wp\/v2\/product"}],"about":[{"href":"https:\/\/baralivres.ma\/index.php?rest_route=\/wp\/v2\/types\/product"}],"replies":[{"embeddable":true,"href":"https:\/\/baralivres.ma\/index.php?rest_route=%2Fwp%2Fv2%2Fcomments&post=15249"}],"version-history":[{"count":1,"href":"https:\/\/baralivres.ma\/index.php?rest_route=\/wp\/v2\/product\/15249\/revisions"}],"predecessor-version":[{"id":15255,"href":"https:\/\/baralivres.ma\/index.php?rest_route=\/wp\/v2\/product\/15249\/revisions\/15255"}],"wp:featuredmedia":[{"embeddable":true,"href":"https:\/\/baralivres.ma\/index.php?rest_route=\/wp\/v2\/media\/15254"}],"wp:attachment":[{"href":"https:\/\/baralivres.ma\/index.php?rest_route=%2Fwp%2Fv2%2Fmedia&parent=15249"}],"wp:term":[{"taxonomy":"product_cat","embeddable":true,"href":"https:\/\/baralivres.ma\/index.php?rest_route=%2Fwp%2Fv2%2Fproduct_cat&post=15249"},{"taxonomy":"product_tag","embeddable":true,"href":"https:\/\/baralivres.ma\/index.php?rest_route=%2Fwp%2Fv2%2Fproduct_tag&post=15249"}],"curies":[{"name":"wp","href":"https:\/\/api.w.org\/{rel}","templated":true}]}}