{"id":15242,"date":"2023-10-27T14:26:51","date_gmt":"2023-10-27T13:26:51","guid":{"rendered":"https:\/\/baralivres.ma\/?post_type=product&#038;p=15242"},"modified":"2023-10-27T14:26:51","modified_gmt":"2023-10-27T13:26:51","slug":"introduction-a-la-psychanalyse","status":"publish","type":"product","link":"https:\/\/baralivres.ma\/?product=introduction-a-la-psychanalyse","title":{"rendered":"Introduction \u00e0 la psychanalyse"},"content":{"rendered":"<div class=\"group w-full text-token-text-primary border-b border-black\/10 gizmo:border-0 dark:border-gray-900\/50 gizmo:dark:border-0 bg-gray-50 gizmo:bg-transparent dark:bg-[#444654] gizmo:dark:bg-transparent\" data-testid=\"conversation-turn-3\">\n<div class=\"p-4 gizmo:py-2 justify-center text-base md:gap-6 md:py-6 m-auto\">\n<div class=\"flex flex-1 gap-4 text-base mx-auto md:gap-6 gizmo:gap-3 gizmo:md:px-5 gizmo:lg:px-1 gizmo:xl:px-5 md:max-w-2xl lg:max-w-[38rem] gizmo:md:max-w-3xl gizmo:lg:max-w-[40rem] gizmo:xl:max-w-[48rem] xl:max-w-3xl }\">\n<div class=\"relative flex w-[calc(100%-50px)] flex-col gizmo:w-full lg:w-[calc(100%-115px)] agent-turn\">\n<div class=\"flex-col gap-1 md:gap-3\">\n<div class=\"flex flex-grow flex-col gap-3 max-w-full\">\n<div class=\"min-h-[20px] flex flex-col items-start gap-3 whitespace-pre-wrap break-words overflow-x-auto\" data-message-author-role=\"assistant\" data-message-id=\"180dddfb-df15-4a92-bbe7-9840ed54e682\">\n<div class=\"markdown prose w-full break-words dark:prose-invert light\">\n<p>Au cours de ses conf\u00e9rences donn\u00e9es entre 1915 et 1917, Sigmund Freud nous emm\u00e8ne au c\u0153ur de la r\u00e9volution psychanalytique, d\u00e9montrant une fois de plus sa remarquable capacit\u00e9 \u00e0 pr\u00e9senter et \u00e0 communiquer ses id\u00e9es. Il ne se perd pas dans l&rsquo;obscurit\u00e9 ou dans l&rsquo;abstrait, mais explore le mouvement intrins\u00e8que de la psychanalyse, en examinant les ph\u00e9nom\u00e8nes qu&rsquo;elle \u00e9tudie, tels que les r\u00eaves, les lapsus et les actes manqu\u00e9s, ainsi que les probl\u00e8mes qu&rsquo;elle aborde, comme l&rsquo;interpr\u00e9tation des r\u00eaves et la th\u00e9orie des n\u00e9vroses. Il pr\u00e9sente \u00e9galement les notions cl\u00e9s qu&rsquo;elle a d\u00e9velopp\u00e9es, notamment l&rsquo;inconscient, la libido et le transfert. Cette traduction a \u00e9t\u00e9 enti\u00e8rement r\u00e9vis\u00e9e par Olivier Mannoni.<\/p>\n<\/div>\n<\/div>\n<\/div>\n<\/div>\n<\/div>\n<\/div>\n<\/div>\n<\/div>\n","protected":false},"excerpt":{"rendered":"<p>Freud explore psychanalyse 1915-1917, exposant r\u00eaves, lapsus, inconscient, r\u00e9vis\u00e9 par Olivier Mannoni. R\u00e9volution psychanalytique clairement expliqu\u00e9e.<\/p>\n","protected":false},"featured_media":15269,"comment_status":"open","ping_status":"closed","template":"","meta":{"inline_featured_image":false},"product_cat":[204,143],"product_tag":[],"class_list":{"0":"post-15242","1":"product","2":"type-product","3":"status-publish","4":"has-post-thumbnail","6":"product_cat-francais","7":"product_cat-roman","8":"pa_auteurs-sigmund-feud","10":"first","11":"instock","12":"shipping-taxable","13":"purchasable","14":"product-type-simple"},"_links":{"self":[{"href":"https:\/\/baralivres.ma\/index.php?rest_route=\/wp\/v2\/product\/15242","targetHints":{"allow":["GET"]}}],"collection":[{"href":"https:\/\/baralivres.ma\/index.php?rest_route=\/wp\/v2\/product"}],"about":[{"href":"https:\/\/baralivres.ma\/index.php?rest_route=\/wp\/v2\/types\/product"}],"replies":[{"embeddable":true,"href":"https:\/\/baralivres.ma\/index.php?rest_route=%2Fwp%2Fv2%2Fcomments&post=15242"}],"version-history":[{"count":1,"href":"https:\/\/baralivres.ma\/index.php?rest_route=\/wp\/v2\/product\/15242\/revisions"}],"predecessor-version":[{"id":15273,"href":"https:\/\/baralivres.ma\/index.php?rest_route=\/wp\/v2\/product\/15242\/revisions\/15273"}],"wp:featuredmedia":[{"embeddable":true,"href":"https:\/\/baralivres.ma\/index.php?rest_route=\/wp\/v2\/media\/15269"}],"wp:attachment":[{"href":"https:\/\/baralivres.ma\/index.php?rest_route=%2Fwp%2Fv2%2Fmedia&parent=15242"}],"wp:term":[{"taxonomy":"product_cat","embeddable":true,"href":"https:\/\/baralivres.ma\/index.php?rest_route=%2Fwp%2Fv2%2Fproduct_cat&post=15242"},{"taxonomy":"product_tag","embeddable":true,"href":"https:\/\/baralivres.ma\/index.php?rest_route=%2Fwp%2Fv2%2Fproduct_tag&post=15242"}],"curies":[{"name":"wp","href":"https:\/\/api.w.org\/{rel}","templated":true}]}}