{"id":15237,"date":"2023-10-27T14:10:27","date_gmt":"2023-10-27T13:10:27","guid":{"rendered":"https:\/\/baralivres.ma\/?post_type=product&#038;p=15237"},"modified":"2023-10-27T14:10:28","modified_gmt":"2023-10-27T13:10:28","slug":"lassassin-royal-le-prophete-blanc-tome-7-lassassin-royal","status":"publish","type":"product","link":"https:\/\/baralivres.ma\/?product=lassassin-royal-le-prophete-blanc-tome-7-lassassin-royal","title":{"rendered":"L&rsquo;Assassin royal &#8211; Le proph\u00e8te blanc Tome 7 : L&rsquo;Assassin royal"},"content":{"rendered":"<p>Fitz a fid\u00e8lement rempli son r\u00f4le en tant qu&rsquo;Assassin Royal, servant d&rsquo;abord le roi Subtil, puis le roi V\u00e9rit\u00e9 et la reine Kettricken. Cependant, il a pay\u00e9 un lourd tribut, perdant sa femme et sa fille en cours de route. D\u00e9sormais retir\u00e9 de la cour, il vit paisiblement avec son loup \u0152il-de-Nuit et un jeune orphelin nomm\u00e9 Heur, qu&rsquo;il a pris sous son aile. Son unique d\u00e9sir est de mener une vie tranquille, loin des intrigues de la cour. Cependant, il reste dans la m\u00e9moire de ceux qu&rsquo;il a c\u00f4toy\u00e9s, et des personnes comme Ast\u00e9rie la m\u00e9nestrelle, Umbre son ma\u00eetre assassin, et le myst\u00e9rieux Fou ne d\u00e9sesp\u00e8rent pas de le persuader de retourner \u00e0 la capitale, o\u00f9 de nouveaux dangers menacent une paix r\u00e9cemment acquise mais encore fragile.<\/p>\n","protected":false},"excerpt":{"rendered":"<p>Fitz, ancien Assassin Royal, souhaite une vie paisible, mais d&rsquo;anciens alli\u00e9s veulent son retour pour affronter de nouveaux dangers.<\/p>\n","protected":false},"featured_media":15239,"comment_status":"open","ping_status":"closed","template":"","meta":{"inline_featured_image":false},"product_cat":[204,143],"product_tag":[],"class_list":{"0":"post-15237","1":"product","2":"type-product","3":"status-publish","4":"has-post-thumbnail","6":"product_cat-francais","7":"product_cat-roman","8":"pa_auteurs-robin-hobb","10":"first","11":"instock","12":"shipping-taxable","13":"purchasable","14":"product-type-simple"},"_links":{"self":[{"href":"https:\/\/baralivres.ma\/index.php?rest_route=\/wp\/v2\/product\/15237","targetHints":{"allow":["GET"]}}],"collection":[{"href":"https:\/\/baralivres.ma\/index.php?rest_route=\/wp\/v2\/product"}],"about":[{"href":"https:\/\/baralivres.ma\/index.php?rest_route=\/wp\/v2\/types\/product"}],"replies":[{"embeddable":true,"href":"https:\/\/baralivres.ma\/index.php?rest_route=%2Fwp%2Fv2%2Fcomments&post=15237"}],"version-history":[{"count":1,"href":"https:\/\/baralivres.ma\/index.php?rest_route=\/wp\/v2\/product\/15237\/revisions"}],"predecessor-version":[{"id":15240,"href":"https:\/\/baralivres.ma\/index.php?rest_route=\/wp\/v2\/product\/15237\/revisions\/15240"}],"wp:featuredmedia":[{"embeddable":true,"href":"https:\/\/baralivres.ma\/index.php?rest_route=\/wp\/v2\/media\/15239"}],"wp:attachment":[{"href":"https:\/\/baralivres.ma\/index.php?rest_route=%2Fwp%2Fv2%2Fmedia&parent=15237"}],"wp:term":[{"taxonomy":"product_cat","embeddable":true,"href":"https:\/\/baralivres.ma\/index.php?rest_route=%2Fwp%2Fv2%2Fproduct_cat&post=15237"},{"taxonomy":"product_tag","embeddable":true,"href":"https:\/\/baralivres.ma\/index.php?rest_route=%2Fwp%2Fv2%2Fproduct_tag&post=15237"}],"curies":[{"name":"wp","href":"https:\/\/api.w.org\/{rel}","templated":true}]}}