{"id":15230,"date":"2023-10-27T13:58:56","date_gmt":"2023-10-27T12:58:56","guid":{"rendered":"https:\/\/baralivres.ma\/?post_type=product&#038;p=15230"},"modified":"2023-10-27T13:58:56","modified_gmt":"2023-10-27T12:58:56","slug":"lassassin-royal-la-nef-du-crepuscule-tome-3-lassassin-royal","status":"publish","type":"product","link":"https:\/\/baralivres.ma\/?product=lassassin-royal-la-nef-du-crepuscule-tome-3-lassassin-royal","title":{"rendered":"L&rsquo;Assassin royal &#8211; La nef du cr\u00e9puscule Tome 3 : L&rsquo;Assassin royal"},"content":{"rendered":"<p>Le Royaume des Six-Duch\u00e9s se trouve dans une situation critique, subissant l&rsquo;oppression de l&rsquo;envahisseur. Les navires de guerre ne parviennent plus \u00e0 maintenir les pirates \u00e0 distance, et des divisions surgissent entre les duch\u00e9s c\u00f4tiers, qui subissent les attaques ennemies, et ceux de l&rsquo;int\u00e9rieur qui montrent peu d&rsquo;int\u00e9r\u00eat pour leur sort. La cour royale elle-m\u00eame est plong\u00e9e dans l&rsquo;intrigue et la tromperie, devenant un th\u00e9\u00e2tre de marionnettes. Face \u00e0 cette situation d\u00e9sesp\u00e9r\u00e9e, le prince V\u00e9rit\u00e9 prend la d\u00e9cision audacieuse de partir en qu\u00eate des Anciens, dans l&rsquo;espoir de leur rappeler leur serment d&rsquo;assister le royaume dans ses heures les plus sombres.<\/p>\n","protected":false},"excerpt":{"rendered":"<p>Royaume Six-Duch\u00e9s en crise, envahisseurs, pirates, divisions, cour corrompue, Prince V\u00e9rit\u00e9 cherche l&rsquo;aide des Anciens.<\/p>\n","protected":false},"featured_media":15231,"comment_status":"open","ping_status":"closed","template":"","meta":{"inline_featured_image":false},"product_cat":[204,143],"product_tag":[],"class_list":{"0":"post-15230","1":"product","2":"type-product","3":"status-publish","4":"has-post-thumbnail","6":"product_cat-francais","7":"product_cat-roman","8":"pa_auteurs-robin-hobb","10":"first","11":"instock","12":"shipping-taxable","13":"purchasable","14":"product-type-simple"},"_links":{"self":[{"href":"https:\/\/baralivres.ma\/index.php?rest_route=\/wp\/v2\/product\/15230","targetHints":{"allow":["GET"]}}],"collection":[{"href":"https:\/\/baralivres.ma\/index.php?rest_route=\/wp\/v2\/product"}],"about":[{"href":"https:\/\/baralivres.ma\/index.php?rest_route=\/wp\/v2\/types\/product"}],"replies":[{"embeddable":true,"href":"https:\/\/baralivres.ma\/index.php?rest_route=%2Fwp%2Fv2%2Fcomments&post=15230"}],"version-history":[{"count":1,"href":"https:\/\/baralivres.ma\/index.php?rest_route=\/wp\/v2\/product\/15230\/revisions"}],"predecessor-version":[{"id":15232,"href":"https:\/\/baralivres.ma\/index.php?rest_route=\/wp\/v2\/product\/15230\/revisions\/15232"}],"wp:featuredmedia":[{"embeddable":true,"href":"https:\/\/baralivres.ma\/index.php?rest_route=\/wp\/v2\/media\/15231"}],"wp:attachment":[{"href":"https:\/\/baralivres.ma\/index.php?rest_route=%2Fwp%2Fv2%2Fmedia&parent=15230"}],"wp:term":[{"taxonomy":"product_cat","embeddable":true,"href":"https:\/\/baralivres.ma\/index.php?rest_route=%2Fwp%2Fv2%2Fproduct_cat&post=15230"},{"taxonomy":"product_tag","embeddable":true,"href":"https:\/\/baralivres.ma\/index.php?rest_route=%2Fwp%2Fv2%2Fproduct_tag&post=15230"}],"curies":[{"name":"wp","href":"https:\/\/api.w.org\/{rel}","templated":true}]}}