{"id":15227,"date":"2023-10-27T13:55:14","date_gmt":"2023-10-27T12:55:14","guid":{"rendered":"https:\/\/baralivres.ma\/?post_type=product&#038;p=15227"},"modified":"2023-10-27T13:55:14","modified_gmt":"2023-10-27T12:55:14","slug":"lassassin-royal-premiere-epoque-tome-1-lassassin-royal","status":"publish","type":"product","link":"https:\/\/baralivres.ma\/?product=lassassin-royal-premiere-epoque-tome-1-lassassin-royal","title":{"rendered":"L&rsquo;Assassin royal &#8211; Premi\u00e8re \u00e9poque Tome 1 : L&rsquo;Assassin royal"},"content":{"rendered":"<p>Fitz, le fils ill\u00e9gitime du prince chevalier, est \u00e9lev\u00e9 \u00e0 l&rsquo;ombre de la puissante forteresse de Castelcerf. Le roi, rus\u00e9 et ambitieux, a l&rsquo;intention d&rsquo;en faire son assassin personnel. Cependant, pour survivre et avant m\u00eame de ma\u00eetriser l&rsquo;art de l&rsquo;escrime, Fitz doit acqu\u00e9rir une compr\u00e9hension approfondie des intrigues politiques qui se trament.<\/p>\n","protected":false},"excerpt":{"rendered":"<p>Fitz, prince chevalerie b\u00e2tard, \u00e9lev\u00e9 \u00e0 Castelcerf, devient assassin du roi en ma\u00eetrisant la politique et l&rsquo;\u00e9p\u00e9e.<\/p>\n","protected":false},"featured_media":15228,"comment_status":"open","ping_status":"closed","template":"","meta":{"inline_featured_image":false},"product_cat":[204,143],"product_tag":[],"class_list":{"0":"post-15227","1":"product","2":"type-product","3":"status-publish","4":"has-post-thumbnail","6":"product_cat-francais","7":"product_cat-roman","8":"pa_auteurs-robin-hobb","10":"first","11":"instock","12":"shipping-taxable","13":"purchasable","14":"product-type-simple"},"_links":{"self":[{"href":"https:\/\/baralivres.ma\/index.php?rest_route=\/wp\/v2\/product\/15227","targetHints":{"allow":["GET"]}}],"collection":[{"href":"https:\/\/baralivres.ma\/index.php?rest_route=\/wp\/v2\/product"}],"about":[{"href":"https:\/\/baralivres.ma\/index.php?rest_route=\/wp\/v2\/types\/product"}],"replies":[{"embeddable":true,"href":"https:\/\/baralivres.ma\/index.php?rest_route=%2Fwp%2Fv2%2Fcomments&post=15227"}],"version-history":[{"count":1,"href":"https:\/\/baralivres.ma\/index.php?rest_route=\/wp\/v2\/product\/15227\/revisions"}],"predecessor-version":[{"id":15229,"href":"https:\/\/baralivres.ma\/index.php?rest_route=\/wp\/v2\/product\/15227\/revisions\/15229"}],"wp:featuredmedia":[{"embeddable":true,"href":"https:\/\/baralivres.ma\/index.php?rest_route=\/wp\/v2\/media\/15228"}],"wp:attachment":[{"href":"https:\/\/baralivres.ma\/index.php?rest_route=%2Fwp%2Fv2%2Fmedia&parent=15227"}],"wp:term":[{"taxonomy":"product_cat","embeddable":true,"href":"https:\/\/baralivres.ma\/index.php?rest_route=%2Fwp%2Fv2%2Fproduct_cat&post=15227"},{"taxonomy":"product_tag","embeddable":true,"href":"https:\/\/baralivres.ma\/index.php?rest_route=%2Fwp%2Fv2%2Fproduct_tag&post=15227"}],"curies":[{"name":"wp","href":"https:\/\/api.w.org\/{rel}","templated":true}]}}