{"id":15221,"date":"2023-10-27T13:45:27","date_gmt":"2023-10-27T12:45:27","guid":{"rendered":"https:\/\/baralivres.ma\/?post_type=product&#038;p=15221"},"modified":"2023-10-27T13:45:27","modified_gmt":"2023-10-27T12:45:27","slug":"la-carte-et-le-territoire","status":"publish","type":"product","link":"https:\/\/baralivres.ma\/?product=la-carte-et-le-territoire","title":{"rendered":"La carte et le territoire"},"content":{"rendered":"<p>Si Jed Martin, le protagoniste de cette histoire, devait vous la raconter, il commencerait par \u00e9voquer un probl\u00e8me de chauffe-eau. Ou bien il parlerait de son p\u00e8re, un architecte c\u00e9l\u00e8bre et engag\u00e9, avec qui il a pass\u00e9 de nombreux r\u00e9veillons de No\u00ebl en t\u00eate-\u00e0-t\u00eate. Il vous raconterait sa rencontre avec Olga, une superbe Russe, lors de sa premi\u00e8re exposition de photographies bas\u00e9es sur des cartes routi\u00e8res Michelin, avec l&rsquo;id\u00e9e que \u00ab\u00a0la carte est plus int\u00e9ressante que le territoire\u00a0\u00bb. Avant de conna\u00eetre une renomm\u00e9e mondiale gr\u00e2ce \u00e0 sa s\u00e9rie de portraits intitul\u00e9e \u00ab\u00a0les m\u00e9tiers\u00a0\u00bb, o\u00f9 il photographie des personnalit\u00e9s de tous horizons, dont l&rsquo;\u00e9crivain Michel Houellebecq. Il expliquerait \u00e9galement comment il a contribu\u00e9 \u00e0 aider le commissaire Jasselin \u00e0 r\u00e9soudre une affaire criminelle des plus horribles. Les th\u00e8mes abord\u00e9s dans ce roman, \u00e0 la fois classique et r\u00e9solument moderne, englobent l&rsquo;art, l&rsquo;argent, l&rsquo;amour, les relations avec le p\u00e8re, la mort, le travail, ainsi que la transformation de la France en une destination touristique pris\u00e9e<\/p>\n","protected":false},"excerpt":{"rendered":"<p>Jed Martin, artiste photographe, \u00e9voque art, famille, succ\u00e8s mondial, crime, amour, travail, et la France touristique.<\/p>\n","protected":false},"featured_media":15223,"comment_status":"open","ping_status":"closed","template":"","meta":{"inline_featured_image":false},"product_cat":[204,143],"product_tag":[],"class_list":{"0":"post-15221","1":"product","2":"type-product","3":"status-publish","4":"has-post-thumbnail","6":"product_cat-francais","7":"product_cat-roman","8":"pa_auteurs-michel-houllebcq","10":"first","11":"instock","12":"shipping-taxable","13":"purchasable","14":"product-type-simple"},"_links":{"self":[{"href":"https:\/\/baralivres.ma\/index.php?rest_route=\/wp\/v2\/product\/15221","targetHints":{"allow":["GET"]}}],"collection":[{"href":"https:\/\/baralivres.ma\/index.php?rest_route=\/wp\/v2\/product"}],"about":[{"href":"https:\/\/baralivres.ma\/index.php?rest_route=\/wp\/v2\/types\/product"}],"replies":[{"embeddable":true,"href":"https:\/\/baralivres.ma\/index.php?rest_route=%2Fwp%2Fv2%2Fcomments&post=15221"}],"version-history":[{"count":1,"href":"https:\/\/baralivres.ma\/index.php?rest_route=\/wp\/v2\/product\/15221\/revisions"}],"predecessor-version":[{"id":15222,"href":"https:\/\/baralivres.ma\/index.php?rest_route=\/wp\/v2\/product\/15221\/revisions\/15222"}],"wp:featuredmedia":[{"embeddable":true,"href":"https:\/\/baralivres.ma\/index.php?rest_route=\/wp\/v2\/media\/15223"}],"wp:attachment":[{"href":"https:\/\/baralivres.ma\/index.php?rest_route=%2Fwp%2Fv2%2Fmedia&parent=15221"}],"wp:term":[{"taxonomy":"product_cat","embeddable":true,"href":"https:\/\/baralivres.ma\/index.php?rest_route=%2Fwp%2Fv2%2Fproduct_cat&post=15221"},{"taxonomy":"product_tag","embeddable":true,"href":"https:\/\/baralivres.ma\/index.php?rest_route=%2Fwp%2Fv2%2Fproduct_tag&post=15221"}],"curies":[{"name":"wp","href":"https:\/\/api.w.org\/{rel}","templated":true}]}}