{"id":15218,"date":"2023-10-27T13:40:34","date_gmt":"2023-10-27T12:40:34","guid":{"rendered":"https:\/\/baralivres.ma\/?post_type=product&#038;p=15218"},"modified":"2023-10-27T13:40:35","modified_gmt":"2023-10-27T12:40:35","slug":"les-particules-elementaires","status":"publish","type":"product","link":"https:\/\/baralivres.ma\/?product=les-particules-elementaires","title":{"rendered":"Les particules \u00e9l\u00e9mentaires"},"content":{"rendered":"<p>Michel, chercheur en biologie rigoureusement d\u00e9terministe, incapable d&rsquo;aimer, g\u00e8re le d\u00e9clin de sa sexualit\u00e9 en se consacrant au travail, \u00e0 son Monoprix et aux tranquillisants. Une ann\u00e9e sabbatique donne \u00e0 ses d\u00e9couvertes un tour qui bouleversera la face du monde. Bruno, de son c\u00f4t\u00e9, s&rsquo;acharne en une qu\u00eate d\u00e9sesp\u00e9r\u00e9e du plaisir sexuel. Un s\u00e9jour au \u00ab\u00a0Lieu du Changement\u00a0\u00bb, camping post-soixante-huitard tendance New Age, changera-t-il sa vie ? Un soir, une inconnue \u00e0 la bouche hardie lui fait entrevoir la possibilit\u00e9 pratique du bonheur. Par leur parcours familial et sentimental chaotique, les deux demi-fr\u00e8res illustrent de mani\u00e8re exemplaire la soci\u00e9t\u00e9 d&rsquo;aujourd&rsquo;hui et la qu\u00eate complexe de l&rsquo;amour vrai.<\/p>\n","protected":false},"excerpt":{"rendered":"<p>Michel, deterministic biologist, seeks solace in work, while Bruno&rsquo;s quest for sexual pleasure leads to transformation.<\/p>\n","protected":false},"featured_media":15219,"comment_status":"open","ping_status":"closed","template":"","meta":{"inline_featured_image":false},"product_cat":[204,143],"product_tag":[],"class_list":{"0":"post-15218","1":"product","2":"type-product","3":"status-publish","4":"has-post-thumbnail","6":"product_cat-francais","7":"product_cat-roman","8":"pa_auteurs-michel-houllebcq","10":"first","11":"instock","12":"shipping-taxable","13":"purchasable","14":"product-type-simple"},"_links":{"self":[{"href":"https:\/\/baralivres.ma\/index.php?rest_route=\/wp\/v2\/product\/15218","targetHints":{"allow":["GET"]}}],"collection":[{"href":"https:\/\/baralivres.ma\/index.php?rest_route=\/wp\/v2\/product"}],"about":[{"href":"https:\/\/baralivres.ma\/index.php?rest_route=\/wp\/v2\/types\/product"}],"replies":[{"embeddable":true,"href":"https:\/\/baralivres.ma\/index.php?rest_route=%2Fwp%2Fv2%2Fcomments&post=15218"}],"version-history":[{"count":1,"href":"https:\/\/baralivres.ma\/index.php?rest_route=\/wp\/v2\/product\/15218\/revisions"}],"predecessor-version":[{"id":15220,"href":"https:\/\/baralivres.ma\/index.php?rest_route=\/wp\/v2\/product\/15218\/revisions\/15220"}],"wp:featuredmedia":[{"embeddable":true,"href":"https:\/\/baralivres.ma\/index.php?rest_route=\/wp\/v2\/media\/15219"}],"wp:attachment":[{"href":"https:\/\/baralivres.ma\/index.php?rest_route=%2Fwp%2Fv2%2Fmedia&parent=15218"}],"wp:term":[{"taxonomy":"product_cat","embeddable":true,"href":"https:\/\/baralivres.ma\/index.php?rest_route=%2Fwp%2Fv2%2Fproduct_cat&post=15218"},{"taxonomy":"product_tag","embeddable":true,"href":"https:\/\/baralivres.ma\/index.php?rest_route=%2Fwp%2Fv2%2Fproduct_tag&post=15218"}],"curies":[{"name":"wp","href":"https:\/\/api.w.org\/{rel}","templated":true}]}}