{"id":15209,"date":"2023-10-27T13:07:38","date_gmt":"2023-10-27T12:07:38","guid":{"rendered":"https:\/\/baralivres.ma\/?post_type=product&#038;p=15209"},"modified":"2023-10-27T13:07:38","modified_gmt":"2023-10-27T12:07:38","slug":"le-chemin-des-estives","status":"publish","type":"product","link":"https:\/\/baralivres.ma\/?product=le-chemin-des-estives","title":{"rendered":"Le chemin des estives"},"content":{"rendered":"<p>\u00ab\u00a0Alors que certains cherchent le bonheur dans des contr\u00e9es lointaines comme la Sib\u00e9rie ou l&rsquo;Alaska, ma qu\u00eate me conduit vers des destinations bien plus proches, telles qu&rsquo;Aubusson, Saint-Flour, et le plateau de Millevaches. Je me consid\u00e8re comme un aventurier des r\u00e9gions m\u00e9connues de la France, un explorateur des petites sous-pr\u00e9fectures. Sans un sou en poche, je mise sur la bienveillance des personnes pour entreprendre un voyage qui m&rsquo;\u00e9loigne de la ville et de la modernit\u00e9, afin de renouer avec l&rsquo;essentiel. Mon escapade consiste en une marche de sept cents kilom\u00e8tres \u00e0 travers les d\u00e9serts du Massif central, empruntant le chemin des estives. Le r\u00e9cit de cette aventure est une c\u00e9l\u00e9bration de la fuite, de la libert\u00e9, et de la qu\u00eate spirituelle. Au cours de mon p\u00e9riple, je croise des figures telles que Rimbaud et Charles de Foucauld, ainsi que des individus marquants, des volcans majestueux, et des paisibles vaches. \u00c0 mesure que les pages se tournent, une v\u00e9rit\u00e9 s&rsquo;impose : le bonheur est \u00e0 port\u00e9e de main, il suffit de placer sa confiance en autrui et d&rsquo;ouvrir grand les yeux.\u00a0\u00bb<\/p>\n","protected":false},"excerpt":{"rendered":"<p>Un jeune aspirant j\u00e9suite marche 700 km \u00e0 travers le Massif central \u00e0 la recherche du bonheur.<\/p>\n","protected":false},"featured_media":15210,"comment_status":"open","ping_status":"closed","template":"","meta":{"inline_featured_image":false},"product_cat":[204,143],"product_tag":[],"class_list":{"0":"post-15209","1":"product","2":"type-product","3":"status-publish","4":"has-post-thumbnail","6":"product_cat-francais","7":"product_cat-roman","8":"pa_auteurs-charles-wright","10":"first","11":"instock","12":"shipping-taxable","13":"purchasable","14":"product-type-simple"},"_links":{"self":[{"href":"https:\/\/baralivres.ma\/index.php?rest_route=\/wp\/v2\/product\/15209","targetHints":{"allow":["GET"]}}],"collection":[{"href":"https:\/\/baralivres.ma\/index.php?rest_route=\/wp\/v2\/product"}],"about":[{"href":"https:\/\/baralivres.ma\/index.php?rest_route=\/wp\/v2\/types\/product"}],"replies":[{"embeddable":true,"href":"https:\/\/baralivres.ma\/index.php?rest_route=%2Fwp%2Fv2%2Fcomments&post=15209"}],"version-history":[{"count":1,"href":"https:\/\/baralivres.ma\/index.php?rest_route=\/wp\/v2\/product\/15209\/revisions"}],"predecessor-version":[{"id":15211,"href":"https:\/\/baralivres.ma\/index.php?rest_route=\/wp\/v2\/product\/15209\/revisions\/15211"}],"wp:featuredmedia":[{"embeddable":true,"href":"https:\/\/baralivres.ma\/index.php?rest_route=\/wp\/v2\/media\/15210"}],"wp:attachment":[{"href":"https:\/\/baralivres.ma\/index.php?rest_route=%2Fwp%2Fv2%2Fmedia&parent=15209"}],"wp:term":[{"taxonomy":"product_cat","embeddable":true,"href":"https:\/\/baralivres.ma\/index.php?rest_route=%2Fwp%2Fv2%2Fproduct_cat&post=15209"},{"taxonomy":"product_tag","embeddable":true,"href":"https:\/\/baralivres.ma\/index.php?rest_route=%2Fwp%2Fv2%2Fproduct_tag&post=15209"}],"curies":[{"name":"wp","href":"https:\/\/api.w.org\/{rel}","templated":true}]}}