{"id":15206,"date":"2023-10-27T14:13:12","date_gmt":"2023-10-27T13:13:12","guid":{"rendered":"https:\/\/baralivres.ma\/?post_type=product&#038;p=15206"},"modified":"2023-10-27T14:13:12","modified_gmt":"2023-10-27T13:13:12","slug":"je-laimais","status":"publish","type":"product","link":"https:\/\/baralivres.ma\/?product=je-laimais","title":{"rendered":"Je l&rsquo;aimais"},"content":{"rendered":"<p>\u00ab\u00a0On triche, on arrange les choses, on garde notre petite faiblesse \u00e0 nos c\u00f4t\u00e9s comme un animal de compagnie. On la dorlote, on la domestique, on s&rsquo;y attache. C&rsquo;est la r\u00e9alit\u00e9 de la vie. Il y a les vaillants et puis ceux qui s&rsquo;adaptent. S&rsquo;adapter est tellement moins \u00e9puisant&#8230; Est-il moralement justifiable de quitter sa famille, sa femme et ses enfants, simplement parce qu&rsquo;on r\u00e9alise tardivement que l&rsquo;on a peut-\u00eatre fait une erreur ? Adrien a pris cette d\u00e9cision. Chlo\u00e9 et leurs deux filles en sont encore sous le choc. Le p\u00e8re d&rsquo;Adrien apporte un r\u00e9confort \u00e0 la jeune femme, \u00e0 sa mani\u00e8re : au lieu de condamner son fils, il semble plut\u00f4t l&rsquo;admirer pour son geste, m\u00eame s&rsquo;il est \u00e9go\u00efste. Lui-m\u00eame n&rsquo;a jamais \u00e9t\u00e9 capable d&rsquo;un tel courage. Au cours d&rsquo;une conversation \u00e9mouvante, il partage avec sa belle-fille l&rsquo;histoire de sa propre l\u00e2chet\u00e9 pass\u00e9e, lorsqu&rsquo;il a pr\u00e9f\u00e9r\u00e9 sauvegarder sa propre vie au d\u00e9triment de tout le reste.\u00a0\u00bb<\/p>\n","protected":false},"excerpt":{"rendered":"<p>Adrien quitte sa famille, admir\u00e9 par son p\u00e8re regrettant ses choix pass\u00e9s l\u00e2ches et \u00e9go\u00efstes.<\/p>\n","protected":false},"featured_media":15243,"comment_status":"open","ping_status":"closed","template":"","meta":{"inline_featured_image":false},"product_cat":[204,143],"product_tag":[],"class_list":{"0":"post-15206","1":"product","2":"type-product","3":"status-publish","4":"has-post-thumbnail","6":"product_cat-francais","7":"product_cat-roman","8":"pa_auteurs-anna-gavalda","10":"first","11":"instock","12":"shipping-taxable","13":"purchasable","14":"product-type-simple"},"_links":{"self":[{"href":"https:\/\/baralivres.ma\/index.php?rest_route=\/wp\/v2\/product\/15206","targetHints":{"allow":["GET"]}}],"collection":[{"href":"https:\/\/baralivres.ma\/index.php?rest_route=\/wp\/v2\/product"}],"about":[{"href":"https:\/\/baralivres.ma\/index.php?rest_route=\/wp\/v2\/types\/product"}],"replies":[{"embeddable":true,"href":"https:\/\/baralivres.ma\/index.php?rest_route=%2Fwp%2Fv2%2Fcomments&post=15206"}],"version-history":[{"count":1,"href":"https:\/\/baralivres.ma\/index.php?rest_route=\/wp\/v2\/product\/15206\/revisions"}],"predecessor-version":[{"id":15244,"href":"https:\/\/baralivres.ma\/index.php?rest_route=\/wp\/v2\/product\/15206\/revisions\/15244"}],"wp:featuredmedia":[{"embeddable":true,"href":"https:\/\/baralivres.ma\/index.php?rest_route=\/wp\/v2\/media\/15243"}],"wp:attachment":[{"href":"https:\/\/baralivres.ma\/index.php?rest_route=%2Fwp%2Fv2%2Fmedia&parent=15206"}],"wp:term":[{"taxonomy":"product_cat","embeddable":true,"href":"https:\/\/baralivres.ma\/index.php?rest_route=%2Fwp%2Fv2%2Fproduct_cat&post=15206"},{"taxonomy":"product_tag","embeddable":true,"href":"https:\/\/baralivres.ma\/index.php?rest_route=%2Fwp%2Fv2%2Fproduct_tag&post=15206"}],"curies":[{"name":"wp","href":"https:\/\/api.w.org\/{rel}","templated":true}]}}