{"id":15202,"date":"2023-10-27T13:00:12","date_gmt":"2023-10-27T12:00:12","guid":{"rendered":"https:\/\/baralivres.ma\/?post_type=product&#038;p=15202"},"modified":"2023-10-27T14:10:09","modified_gmt":"2023-10-27T13:10:09","slug":"cinq-psychanalyses","status":"publish","type":"product","link":"https:\/\/baralivres.ma\/?product=cinq-psychanalyses","title":{"rendered":"Cinq psychanalyses"},"content":{"rendered":"<div class=\"group w-full text-token-text-primary border-b border-black\/10 gizmo:border-0 dark:border-gray-900\/50 gizmo:dark:border-0 bg-gray-50 gizmo:bg-transparent dark:bg-[#444654] gizmo:dark:bg-transparent\" data-testid=\"conversation-turn-141\">\n<div class=\"p-4 gizmo:py-2 justify-center text-base md:gap-6 md:py-6 m-auto\">\n<div class=\"flex flex-1 gap-4 text-base mx-auto md:gap-6 gizmo:gap-3 gizmo:md:px-5 gizmo:lg:px-1 gizmo:xl:px-5 md:max-w-2xl lg:max-w-[38rem] gizmo:md:max-w-3xl gizmo:lg:max-w-[40rem] gizmo:xl:max-w-[48rem] xl:max-w-3xl }\">\n<div class=\"relative flex w-[calc(100%-50px)] flex-col gizmo:w-full lg:w-[calc(100%-115px)] agent-turn\">\n<div class=\"flex-col gap-1 md:gap-3\">\n<div class=\"flex flex-grow flex-col gap-3 max-w-full\">\n<div class=\"min-h-[20px] flex flex-col items-start gap-3 whitespace-pre-wrap break-words overflow-x-auto\" data-message-author-role=\"assistant\" data-message-id=\"c962e8bb-401f-4500-ae56-c86e92f243e7\">\n<div class=\"markdown prose w-full break-words dark:prose-invert light\">\n<p>Au d\u00e9but de la psychanalyse, Sigmund Freud se penche sur cinq c\u00e9l\u00e8bres cas : \u00ab\u00a0Dora,\u00a0\u00bb \u00ab\u00a0Le Petit Hans,\u00a0\u00bb \u00ab\u00a0L&rsquo;Homme aux rats,\u00a0\u00bb \u00ab\u00a0Le Pr\u00e9sident Schreber,\u00a0\u00bb et \u00ab\u00a0L&rsquo;Homme aux loups.\u00a0\u00bb Ces \u00e9tudes cliniques mettent en lumi\u00e8re des concepts cl\u00e9s : l&rsquo;hyst\u00e9rie, la phobie, l&rsquo;obsession, la castration, la parano\u00efa. Rassembl\u00e9s dans son ouvrage publi\u00e9 en 1935, ces cas captivants ont influenc\u00e9 et inspir\u00e9 de nombreux th\u00e9rapeutes et \u00e9tudiants gr\u00e2ce \u00e0 leur r\u00e9cit puissant.<\/p>\n<\/div>\n<\/div>\n<\/div>\n<div class=\"flex justify-between empty:hidden gizmo:justify-start gizmo:gap-3 lg:block gizmo:lg:flex\">\n<div class=\"text-gray-400 flex self-end lg:self-center justify-center gizmo:lg:justify-start mt-2 gizmo:mt-0 visible lg:gap-1 lg:absolute lg:top-0 lg:translate-x-full lg:right-0 lg:mt-0 lg:pl-2 gap-2 md:gap-3\">\n<p>&nbsp;<\/p>\n<div class=\"flex gap-1\"><\/div>\n<\/div>\n<\/div>\n<\/div>\n<\/div>\n<\/div>\n<\/div>\n<\/div>\n","protected":false},"excerpt":{"rendered":"<p>Freud explore cinq cas cliniques embl\u00e9matiques, d\u00e9voilant des concepts psychanalytiques cl\u00e9s dans un ouvrage influent.<\/p>\n","protected":false},"featured_media":15204,"comment_status":"open","ping_status":"closed","template":"","meta":{"inline_featured_image":false},"product_cat":[204,143],"product_tag":[],"class_list":{"0":"post-15202","1":"product","2":"type-product","3":"status-publish","4":"has-post-thumbnail","6":"product_cat-francais","7":"product_cat-roman","8":"pa_auteurs-sigmund-feud","10":"first","11":"instock","12":"shipping-taxable","13":"purchasable","14":"product-type-simple"},"_links":{"self":[{"href":"https:\/\/baralivres.ma\/index.php?rest_route=\/wp\/v2\/product\/15202","targetHints":{"allow":["GET"]}}],"collection":[{"href":"https:\/\/baralivres.ma\/index.php?rest_route=\/wp\/v2\/product"}],"about":[{"href":"https:\/\/baralivres.ma\/index.php?rest_route=\/wp\/v2\/types\/product"}],"replies":[{"embeddable":true,"href":"https:\/\/baralivres.ma\/index.php?rest_route=%2Fwp%2Fv2%2Fcomments&post=15202"}],"version-history":[{"count":2,"href":"https:\/\/baralivres.ma\/index.php?rest_route=\/wp\/v2\/product\/15202\/revisions"}],"predecessor-version":[{"id":15238,"href":"https:\/\/baralivres.ma\/index.php?rest_route=\/wp\/v2\/product\/15202\/revisions\/15238"}],"wp:featuredmedia":[{"embeddable":true,"href":"https:\/\/baralivres.ma\/index.php?rest_route=\/wp\/v2\/media\/15204"}],"wp:attachment":[{"href":"https:\/\/baralivres.ma\/index.php?rest_route=%2Fwp%2Fv2%2Fmedia&parent=15202"}],"wp:term":[{"taxonomy":"product_cat","embeddable":true,"href":"https:\/\/baralivres.ma\/index.php?rest_route=%2Fwp%2Fv2%2Fproduct_cat&post=15202"},{"taxonomy":"product_tag","embeddable":true,"href":"https:\/\/baralivres.ma\/index.php?rest_route=%2Fwp%2Fv2%2Fproduct_tag&post=15202"}],"curies":[{"name":"wp","href":"https:\/\/api.w.org\/{rel}","templated":true}]}}