{"id":15198,"date":"2023-10-27T13:00:47","date_gmt":"2023-10-27T12:00:47","guid":{"rendered":"https:\/\/baralivres.ma\/?post_type=product&#038;p=15198"},"modified":"2023-10-27T13:00:47","modified_gmt":"2023-10-27T12:00:47","slug":"marthe-et-mathilde","status":"publish","type":"product","link":"https:\/\/baralivres.ma\/?product=marthe-et-mathilde","title":{"rendered":"Marthe et Mathilde"},"content":{"rendered":"<p>Les deux femmes de ma vie r\u00e9pondaient aux pr\u00e9noms de Marthe et Mathilde, et une particularit\u00e9 les unissait : leurs noms commen\u00e7aient par les m\u00eames deux lettres. Elles \u00e9taient n\u00e9es en 1902, l&rsquo;une en France et l&rsquo;autre en Allemagne. Leur enfance s&rsquo;\u00e9tait d\u00e9roul\u00e9e en Alsace, avant que la Premi\u00e8re Guerre mondiale ne vienne perturber leur quotidien. Malgr\u00e9 ces circonstances, elles \u00e9taient devenues ins\u00e9parables d\u00e8s leur jeunesse. Leurs chemins avaient \u00e9t\u00e9 marqu\u00e9s par les premiers \u00e9mois, les mariages, les \u00e9preuves, et la venue d&rsquo;enfants. Deux guerres avaient essay\u00e9 de les diviser, mais leur amiti\u00e9 avait r\u00e9sist\u00e9 \u00e0 toutes les \u00e9preuves. Dans cette r\u00e9gion qui avait \u00e9t\u00e9 \u00e0 la fois victorieuse et vaincue au cours de l&rsquo;histoire, ces femmes exceptionnelles avaient d\u00e9montr\u00e9, gr\u00e2ce \u00e0 leur attachement ind\u00e9fectible, qu&rsquo;une v\u00e9ritable paix franco-allemande \u00e9tait r\u00e9alisable. Ce r\u00e9cit, riche en \u00e9v\u00e9nements et empreint de romantisme, nous plonge au c\u0153ur de l&rsquo;histoire d&rsquo;une r\u00e9gion aux mille vies et des grandes trag\u00e9dies du XXe si\u00e8cle.<\/p>\n","protected":false},"excerpt":{"rendered":"<p>Amiti\u00e9 entre Marthe et Mathilde, n\u00e9es en 1902 en Alsace, transcende guerres, unissant France et Allemagne.<\/p>\n","protected":false},"featured_media":15207,"comment_status":"open","ping_status":"closed","template":"","meta":{"inline_featured_image":false},"product_cat":[204,143],"product_tag":[],"class_list":{"0":"post-15198","1":"product","2":"type-product","3":"status-publish","4":"has-post-thumbnail","6":"product_cat-francais","7":"product_cat-roman","8":"pa_auteurs-pascale-hugues","10":"first","11":"instock","12":"shipping-taxable","13":"purchasable","14":"product-type-simple"},"_links":{"self":[{"href":"https:\/\/baralivres.ma\/index.php?rest_route=\/wp\/v2\/product\/15198","targetHints":{"allow":["GET"]}}],"collection":[{"href":"https:\/\/baralivres.ma\/index.php?rest_route=\/wp\/v2\/product"}],"about":[{"href":"https:\/\/baralivres.ma\/index.php?rest_route=\/wp\/v2\/types\/product"}],"replies":[{"embeddable":true,"href":"https:\/\/baralivres.ma\/index.php?rest_route=%2Fwp%2Fv2%2Fcomments&post=15198"}],"version-history":[{"count":1,"href":"https:\/\/baralivres.ma\/index.php?rest_route=\/wp\/v2\/product\/15198\/revisions"}],"predecessor-version":[{"id":15208,"href":"https:\/\/baralivres.ma\/index.php?rest_route=\/wp\/v2\/product\/15198\/revisions\/15208"}],"wp:featuredmedia":[{"embeddable":true,"href":"https:\/\/baralivres.ma\/index.php?rest_route=\/wp\/v2\/media\/15207"}],"wp:attachment":[{"href":"https:\/\/baralivres.ma\/index.php?rest_route=%2Fwp%2Fv2%2Fmedia&parent=15198"}],"wp:term":[{"taxonomy":"product_cat","embeddable":true,"href":"https:\/\/baralivres.ma\/index.php?rest_route=%2Fwp%2Fv2%2Fproduct_cat&post=15198"},{"taxonomy":"product_tag","embeddable":true,"href":"https:\/\/baralivres.ma\/index.php?rest_route=%2Fwp%2Fv2%2Fproduct_tag&post=15198"}],"curies":[{"name":"wp","href":"https:\/\/api.w.org\/{rel}","templated":true}]}}