{"id":15192,"date":"2023-10-27T12:55:50","date_gmt":"2023-10-27T11:55:50","guid":{"rendered":"https:\/\/baralivres.ma\/?post_type=product&#038;p=15192"},"modified":"2023-10-27T12:55:51","modified_gmt":"2023-10-27T11:55:51","slug":"dans-la-gueule-de-lours","status":"publish","type":"product","link":"https:\/\/baralivres.ma\/?product=dans-la-gueule-de-lours","title":{"rendered":"Dans la gueule de l&rsquo;ours"},"content":{"rendered":"<p>Rice Moore, cherchant \u00e0 \u00e9chapper \u00e0 la vengeance d&rsquo;un redoutable cartel de la drogue mexicain auquel il a trahi, se r\u00e9fugie dans une recul\u00e9e r\u00e9serve des Appalaches en Virginie. L\u00e0, il assume le r\u00f4le de gardien forestier pour \u00e9chapper \u00e0 son pass\u00e9 trouble. Cependant, sa tranquillit\u00e9 est perturb\u00e9e lorsque le cadavre d&rsquo;un ours abattu est d\u00e9couvert, laissant planer le doute quant \u00e0 une \u00e9ventuelle activit\u00e9 de braconnage organis\u00e9. Les \u00e9v\u00e9nements prennent une tournure inattendue \u00e0 mesure que d&rsquo;autres ours sont retrouv\u00e9s morts. Rice d\u00e9cide de s&rsquo;associer avec Sara Birkeland, une scientifique qui a pr\u00e9c\u00e9demment occup\u00e9 sa position de gardien, dans le but de d\u00e9masquer les coupables. Cette collaboration risque de mettre en p\u00e9ril son pass\u00e9 et met en lumi\u00e8re un premier roman captivant, entrem\u00ealant action, suspense, et une dimension de protection de l&rsquo;environnement.<\/p>\n","protected":false},"excerpt":{"rendered":"<p>Rice Moore, ex-membre de cartel, devient garde forestier en Virginie, traquant des braconniers pour prot\u00e9ger les ours.<\/p>\n","protected":false},"featured_media":15196,"comment_status":"open","ping_status":"closed","template":"","meta":{"inline_featured_image":false},"product_cat":[204,143],"product_tag":[],"class_list":{"0":"post-15192","1":"product","2":"type-product","3":"status-publish","4":"has-post-thumbnail","6":"product_cat-francais","7":"product_cat-roman","8":"pa_auteurs-james-mclaughlin","10":"first","11":"instock","12":"shipping-taxable","13":"purchasable","14":"product-type-simple"},"_links":{"self":[{"href":"https:\/\/baralivres.ma\/index.php?rest_route=\/wp\/v2\/product\/15192","targetHints":{"allow":["GET"]}}],"collection":[{"href":"https:\/\/baralivres.ma\/index.php?rest_route=\/wp\/v2\/product"}],"about":[{"href":"https:\/\/baralivres.ma\/index.php?rest_route=\/wp\/v2\/types\/product"}],"replies":[{"embeddable":true,"href":"https:\/\/baralivres.ma\/index.php?rest_route=%2Fwp%2Fv2%2Fcomments&post=15192"}],"version-history":[{"count":1,"href":"https:\/\/baralivres.ma\/index.php?rest_route=\/wp\/v2\/product\/15192\/revisions"}],"predecessor-version":[{"id":15197,"href":"https:\/\/baralivres.ma\/index.php?rest_route=\/wp\/v2\/product\/15192\/revisions\/15197"}],"wp:featuredmedia":[{"embeddable":true,"href":"https:\/\/baralivres.ma\/index.php?rest_route=\/wp\/v2\/media\/15196"}],"wp:attachment":[{"href":"https:\/\/baralivres.ma\/index.php?rest_route=%2Fwp%2Fv2%2Fmedia&parent=15192"}],"wp:term":[{"taxonomy":"product_cat","embeddable":true,"href":"https:\/\/baralivres.ma\/index.php?rest_route=%2Fwp%2Fv2%2Fproduct_cat&post=15192"},{"taxonomy":"product_tag","embeddable":true,"href":"https:\/\/baralivres.ma\/index.php?rest_route=%2Fwp%2Fv2%2Fproduct_tag&post=15192"}],"curies":[{"name":"wp","href":"https:\/\/api.w.org\/{rel}","templated":true}]}}