{"id":15191,"date":"2023-10-27T12:56:20","date_gmt":"2023-10-27T11:56:20","guid":{"rendered":"https:\/\/baralivres.ma\/?post_type=product&#038;p=15191"},"modified":"2023-10-27T12:56:55","modified_gmt":"2023-10-27T11:56:55","slug":"respire","status":"publish","type":"product","link":"https:\/\/baralivres.ma\/?product=respire","title":{"rendered":"Respire !"},"content":{"rendered":"<p>\u00ab\u00a0Malo, un virtuose de la finance de 30 ans, prosp\u00e8re dans sa carri\u00e8re, est d\u00e9p\u00each\u00e9 \u00e0 Bangkok pour venir en aide \u00e0 une entreprise en difficult\u00e9. Toutefois, sa vie prend un tournant dramatique lorsque, quelques semaines apr\u00e8s son arriv\u00e9e, il apprend qu&rsquo;il ne lui reste que quelques mois \u00e0 vivre. Au moment o\u00f9 le d\u00e9sespoir s&#8217;empare de lui, une vieille dame lui propose un pacte \u00e9nigmatique : en \u00e9change de trente jours de sa vie, Malo accepte de se lancer dans une s\u00e9rie d&rsquo;exp\u00e9riences qui pourraient potentiellement transformer le cours de son destin. Ainsi, il se lance dans un extraordinaire voyage au c\u0153ur des saveurs et des parfums de la Tha\u00eflande, \u00e0 la recherche de la possible r\u00e9v\u00e9lation de l&rsquo;ultime v\u00e9rit\u00e9. Plus qu&rsquo;un simple roman, ce livre constitue une invitation \u00e0 embrasser la vie qui nous inspire.\u00a0\u00bb<\/p>\n","protected":false},"excerpt":{"rendered":"<p>Malo, thriving finance virtuoso, faces terminal prognosis, embarks on transformative Thai journey through mysterious pact.<\/p>\n","protected":false},"featured_media":15200,"comment_status":"open","ping_status":"closed","template":"","meta":{"inline_featured_image":false},"product_cat":[204,143],"product_tag":[],"class_list":{"0":"post-15191","1":"product","2":"type-product","3":"status-publish","4":"has-post-thumbnail","6":"product_cat-francais","7":"product_cat-roman","8":"pa_auteurs-maud-ankaoua","10":"first","11":"instock","12":"shipping-taxable","13":"purchasable","14":"product-type-simple"},"_links":{"self":[{"href":"https:\/\/baralivres.ma\/index.php?rest_route=\/wp\/v2\/product\/15191","targetHints":{"allow":["GET"]}}],"collection":[{"href":"https:\/\/baralivres.ma\/index.php?rest_route=\/wp\/v2\/product"}],"about":[{"href":"https:\/\/baralivres.ma\/index.php?rest_route=\/wp\/v2\/types\/product"}],"replies":[{"embeddable":true,"href":"https:\/\/baralivres.ma\/index.php?rest_route=%2Fwp%2Fv2%2Fcomments&post=15191"}],"version-history":[{"count":1,"href":"https:\/\/baralivres.ma\/index.php?rest_route=\/wp\/v2\/product\/15191\/revisions"}],"predecessor-version":[{"id":15201,"href":"https:\/\/baralivres.ma\/index.php?rest_route=\/wp\/v2\/product\/15191\/revisions\/15201"}],"wp:featuredmedia":[{"embeddable":true,"href":"https:\/\/baralivres.ma\/index.php?rest_route=\/wp\/v2\/media\/15200"}],"wp:attachment":[{"href":"https:\/\/baralivres.ma\/index.php?rest_route=%2Fwp%2Fv2%2Fmedia&parent=15191"}],"wp:term":[{"taxonomy":"product_cat","embeddable":true,"href":"https:\/\/baralivres.ma\/index.php?rest_route=%2Fwp%2Fv2%2Fproduct_cat&post=15191"},{"taxonomy":"product_tag","embeddable":true,"href":"https:\/\/baralivres.ma\/index.php?rest_route=%2Fwp%2Fv2%2Fproduct_tag&post=15191"}],"curies":[{"name":"wp","href":"https:\/\/api.w.org\/{rel}","templated":true}]}}