{"id":15187,"date":"2023-10-27T12:54:09","date_gmt":"2023-10-27T11:54:09","guid":{"rendered":"https:\/\/baralivres.ma\/?post_type=product&#038;p=15187"},"modified":"2023-10-27T12:54:09","modified_gmt":"2023-10-27T11:54:09","slug":"cinq-lecons-sur-la-psychanalyse","status":"publish","type":"product","link":"https:\/\/baralivres.ma\/?product=cinq-lecons-sur-la-psychanalyse","title":{"rendered":"CINQ LECONS SUR LA PSYCHANALYSE"},"content":{"rendered":"<div class=\"group w-full text-token-text-primary border-b border-black\/10 gizmo:border-0 dark:border-gray-900\/50 gizmo:dark:border-0 bg-gray-50 gizmo:bg-transparent dark:bg-[#444654] gizmo:dark:bg-transparent\" data-testid=\"conversation-turn-139\">\n<div class=\"p-4 gizmo:py-2 justify-center text-base md:gap-6 md:py-6 m-auto\">\n<div class=\"flex flex-1 gap-4 text-base mx-auto md:gap-6 gizmo:gap-3 gizmo:md:px-5 gizmo:lg:px-1 gizmo:xl:px-5 md:max-w-2xl lg:max-w-[38rem] gizmo:md:max-w-3xl gizmo:lg:max-w-[40rem] gizmo:xl:max-w-[48rem] xl:max-w-3xl }\">\n<div class=\"relative flex w-[calc(100%-50px)] flex-col gizmo:w-full lg:w-[calc(100%-115px)] agent-turn\">\n<div class=\"flex-col gap-1 md:gap-3\">\n<div class=\"flex flex-grow flex-col gap-3 max-w-full\">\n<div class=\"min-h-[20px] flex flex-col items-start gap-3 whitespace-pre-wrap break-words overflow-x-auto\" data-message-author-role=\"assistant\" data-message-id=\"90e1040d-8317-483c-8bb2-59eef1eb124d\">\n<div class=\"markdown prose w-full break-words dark:prose-invert light\">\n<p>En septembre 1909, Sigmund Freud s&rsquo;adresse \u00e0 un public non sp\u00e9cialis\u00e9 aux \u00c9tats-Unis lors de cinq conf\u00e9rences. Il y relate de mani\u00e8re accessible les d\u00e9buts de la psychanalyse, initi\u00e9e par le cas d&rsquo;Anna O., tout en introduisant les principaux th\u00e8mes de cette discipline : l&rsquo;interpr\u00e9tation des r\u00eaves, le complexe d&rsquo;\u0152dipe, la sexualit\u00e9 infantile, la nature des n\u00e9vroses, et les raisons pour lesquelles certaines personnes sombrent dans la maladie. Ces \u00ab\u00a0Cinq le\u00e7ons sur la psychanalyse\u00a0\u00bb sont suivies d&rsquo;une \u00ab\u00a0Contribution \u00e0 l&rsquo;histoire du mouvement psychanalytique\u00a0\u00bb o\u00f9 Freud retrace les d\u00e9fis et les r\u00e9sistances rencontr\u00e9s par la psychanalyse lors de ses d\u00e9buts.<\/p>\n<\/div>\n<\/div>\n<\/div>\n<div class=\"flex justify-between empty:hidden gizmo:justify-start gizmo:gap-3 lg:block gizmo:lg:flex\">\n<div class=\"text-gray-400 flex self-end lg:self-center justify-center gizmo:lg:justify-start mt-2 gizmo:mt-0 visible lg:gap-1 lg:absolute lg:top-0 lg:translate-x-full lg:right-0 lg:mt-0 lg:pl-2 gap-2 md:gap-3\"><button class=\"flex ml-auto gizmo:ml-0 gap-2 items-center rounded-md p-1 text-xs gizmo:gap-1.5 gizmo:pl-0 dark:text-gray-400 dark:hover:text-gray-200 disabled:dark:hover:text-gray-400 hover:text-gray-700\"><\/button><\/p>\n<div class=\"flex gap-1\"><\/div>\n<\/div>\n<\/div>\n<\/div>\n<\/div>\n<\/div>\n<\/div>\n<\/div>\n","protected":false},"excerpt":{"rendered":"<p>En septembre 1909, Sigmund Freud donne cinq conf\u00e9rences aux \u00c9tats-Unis, exposant les origines et concepts majeurs de la psychanalyse. Un essai sur l&rsquo;histoire du mouvement psychanalytique suit.<\/p>\n","protected":false},"featured_media":15193,"comment_status":"open","ping_status":"closed","template":"","meta":{"inline_featured_image":false},"product_cat":[204,143],"product_tag":[],"class_list":{"0":"post-15187","1":"product","2":"type-product","3":"status-publish","4":"has-post-thumbnail","6":"product_cat-francais","7":"product_cat-roman","8":"pa_auteurs-sigmund-feud","10":"first","11":"instock","12":"shipping-taxable","13":"purchasable","14":"product-type-simple"},"_links":{"self":[{"href":"https:\/\/baralivres.ma\/index.php?rest_route=\/wp\/v2\/product\/15187","targetHints":{"allow":["GET"]}}],"collection":[{"href":"https:\/\/baralivres.ma\/index.php?rest_route=\/wp\/v2\/product"}],"about":[{"href":"https:\/\/baralivres.ma\/index.php?rest_route=\/wp\/v2\/types\/product"}],"replies":[{"embeddable":true,"href":"https:\/\/baralivres.ma\/index.php?rest_route=%2Fwp%2Fv2%2Fcomments&post=15187"}],"version-history":[{"count":2,"href":"https:\/\/baralivres.ma\/index.php?rest_route=\/wp\/v2\/product\/15187\/revisions"}],"predecessor-version":[{"id":15203,"href":"https:\/\/baralivres.ma\/index.php?rest_route=\/wp\/v2\/product\/15187\/revisions\/15203"}],"wp:featuredmedia":[{"embeddable":true,"href":"https:\/\/baralivres.ma\/index.php?rest_route=\/wp\/v2\/media\/15193"}],"wp:attachment":[{"href":"https:\/\/baralivres.ma\/index.php?rest_route=%2Fwp%2Fv2%2Fmedia&parent=15187"}],"wp:term":[{"taxonomy":"product_cat","embeddable":true,"href":"https:\/\/baralivres.ma\/index.php?rest_route=%2Fwp%2Fv2%2Fproduct_cat&post=15187"},{"taxonomy":"product_tag","embeddable":true,"href":"https:\/\/baralivres.ma\/index.php?rest_route=%2Fwp%2Fv2%2Fproduct_tag&post=15187"}],"curies":[{"name":"wp","href":"https:\/\/api.w.org\/{rel}","templated":true}]}}