{"id":15179,"date":"2023-10-27T12:51:01","date_gmt":"2023-10-27T11:51:01","guid":{"rendered":"https:\/\/baralivres.ma\/?post_type=product&#038;p=15179"},"modified":"2023-10-27T12:51:01","modified_gmt":"2023-10-27T11:51:01","slug":"kilometre-zero","status":"publish","type":"product","link":"https:\/\/baralivres.ma\/?product=kilometre-zero","title":{"rendered":"Kilom\u00e8tre z\u00e9ro"},"content":{"rendered":"<p>Ma\u00eblle, en tant que directrice financi\u00e8re d&rsquo;une startup en pleine croissance, se trouve constamment d\u00e9bord\u00e9e et n&rsquo;a gu\u00e8re de temps pour des aspirations personnelles. Cependant, lorsqu&rsquo;elle est sollicit\u00e9e par son amie Romane pour un service d&rsquo;une importance vitale, elle se retrouve contrainte d&rsquo;accepter, m\u00eame \u00e0 contrec\u0153ur, de se rendre au N\u00e9pal. Ce qu&rsquo;elle ignore, c&rsquo;est que l&rsquo;ascension des Annapurnas, qui l&rsquo;attend, deviendra le point de d\u00e9part d&rsquo;un voyage initiatique profond. \u00c0 travers des exp\u00e9riences et des rencontres profond\u00e9ment \u00e9mouvantes, Ma\u00eblle d\u00e9couvrira les cl\u00e9s du bonheur authentique et entreprendra une transformation radicale de sa vie. Toutefois, la question demeure : sera-t-elle en mesure de sauver son amie ?<\/p>\n","protected":false},"excerpt":{"rendered":"<p>Ma\u00eblle, CFO occup\u00e9e, accepte mission n\u00e9palaise vitale, d\u00e9couvre bonheur et initie transformation personnelle pour sauver Romane.<\/p>\n","protected":false},"featured_media":15185,"comment_status":"open","ping_status":"closed","template":"","meta":{"inline_featured_image":false},"product_cat":[204,143],"product_tag":[],"class_list":{"0":"post-15179","1":"product","2":"type-product","3":"status-publish","4":"has-post-thumbnail","6":"product_cat-francais","7":"product_cat-roman","8":"pa_auteurs-maud-ankaoua","10":"first","11":"instock","12":"shipping-taxable","13":"purchasable","14":"product-type-simple"},"_links":{"self":[{"href":"https:\/\/baralivres.ma\/index.php?rest_route=\/wp\/v2\/product\/15179","targetHints":{"allow":["GET"]}}],"collection":[{"href":"https:\/\/baralivres.ma\/index.php?rest_route=\/wp\/v2\/product"}],"about":[{"href":"https:\/\/baralivres.ma\/index.php?rest_route=\/wp\/v2\/types\/product"}],"replies":[{"embeddable":true,"href":"https:\/\/baralivres.ma\/index.php?rest_route=%2Fwp%2Fv2%2Fcomments&post=15179"}],"version-history":[{"count":1,"href":"https:\/\/baralivres.ma\/index.php?rest_route=\/wp\/v2\/product\/15179\/revisions"}],"predecessor-version":[{"id":15186,"href":"https:\/\/baralivres.ma\/index.php?rest_route=\/wp\/v2\/product\/15179\/revisions\/15186"}],"wp:featuredmedia":[{"embeddable":true,"href":"https:\/\/baralivres.ma\/index.php?rest_route=\/wp\/v2\/media\/15185"}],"wp:attachment":[{"href":"https:\/\/baralivres.ma\/index.php?rest_route=%2Fwp%2Fv2%2Fmedia&parent=15179"}],"wp:term":[{"taxonomy":"product_cat","embeddable":true,"href":"https:\/\/baralivres.ma\/index.php?rest_route=%2Fwp%2Fv2%2Fproduct_cat&post=15179"},{"taxonomy":"product_tag","embeddable":true,"href":"https:\/\/baralivres.ma\/index.php?rest_route=%2Fwp%2Fv2%2Fproduct_tag&post=15179"}],"curies":[{"name":"wp","href":"https:\/\/api.w.org\/{rel}","templated":true}]}}