{"id":15175,"date":"2023-10-27T12:54:27","date_gmt":"2023-10-27T11:54:27","guid":{"rendered":"https:\/\/baralivres.ma\/?post_type=product&#038;p=15175"},"modified":"2025-02-20T11:34:13","modified_gmt":"2025-02-20T10:34:13","slug":"le-livre-du-dedans","status":"publish","type":"product","link":"https:\/\/baralivres.ma\/?product=le-livre-du-dedans","title":{"rendered":"Le Livre du Dedans"},"content":{"rendered":"<p>L&rsquo;ouvrage majeur de R\u00fbm\u00ee, po\u00e8te mystique, \u00e9voque l&rsquo;int\u00e9riorit\u00e9 profonde et relate la fondation des derviches tourneurs.<\/p>\n","protected":false},"excerpt":{"rendered":"<p>Le Livre du Dedans, qui traite de la plus profonde introspection, constitue le principal ouvrage en prose du c\u00e9l\u00e8bre po\u00e8te mystique R\u00fbm\u00ee, fondateur de la confr\u00e9rie des derviches tourneurs au XIIIe si\u00e8cle en Anatolie.<\/p>\n","protected":false},"featured_media":15178,"comment_status":"open","ping_status":"closed","template":"","meta":{"inline_featured_image":false},"product_cat":[3725,3862,4214],"product_tag":[],"class_list":{"0":"post-15175","1":"product","2":"type-product","3":"status-publish","4":"has-post-thumbnail","6":"product_cat-litterature-religieuse","7":"product_cat-spiritualite","8":"product_cat-voyage-spirituel-pendant-le-ramadan","9":"pa_auteurs-rumi","11":"first","12":"instock","13":"shipping-taxable","14":"purchasable","15":"product-type-simple"},"_links":{"self":[{"href":"https:\/\/baralivres.ma\/index.php?rest_route=\/wp\/v2\/product\/15175","targetHints":{"allow":["GET"]}}],"collection":[{"href":"https:\/\/baralivres.ma\/index.php?rest_route=\/wp\/v2\/product"}],"about":[{"href":"https:\/\/baralivres.ma\/index.php?rest_route=\/wp\/v2\/types\/product"}],"replies":[{"embeddable":true,"href":"https:\/\/baralivres.ma\/index.php?rest_route=%2Fwp%2Fv2%2Fcomments&post=15175"}],"version-history":[{"count":1,"href":"https:\/\/baralivres.ma\/index.php?rest_route=\/wp\/v2\/product\/15175\/revisions"}],"predecessor-version":[{"id":15195,"href":"https:\/\/baralivres.ma\/index.php?rest_route=\/wp\/v2\/product\/15175\/revisions\/15195"}],"wp:featuredmedia":[{"embeddable":true,"href":"https:\/\/baralivres.ma\/index.php?rest_route=\/wp\/v2\/media\/15178"}],"wp:attachment":[{"href":"https:\/\/baralivres.ma\/index.php?rest_route=%2Fwp%2Fv2%2Fmedia&parent=15175"}],"wp:term":[{"taxonomy":"product_cat","embeddable":true,"href":"https:\/\/baralivres.ma\/index.php?rest_route=%2Fwp%2Fv2%2Fproduct_cat&post=15175"},{"taxonomy":"product_tag","embeddable":true,"href":"https:\/\/baralivres.ma\/index.php?rest_route=%2Fwp%2Fv2%2Fproduct_tag&post=15175"}],"curies":[{"name":"wp","href":"https:\/\/api.w.org\/{rel}","templated":true}]}}