{"id":15172,"date":"2023-10-27T12:45:32","date_gmt":"2023-10-27T11:45:32","guid":{"rendered":"https:\/\/baralivres.ma\/?post_type=product&#038;p=15172"},"modified":"2023-10-27T12:45:33","modified_gmt":"2023-10-27T11:45:33","slug":"rendez-vous-avec-le-tueur","status":"publish","type":"product","link":"https:\/\/baralivres.ma\/?product=rendez-vous-avec-le-tueur","title":{"rendered":"Rendez-vous avec le tueur"},"content":{"rendered":"<p>\u00c0 18 heures, Chantal Frugier, une enseignante de fran\u00e7ais, quitte l&rsquo;\u00e9cole, mais elle n&rsquo;arrive jamais \u00e0 son domicile. Inquiet, son mari, Michel Frugier, signale sa disparition \u00e0 la police, avec l&rsquo;inspecteur Dumontel en charge de l&rsquo;affaire. Toutefois, Dumontel ne prend pas la situation tr\u00e8s au s\u00e9rieux, consid\u00e9rant que les d\u00e9parts impulsifs de femmes de leurs maris sont courants. Cependant, la d\u00e9couverte du corps d&rsquo;une prostitu\u00e9e qui pr\u00e9sente une \u00e9tonnante ressemblance avec Chantal Frugier dans les eaux du lac d&rsquo;Uzurat change la donne. Se pourrait-il qu&rsquo;un meurtrier obsessionnel soit derri\u00e8re la disparition de Chantal et cet assassinat ? Une nouvelle enqu\u00eate dans la r\u00e9gion du Limousin attend Dumontel, mettant en jeu ses convictions et son honneur.<\/p>\n","protected":false},"excerpt":{"rendered":"<p>Disparition de Chantal Frugier, enqu\u00eateur Dumontel, meurtre d&rsquo;une prostitu\u00e9e ressemblant \u00e0 Chantal. Suspense dans le Limousin.<\/p>\n","protected":false},"featured_media":15177,"comment_status":"open","ping_status":"closed","template":"","meta":{"inline_featured_image":false},"product_cat":[204,143],"product_tag":[],"class_list":{"0":"post-15172","1":"product","2":"type-product","3":"status-publish","4":"has-post-thumbnail","6":"product_cat-francais","7":"product_cat-roman","8":"pa_auteurs-franck-linol","10":"first","11":"instock","12":"shipping-taxable","13":"purchasable","14":"product-type-simple"},"_links":{"self":[{"href":"https:\/\/baralivres.ma\/index.php?rest_route=\/wp\/v2\/product\/15172","targetHints":{"allow":["GET"]}}],"collection":[{"href":"https:\/\/baralivres.ma\/index.php?rest_route=\/wp\/v2\/product"}],"about":[{"href":"https:\/\/baralivres.ma\/index.php?rest_route=\/wp\/v2\/types\/product"}],"replies":[{"embeddable":true,"href":"https:\/\/baralivres.ma\/index.php?rest_route=%2Fwp%2Fv2%2Fcomments&post=15172"}],"version-history":[{"count":1,"href":"https:\/\/baralivres.ma\/index.php?rest_route=\/wp\/v2\/product\/15172\/revisions"}],"predecessor-version":[{"id":15180,"href":"https:\/\/baralivres.ma\/index.php?rest_route=\/wp\/v2\/product\/15172\/revisions\/15180"}],"wp:featuredmedia":[{"embeddable":true,"href":"https:\/\/baralivres.ma\/index.php?rest_route=\/wp\/v2\/media\/15177"}],"wp:attachment":[{"href":"https:\/\/baralivres.ma\/index.php?rest_route=%2Fwp%2Fv2%2Fmedia&parent=15172"}],"wp:term":[{"taxonomy":"product_cat","embeddable":true,"href":"https:\/\/baralivres.ma\/index.php?rest_route=%2Fwp%2Fv2%2Fproduct_cat&post=15172"},{"taxonomy":"product_tag","embeddable":true,"href":"https:\/\/baralivres.ma\/index.php?rest_route=%2Fwp%2Fv2%2Fproduct_tag&post=15172"}],"curies":[{"name":"wp","href":"https:\/\/api.w.org\/{rel}","templated":true}]}}