{"id":15171,"date":"2023-10-27T12:50:13","date_gmt":"2023-10-27T11:50:13","guid":{"rendered":"https:\/\/baralivres.ma\/?post_type=product&#038;p=15171"},"modified":"2023-10-27T12:50:14","modified_gmt":"2023-10-27T11:50:14","slug":"freud","status":"publish","type":"product","link":"https:\/\/baralivres.ma\/?product=freud","title":{"rendered":"Freud"},"content":{"rendered":"<p>Stefan Zweig et Sigmund Freud, proches amis, partageaient une profonde admiration r\u00e9ciproque pour leurs contributions respectives. Zweig a salu\u00e9 la psychanalyse de Freud comme un chemin vers la connaissance que la litt\u00e9rature pouvait suivre, tandis que Freud admirait la capacit\u00e9 intuitive de Zweig \u00e0 comprendre la psych\u00e9 humaine dans ses \u00e9crits. Zweig a rendu hommage \u00e0 Freud dans un essai empathique en 1931 et a prononc\u00e9 son \u00e9loge fun\u00e8bre en 1939. Ce livre contient ces textes, ainsi qu&rsquo;un in\u00e9dit sur \u00ab\u00a0Malaise dans la civilisation\u00a0\u00bb, o\u00f9 la culture et la vie sociale sont examin\u00e9es \u00e0 travers le prisme des pulsions et des restrictions des libert\u00e9s.<\/p>\n","protected":false},"excerpt":{"rendered":"<p>Stefan Zweig et Sigmund Freud, amis admiratifs, explorent la psychanalyse, la litt\u00e9rature, et la civilisation humaine.<\/p>\n","protected":false},"featured_media":15183,"comment_status":"open","ping_status":"closed","template":"","meta":{"inline_featured_image":false},"product_cat":[204,143],"product_tag":[],"class_list":{"0":"post-15171","1":"product","2":"type-product","3":"status-publish","4":"has-post-thumbnail","6":"product_cat-francais","7":"product_cat-roman","8":"pa_auteurs-sigmund-feud","10":"first","11":"instock","12":"shipping-taxable","13":"purchasable","14":"product-type-simple"},"_links":{"self":[{"href":"https:\/\/baralivres.ma\/index.php?rest_route=\/wp\/v2\/product\/15171","targetHints":{"allow":["GET"]}}],"collection":[{"href":"https:\/\/baralivres.ma\/index.php?rest_route=\/wp\/v2\/product"}],"about":[{"href":"https:\/\/baralivres.ma\/index.php?rest_route=\/wp\/v2\/types\/product"}],"replies":[{"embeddable":true,"href":"https:\/\/baralivres.ma\/index.php?rest_route=%2Fwp%2Fv2%2Fcomments&post=15171"}],"version-history":[{"count":2,"href":"https:\/\/baralivres.ma\/index.php?rest_route=\/wp\/v2\/product\/15171\/revisions"}],"predecessor-version":[{"id":15188,"href":"https:\/\/baralivres.ma\/index.php?rest_route=\/wp\/v2\/product\/15171\/revisions\/15188"}],"wp:featuredmedia":[{"embeddable":true,"href":"https:\/\/baralivres.ma\/index.php?rest_route=\/wp\/v2\/media\/15183"}],"wp:attachment":[{"href":"https:\/\/baralivres.ma\/index.php?rest_route=%2Fwp%2Fv2%2Fmedia&parent=15171"}],"wp:term":[{"taxonomy":"product_cat","embeddable":true,"href":"https:\/\/baralivres.ma\/index.php?rest_route=%2Fwp%2Fv2%2Fproduct_cat&post=15171"},{"taxonomy":"product_tag","embeddable":true,"href":"https:\/\/baralivres.ma\/index.php?rest_route=%2Fwp%2Fv2%2Fproduct_tag&post=15171"}],"curies":[{"name":"wp","href":"https:\/\/api.w.org\/{rel}","templated":true}]}}