{"id":15164,"date":"2023-10-27T12:43:56","date_gmt":"2023-10-27T11:43:56","guid":{"rendered":"https:\/\/baralivres.ma\/?post_type=product&#038;p=15164"},"modified":"2023-10-27T12:44:57","modified_gmt":"2023-10-27T11:44:57","slug":"coeur-du-sahel","status":"publish","type":"product","link":"https:\/\/baralivres.ma\/?product=coeur-du-sahel","title":{"rendered":"Coeur du Sahel"},"content":{"rendered":"<p>Fayd\u00e9 r\u00e9side dans un village recul\u00e9 nich\u00e9 au c\u0153ur des montagnes du nord extr\u00eame du Cameroun, o\u00f9 elle doit faire face \u00e0 une vie marqu\u00e9e par la s\u00e9cheresse et les incessantes attaques de Boko Haram, dont elle r\u00eave de s&rsquo;\u00e9chapper. Alors que sa famille peine \u00e0 se nourrir, l&rsquo;adolescente d\u00e9cide de partir pour Maroua, la ville la plus proche, o\u00f9 elle travaillera en tant que domestique. Comme ses pairs, elle devra s&rsquo;adapter \u00e0 son nouveau mode de vie urbain, qui s&rsquo;annonce difficile. Malgr\u00e9 les discriminations de classe, les mauvais traitements et la violence des hommes, Fayd\u00e9 d\u00e9couvrira \u00e9galement la force de l&rsquo;amiti\u00e9, de la litt\u00e9rature et de l&rsquo;espoir. Dans une soci\u00e9t\u00e9 o\u00f9 son avenir semble tout trac\u00e9, parviendra-t-elle \u00e0 se frayer un chemin vers la libert\u00e9 ? \u00c0 travers les vies non seulement des \u00ab\u00a0Impatientes\u00a0\u00bb mais aussi de leurs employ\u00e9es domestiques, Dja\u00efli Amadou Amal r\u00e9dige un roman profond\u00e9ment \u00e9mouvant et r\u00e9affirme fermement son engagement dans la lutte contre les injustices faites aux femmes.<\/p>\n","protected":false},"excerpt":{"rendered":"<p>Fayd\u00e9, adolescente confront\u00e9e \u00e0 la s\u00e9cheresse et Boko Haram, devient domestique \u00e0 Maroua, d\u00e9couvrant amiti\u00e9 et espoir.<\/p>\n","protected":false},"featured_media":15174,"comment_status":"open","ping_status":"closed","template":"","meta":{"inline_featured_image":false},"product_cat":[204,143],"product_tag":[],"class_list":{"0":"post-15164","1":"product","2":"type-product","3":"status-publish","4":"has-post-thumbnail","6":"product_cat-francais","7":"product_cat-roman","8":"pa_auteurs-djaili-amadou-amal","10":"first","11":"instock","12":"shipping-taxable","13":"purchasable","14":"product-type-simple"},"_links":{"self":[{"href":"https:\/\/baralivres.ma\/index.php?rest_route=\/wp\/v2\/product\/15164","targetHints":{"allow":["GET"]}}],"collection":[{"href":"https:\/\/baralivres.ma\/index.php?rest_route=\/wp\/v2\/product"}],"about":[{"href":"https:\/\/baralivres.ma\/index.php?rest_route=\/wp\/v2\/types\/product"}],"replies":[{"embeddable":true,"href":"https:\/\/baralivres.ma\/index.php?rest_route=%2Fwp%2Fv2%2Fcomments&post=15164"}],"version-history":[{"count":1,"href":"https:\/\/baralivres.ma\/index.php?rest_route=\/wp\/v2\/product\/15164\/revisions"}],"predecessor-version":[{"id":15176,"href":"https:\/\/baralivres.ma\/index.php?rest_route=\/wp\/v2\/product\/15164\/revisions\/15176"}],"wp:featuredmedia":[{"embeddable":true,"href":"https:\/\/baralivres.ma\/index.php?rest_route=\/wp\/v2\/media\/15174"}],"wp:attachment":[{"href":"https:\/\/baralivres.ma\/index.php?rest_route=%2Fwp%2Fv2%2Fmedia&parent=15164"}],"wp:term":[{"taxonomy":"product_cat","embeddable":true,"href":"https:\/\/baralivres.ma\/index.php?rest_route=%2Fwp%2Fv2%2Fproduct_cat&post=15164"},{"taxonomy":"product_tag","embeddable":true,"href":"https:\/\/baralivres.ma\/index.php?rest_route=%2Fwp%2Fv2%2Fproduct_tag&post=15164"}],"curies":[{"name":"wp","href":"https:\/\/api.w.org\/{rel}","templated":true}]}}