{"id":15162,"date":"2023-10-27T12:42:48","date_gmt":"2023-10-27T11:42:48","guid":{"rendered":"https:\/\/baralivres.ma\/?post_type=product&#038;p=15162"},"modified":"2025-02-20T11:32:15","modified_gmt":"2025-02-20T10:32:15","slug":"la-profession-de-foi","status":"publish","type":"product","link":"https:\/\/baralivres.ma\/?product=la-profession-de-foi","title":{"rendered":"La Profession de Foi"},"content":{"rendered":"<p>Cet livre du ma\u00eetre soufi combine \u00e0 la fois un r\u00e9cit personnel et une le\u00e7on spirituelle. Il explore les concepts th\u00e9ologiques, fait appel \u00e0 la tradition et aux preuves, aborde la notion de paradis et d&rsquo;enfer, tout en analysant les particularit\u00e9s des soixante-treize sectes. Il invite ainsi \u00e0 une double interpr\u00e9tation : celle du croyant ordinaire et celle de l&rsquo;adepte d\u00e9vou\u00e9 \u00e0 la voie spirituelle du soufisme.<\/p>\n","protected":false},"excerpt":{"rendered":"<p>L&rsquo;ouvrage soufi m\u00eale t\u00e9moignage et enseignement, traitant th\u00e9ologie, tradition, paradis, enfer, et sectes sous deux perspectives.<\/p>\n","protected":false},"featured_media":15166,"comment_status":"open","ping_status":"closed","template":"","meta":{"inline_featured_image":false},"product_cat":[3725,3862,4214],"product_tag":[],"class_list":{"0":"post-15162","1":"product","2":"type-product","3":"status-publish","4":"has-post-thumbnail","6":"product_cat-litterature-religieuse","7":"product_cat-spiritualite","8":"product_cat-voyage-spirituel-pendant-le-ramadan","9":"pa_auteurs-ibn-arabi","11":"first","12":"instock","13":"shipping-taxable","14":"purchasable","15":"product-type-simple"},"_links":{"self":[{"href":"https:\/\/baralivres.ma\/index.php?rest_route=\/wp\/v2\/product\/15162","targetHints":{"allow":["GET"]}}],"collection":[{"href":"https:\/\/baralivres.ma\/index.php?rest_route=\/wp\/v2\/product"}],"about":[{"href":"https:\/\/baralivres.ma\/index.php?rest_route=\/wp\/v2\/types\/product"}],"replies":[{"embeddable":true,"href":"https:\/\/baralivres.ma\/index.php?rest_route=%2Fwp%2Fv2%2Fcomments&post=15162"}],"version-history":[{"count":1,"href":"https:\/\/baralivres.ma\/index.php?rest_route=\/wp\/v2\/product\/15162\/revisions"}],"predecessor-version":[{"id":15173,"href":"https:\/\/baralivres.ma\/index.php?rest_route=\/wp\/v2\/product\/15162\/revisions\/15173"}],"wp:featuredmedia":[{"embeddable":true,"href":"https:\/\/baralivres.ma\/index.php?rest_route=\/wp\/v2\/media\/15166"}],"wp:attachment":[{"href":"https:\/\/baralivres.ma\/index.php?rest_route=%2Fwp%2Fv2%2Fmedia&parent=15162"}],"wp:term":[{"taxonomy":"product_cat","embeddable":true,"href":"https:\/\/baralivres.ma\/index.php?rest_route=%2Fwp%2Fv2%2Fproduct_cat&post=15162"},{"taxonomy":"product_tag","embeddable":true,"href":"https:\/\/baralivres.ma\/index.php?rest_route=%2Fwp%2Fv2%2Fproduct_tag&post=15162"}],"curies":[{"name":"wp","href":"https:\/\/api.w.org\/{rel}","templated":true}]}}