{"id":15158,"date":"2023-10-27T12:41:26","date_gmt":"2023-10-27T11:41:26","guid":{"rendered":"https:\/\/baralivres.ma\/?post_type=product&#038;p=15158"},"modified":"2023-10-27T12:41:26","modified_gmt":"2023-10-27T11:41:26","slug":"le-langage-et-la-pensee","status":"publish","type":"product","link":"https:\/\/baralivres.ma\/?product=le-langage-et-la-pensee","title":{"rendered":"Le langage et la pens\u00e9e"},"content":{"rendered":"<p>La compr\u00e9hension de la structure du langage peut nous \u00e9clairer sur l&rsquo;intelligence humaine, d&rsquo;apr\u00e8s Noam Chomsky, linguiste de renom. Il a r\u00e9volutionn\u00e9 la linguistique et influenc\u00e9 les sciences cognitives en explorant l&rsquo;apprentissage du langage chez les enfants. Ce livre revient sur des concepts cl\u00e9s de sa pens\u00e9e, comme la grammaire universelle, la structure profonde, la biolinguistique et l&rsquo;aspect cr\u00e9atif du langage. Il offre ainsi une excellente introduction \u00e0 une th\u00e9orie majeure qui se situe \u00e0 l&rsquo;intersection de la linguistique, de la philosophie et de la psychologie.<\/p>\n","protected":false},"excerpt":{"rendered":"<p>Noam Chomsky explore la structure du langage, la grammaire universelle et son impact sur l&rsquo;intelligence humaine.<\/p>\n","protected":false},"featured_media":15168,"comment_status":"open","ping_status":"closed","template":"","meta":{"inline_featured_image":false},"product_cat":[204,143],"product_tag":[],"class_list":{"0":"post-15158","1":"product","2":"type-product","3":"status-publish","4":"has-post-thumbnail","6":"product_cat-francais","7":"product_cat-roman","8":"pa_auteurs-noam-chomsky","10":"first","11":"instock","12":"shipping-taxable","13":"purchasable","14":"product-type-simple"},"_links":{"self":[{"href":"https:\/\/baralivres.ma\/index.php?rest_route=\/wp\/v2\/product\/15158","targetHints":{"allow":["GET"]}}],"collection":[{"href":"https:\/\/baralivres.ma\/index.php?rest_route=\/wp\/v2\/product"}],"about":[{"href":"https:\/\/baralivres.ma\/index.php?rest_route=\/wp\/v2\/types\/product"}],"replies":[{"embeddable":true,"href":"https:\/\/baralivres.ma\/index.php?rest_route=%2Fwp%2Fv2%2Fcomments&post=15158"}],"version-history":[{"count":1,"href":"https:\/\/baralivres.ma\/index.php?rest_route=\/wp\/v2\/product\/15158\/revisions"}],"predecessor-version":[{"id":15170,"href":"https:\/\/baralivres.ma\/index.php?rest_route=\/wp\/v2\/product\/15158\/revisions\/15170"}],"wp:featuredmedia":[{"embeddable":true,"href":"https:\/\/baralivres.ma\/index.php?rest_route=\/wp\/v2\/media\/15168"}],"wp:attachment":[{"href":"https:\/\/baralivres.ma\/index.php?rest_route=%2Fwp%2Fv2%2Fmedia&parent=15158"}],"wp:term":[{"taxonomy":"product_cat","embeddable":true,"href":"https:\/\/baralivres.ma\/index.php?rest_route=%2Fwp%2Fv2%2Fproduct_cat&post=15158"},{"taxonomy":"product_tag","embeddable":true,"href":"https:\/\/baralivres.ma\/index.php?rest_route=%2Fwp%2Fv2%2Fproduct_tag&post=15158"}],"curies":[{"name":"wp","href":"https:\/\/api.w.org\/{rel}","templated":true}]}}