{"id":15155,"date":"2023-10-27T12:38:54","date_gmt":"2023-10-27T11:38:54","guid":{"rendered":"https:\/\/baralivres.ma\/?post_type=product&#038;p=15155"},"modified":"2023-10-27T12:38:54","modified_gmt":"2023-10-27T11:38:54","slug":"le-cercle-des-derniers-libraires","status":"publish","type":"product","link":"https:\/\/baralivres.ma\/?product=le-cercle-des-derniers-libraires","title":{"rendered":"Le Cercle des derniers libraires"},"content":{"rendered":"<p>\u00c0 Saint-Flour, Emma est une jeune libraire passionn\u00e9e, fondatrice d&rsquo;une association d\u00e9di\u00e9e \u00e0 la pr\u00e9servation des librairies ind\u00e9pendantes, connue sous le nom du Cercle des derniers libraires. Lorsqu&rsquo;Adrien Darcy, qui a \u00e9t\u00e9 impliqu\u00e9 dans un accident de v\u00e9lo, se voit offrir l&rsquo;opportunit\u00e9 par le r\u00e9dacteur en chef de La Montagne d&rsquo;enqu\u00eater sur des meurtres myst\u00e9rieux perp\u00e9tr\u00e9s contre des libraires, il h\u00e9site au d\u00e9part, mais finit par accepter ce d\u00e9fi. Le premier \u00e9l\u00e9ment intrigant r\u00e9side dans le fait que les trois victimes \u00e9taient toutes membres du Cercle des derniers libraires. Darcy est d\u00e9termin\u00e9 \u00e0 d\u00e9couvrir qui se cache derri\u00e8re cette association et pourquoi quelqu&rsquo;un en veut \u00e0 ce point \u00e0 ses membres, une qu\u00eate qui constitue une v\u00e9ritable d\u00e9claration d&rsquo;amour envers les livres et les individus qui les rendent vivants : les libraires.<\/p>\n","protected":false},"excerpt":{"rendered":"<p>Emma, jeune libraire, et Adrien enqu\u00eatent sur meurtres li\u00e9s \u00e0 leur association d\u00e9fendant les librairies ind\u00e9pendantes.<\/p>\n","protected":false},"featured_media":15161,"comment_status":"open","ping_status":"closed","template":"","meta":{"inline_featured_image":false},"product_cat":[204,143],"product_tag":[],"class_list":{"0":"post-15155","1":"product","2":"type-product","3":"status-publish","4":"has-post-thumbnail","6":"product_cat-francais","7":"product_cat-roman","8":"pa_auteurs-sylvie-baron","10":"first","11":"instock","12":"shipping-taxable","13":"purchasable","14":"product-type-simple"},"_links":{"self":[{"href":"https:\/\/baralivres.ma\/index.php?rest_route=\/wp\/v2\/product\/15155","targetHints":{"allow":["GET"]}}],"collection":[{"href":"https:\/\/baralivres.ma\/index.php?rest_route=\/wp\/v2\/product"}],"about":[{"href":"https:\/\/baralivres.ma\/index.php?rest_route=\/wp\/v2\/types\/product"}],"replies":[{"embeddable":true,"href":"https:\/\/baralivres.ma\/index.php?rest_route=%2Fwp%2Fv2%2Fcomments&post=15155"}],"version-history":[{"count":1,"href":"https:\/\/baralivres.ma\/index.php?rest_route=\/wp\/v2\/product\/15155\/revisions"}],"predecessor-version":[{"id":15163,"href":"https:\/\/baralivres.ma\/index.php?rest_route=\/wp\/v2\/product\/15155\/revisions\/15163"}],"wp:featuredmedia":[{"embeddable":true,"href":"https:\/\/baralivres.ma\/index.php?rest_route=\/wp\/v2\/media\/15161"}],"wp:attachment":[{"href":"https:\/\/baralivres.ma\/index.php?rest_route=%2Fwp%2Fv2%2Fmedia&parent=15155"}],"wp:term":[{"taxonomy":"product_cat","embeddable":true,"href":"https:\/\/baralivres.ma\/index.php?rest_route=%2Fwp%2Fv2%2Fproduct_cat&post=15155"},{"taxonomy":"product_tag","embeddable":true,"href":"https:\/\/baralivres.ma\/index.php?rest_route=%2Fwp%2Fv2%2Fproduct_tag&post=15155"}],"curies":[{"name":"wp","href":"https:\/\/api.w.org\/{rel}","templated":true}]}}