{"id":15154,"date":"2023-10-27T12:38:36","date_gmt":"2023-10-27T11:38:36","guid":{"rendered":"https:\/\/baralivres.ma\/?post_type=product&#038;p=15154"},"modified":"2023-10-27T12:38:36","modified_gmt":"2023-10-27T11:38:36","slug":"le-fou-de-layla","status":"publish","type":"product","link":"https:\/\/baralivres.ma\/?product=le-fou-de-layla","title":{"rendered":"Le Fou de Layl\u00e2"},"content":{"rendered":"<p>Derri\u00e8re le nom de Majn\u00fbn (le Fou) se dissimule probablement un jeune homme qui n&rsquo;a peut-\u00eatre jamais exist\u00e9. En effet, l&rsquo;histoire et la l\u00e9gende se confondent de mani\u00e8re inextricable \u00e0 ce sujet. L&rsquo;histoire relate que dans le d\u00e9sert d&rsquo;Arabie, au cours de la seconde moiti\u00e9 du VIIe si\u00e8cle, des po\u00e8mes circulaient, c\u00e9l\u00e9brant un amour parfait et impossible. Leurs auteurs, sous diff\u00e9rents alias, rivalisaient les uns avec les autres, se vantant d&rsquo;\u00eatre les meilleurs dans ce genre, que ce soit pour avoir v\u00e9cu un tel amour ou pour le raconter.<\/p>\n<p>D&rsquo;un autre c\u00f4t\u00e9, la l\u00e9gende raconte l&rsquo;histoire d&rsquo;un jeune homme nomm\u00e9 Qays, tomb\u00e9 amoureux de sa cousine Layl\u00e2. Bien que rien ne semblait s&rsquo;opposer \u00e0 leur union, Qays, un po\u00e8te, d\u00e9cida de proclamer son amour \u00e0 haute voix, enfreignant ainsi une r\u00e8gle essentielle du code b\u00e9douin. Cette action d\u00e9clencha une s\u00e9rie d&rsquo;\u00e9v\u00e9nements, comprenant le rejet de la famille, le mariage forc\u00e9 de Layl\u00e2, la descente de Qays dans la folie, sa vie parmi les b\u00eates du d\u00e9sert, et finalement sa mort due \u00e0 l&rsquo;\u00e9puisement et \u00e0 la douleur.<\/p>\n<p>Que Majn\u00fbn ait \u00e9t\u00e9 un \u00eatre de chair et de sang ou simplement un personnage invent\u00e9, il demeure incontestablement l&rsquo;une des figures les plus \u00e9minentes parmi tous les po\u00e8tes ayant chant\u00e9 l&rsquo;amour dans l&rsquo;Arabie de cette \u00e9poque.<\/p>\n","protected":false},"excerpt":{"rendered":"<p>Majn\u00fbn, entre r\u00e9alit\u00e9 et l\u00e9gende, incarne l&rsquo;amour tragique et interdit dans l&rsquo;Arabie du VIIe si\u00e8cle.<\/p>\n","protected":false},"featured_media":15159,"comment_status":"open","ping_status":"closed","template":"","meta":{"inline_featured_image":false},"product_cat":[204,143],"product_tag":[],"class_list":{"0":"post-15154","1":"product","2":"type-product","3":"status-publish","4":"has-post-thumbnail","6":"product_cat-francais","7":"product_cat-roman","8":"pa_auteurs-majnun","10":"first","11":"instock","12":"shipping-taxable","13":"purchasable","14":"product-type-simple"},"_links":{"self":[{"href":"https:\/\/baralivres.ma\/index.php?rest_route=\/wp\/v2\/product\/15154","targetHints":{"allow":["GET"]}}],"collection":[{"href":"https:\/\/baralivres.ma\/index.php?rest_route=\/wp\/v2\/product"}],"about":[{"href":"https:\/\/baralivres.ma\/index.php?rest_route=\/wp\/v2\/types\/product"}],"replies":[{"embeddable":true,"href":"https:\/\/baralivres.ma\/index.php?rest_route=%2Fwp%2Fv2%2Fcomments&post=15154"}],"version-history":[{"count":1,"href":"https:\/\/baralivres.ma\/index.php?rest_route=\/wp\/v2\/product\/15154\/revisions"}],"predecessor-version":[{"id":15160,"href":"https:\/\/baralivres.ma\/index.php?rest_route=\/wp\/v2\/product\/15154\/revisions\/15160"}],"wp:featuredmedia":[{"embeddable":true,"href":"https:\/\/baralivres.ma\/index.php?rest_route=\/wp\/v2\/media\/15159"}],"wp:attachment":[{"href":"https:\/\/baralivres.ma\/index.php?rest_route=%2Fwp%2Fv2%2Fmedia&parent=15154"}],"wp:term":[{"taxonomy":"product_cat","embeddable":true,"href":"https:\/\/baralivres.ma\/index.php?rest_route=%2Fwp%2Fv2%2Fproduct_cat&post=15154"},{"taxonomy":"product_tag","embeddable":true,"href":"https:\/\/baralivres.ma\/index.php?rest_route=%2Fwp%2Fv2%2Fproduct_tag&post=15154"}],"curies":[{"name":"wp","href":"https:\/\/api.w.org\/{rel}","templated":true}]}}