{"id":15151,"date":"2023-10-27T12:41:25","date_gmt":"2023-10-27T11:41:25","guid":{"rendered":"https:\/\/baralivres.ma\/?post_type=product&#038;p=15151"},"modified":"2023-10-27T12:41:25","modified_gmt":"2023-10-27T11:41:25","slug":"certains-coeurs-lachent-pour-trois-fois-rien","status":"publish","type":"product","link":"https:\/\/baralivres.ma\/?product=certains-coeurs-lachent-pour-trois-fois-rien","title":{"rendered":"Certains coeurs l\u00e2chent pour trois fois rien"},"content":{"rendered":"<p>Les d\u00e9pressions ne se ressemblent jamais. Gilles Paris a fait face \u00e0 huit \u00e9pisodes d\u00e9pressifs et \u00e0 chaque fois, il a r\u00e9ussi \u00e0 se relever. Dans ce r\u00e9cit o\u00f9 il ne m\u00e9nage pas ses efforts pour l&rsquo;auto-analyse, il cherche \u00e0 comprendre les racines de cette m\u00e9lancolie qui l&rsquo;a tourment\u00e9 pendant plus de trente ans. Les influences familiales, un divorce, la violence de son p\u00e8re ont tous jou\u00e9 un r\u00f4le. L&rsquo;\u00e9criture a \u00e9galement jou\u00e9 un r\u00f4le, \u00e0 la fois comme un rem\u00e8de et comme une source de vide apr\u00e8s la publication de chacun de ses romans. Peut-\u00eatre \u00e9tait-il temps d&rsquo;arr\u00eater de se cacher derri\u00e8re les personnages de fiction pour enfin trouver la gu\u00e9rison. \u00c0 travers ce r\u00e9cit nuanc\u00e9, l&rsquo;auteur nous offre un t\u00e9moignage qui se termine sur une note lumineuse. Parce qu&rsquo;il n&rsquo;y a pas d&rsquo;ombre sans lumi\u00e8re, il suffit de la d\u00e9couvrir.<\/p>\n","protected":false},"excerpt":{"rendered":"<p>Gilles Paris raconte huit combats contre la d\u00e9pression, explorant ses racines familiales et le pouvoir de l&rsquo;\u00e9criture.<\/p>\n","protected":false},"featured_media":15167,"comment_status":"open","ping_status":"closed","template":"","meta":{"inline_featured_image":false},"product_cat":[204,143],"product_tag":[],"class_list":{"0":"post-15151","1":"product","2":"type-product","3":"status-publish","4":"has-post-thumbnail","6":"product_cat-francais","7":"product_cat-roman","8":"pa_auteurs-gilles-paris","10":"first","11":"instock","12":"shipping-taxable","13":"purchasable","14":"product-type-simple"},"_links":{"self":[{"href":"https:\/\/baralivres.ma\/index.php?rest_route=\/wp\/v2\/product\/15151","targetHints":{"allow":["GET"]}}],"collection":[{"href":"https:\/\/baralivres.ma\/index.php?rest_route=\/wp\/v2\/product"}],"about":[{"href":"https:\/\/baralivres.ma\/index.php?rest_route=\/wp\/v2\/types\/product"}],"replies":[{"embeddable":true,"href":"https:\/\/baralivres.ma\/index.php?rest_route=%2Fwp%2Fv2%2Fcomments&post=15151"}],"version-history":[{"count":1,"href":"https:\/\/baralivres.ma\/index.php?rest_route=\/wp\/v2\/product\/15151\/revisions"}],"predecessor-version":[{"id":15169,"href":"https:\/\/baralivres.ma\/index.php?rest_route=\/wp\/v2\/product\/15151\/revisions\/15169"}],"wp:featuredmedia":[{"embeddable":true,"href":"https:\/\/baralivres.ma\/index.php?rest_route=\/wp\/v2\/media\/15167"}],"wp:attachment":[{"href":"https:\/\/baralivres.ma\/index.php?rest_route=%2Fwp%2Fv2%2Fmedia&parent=15151"}],"wp:term":[{"taxonomy":"product_cat","embeddable":true,"href":"https:\/\/baralivres.ma\/index.php?rest_route=%2Fwp%2Fv2%2Fproduct_cat&post=15151"},{"taxonomy":"product_tag","embeddable":true,"href":"https:\/\/baralivres.ma\/index.php?rest_route=%2Fwp%2Fv2%2Fproduct_tag&post=15151"}],"curies":[{"name":"wp","href":"https:\/\/api.w.org\/{rel}","templated":true}]}}