{"id":15146,"date":"2023-10-27T12:31:02","date_gmt":"2023-10-27T11:31:02","guid":{"rendered":"https:\/\/baralivres.ma\/?post_type=product&#038;p=15146"},"modified":"2023-10-27T12:31:05","modified_gmt":"2023-10-27T11:31:05","slug":"lart-de-perdre","status":"publish","type":"product","link":"https:\/\/baralivres.ma\/?product=lart-de-perdre","title":{"rendered":"L&rsquo;art de perdre"},"content":{"rendered":"<p>Pendant un certain temps, l&rsquo;Alg\u00e9rie, d&rsquo;o\u00f9 sa famille est originaire, n&rsquo;a suscit\u00e9 que peu d&rsquo;int\u00e9r\u00eat pour Na\u00efma. Cependant, dans une soci\u00e9t\u00e9 fran\u00e7aise en proie \u00e0 des d\u00e9bats sur l&rsquo;identit\u00e9, tout semble la pousser \u00e0 explorer ses racines. Malgr\u00e9 cela, elle se trouve d\u00e9pourvue de liens avec une histoire familiale qui ne lui a jamais \u00e9t\u00e9 racont\u00e9e. Son grand-p\u00e8re, Ali, un Kabyle des montagnes, est d\u00e9c\u00e9d\u00e9 avant qu&rsquo;elle ne puisse lui poser des questions sur la fa\u00e7on dont l&rsquo;Histoire l&rsquo;a transform\u00e9 en \u00ab\u00a0harki\u00a0\u00bb. Yema, sa grand-m\u00e8re, pourrait avoir des r\u00e9ponses, mais elle ne parle pas la langue que Na\u00efma comprend. Quant \u00e0 son p\u00e8re, Hamid, arriv\u00e9 en France \u00e0 l&rsquo;\u00e9t\u00e9 1962 dans les camps de transit pr\u00e9cipit\u00e9s, il a choisi de ne plus \u00e9voquer l&rsquo;Alg\u00e9rie de son enfance. Le d\u00e9fi qui se pose \u00e0 Na\u00efma est de faire ressurgir un pays de l&rsquo;oubli et du silence qui l&rsquo;entoure.<\/p>\n","protected":false},"excerpt":{"rendered":"<p>Na\u00efma, d&rsquo;origine alg\u00e9rienne, cherche \u00e0 comprendre l&rsquo;histoire familiale, marqu\u00e9e par le silence et les secrets.<\/p>\n","protected":false},"featured_media":15148,"comment_status":"open","ping_status":"closed","template":"","meta":{"inline_featured_image":false},"product_cat":[204,143],"product_tag":[],"class_list":{"0":"post-15146","1":"product","2":"type-product","3":"status-publish","4":"has-post-thumbnail","6":"product_cat-francais","7":"product_cat-roman","8":"pa_auteurs-alice-zeniter","10":"first","11":"instock","12":"shipping-taxable","13":"purchasable","14":"product-type-simple"},"_links":{"self":[{"href":"https:\/\/baralivres.ma\/index.php?rest_route=\/wp\/v2\/product\/15146","targetHints":{"allow":["GET"]}}],"collection":[{"href":"https:\/\/baralivres.ma\/index.php?rest_route=\/wp\/v2\/product"}],"about":[{"href":"https:\/\/baralivres.ma\/index.php?rest_route=\/wp\/v2\/types\/product"}],"replies":[{"embeddable":true,"href":"https:\/\/baralivres.ma\/index.php?rest_route=%2Fwp%2Fv2%2Fcomments&post=15146"}],"version-history":[{"count":1,"href":"https:\/\/baralivres.ma\/index.php?rest_route=\/wp\/v2\/product\/15146\/revisions"}],"predecessor-version":[{"id":15149,"href":"https:\/\/baralivres.ma\/index.php?rest_route=\/wp\/v2\/product\/15146\/revisions\/15149"}],"wp:featuredmedia":[{"embeddable":true,"href":"https:\/\/baralivres.ma\/index.php?rest_route=\/wp\/v2\/media\/15148"}],"wp:attachment":[{"href":"https:\/\/baralivres.ma\/index.php?rest_route=%2Fwp%2Fv2%2Fmedia&parent=15146"}],"wp:term":[{"taxonomy":"product_cat","embeddable":true,"href":"https:\/\/baralivres.ma\/index.php?rest_route=%2Fwp%2Fv2%2Fproduct_cat&post=15146"},{"taxonomy":"product_tag","embeddable":true,"href":"https:\/\/baralivres.ma\/index.php?rest_route=%2Fwp%2Fv2%2Fproduct_tag&post=15146"}],"curies":[{"name":"wp","href":"https:\/\/api.w.org\/{rel}","templated":true}]}}