{"id":15137,"date":"2023-10-27T12:27:15","date_gmt":"2023-10-27T11:27:15","guid":{"rendered":"https:\/\/baralivres.ma\/?post_type=product&#038;p=15137"},"modified":"2023-10-27T12:27:16","modified_gmt":"2023-10-27T11:27:16","slug":"la-bibliothecaire-dauschwitz","status":"publish","type":"product","link":"https:\/\/baralivres.ma\/?product=la-bibliothecaire-dauschwitz","title":{"rendered":"La biblioth\u00e9caire d&rsquo;Auschwitz"},"content":{"rendered":"<p>\u00c0 l&rsquo;\u00e2ge de quatorze ans, Dita est confront\u00e9e aux atrocit\u00e9s du r\u00e9gime nazi, emmen\u00e9e avec ses parents du ghetto de Terez\u00edn, \u00e0 Prague, pour \u00eatre intern\u00e9e dans le sinistre camp d&rsquo;Auschwitz. Malgr\u00e9 l&rsquo;horreur qui l&rsquo;entoure, elle s&rsquo;efforce de maintenir un semblant de normalit\u00e9. Lorsque Fredy Hirsch, un \u00e9ducateur juif, lui propose de pr\u00e9server huit pr\u00e9cieux volumes que les d\u00e9tenus ont r\u00e9ussi \u00e0 soustraire aux gardiens du camp, elle accepte cette mission p\u00e9rilleuse. Dita se retrouve \u00e0 cacher et prot\u00e9ger ce tr\u00e9sor, devenant ainsi la biblioth\u00e9caire d&rsquo;Auschwitz. Antonio G. Iturbe a cr\u00e9\u00e9 un roman captivant \u00e0 partir du t\u00e9moignage de Dita Kraus, la v\u00e9ritable biblioth\u00e9caire d&rsquo;Auschwitz, qui a profond\u00e9ment \u00e9mu des milliers de lecteurs \u00e0 travers le monde.<\/p>\n","protected":false},"excerpt":{"rendered":"<p>Dita, jeune d\u00e9port\u00e9e \u00e0 Auschwitz, devient biblioth\u00e9caire clandestine gr\u00e2ce \u00e0 Fredy Hirsch, pr\u00e9servant un tr\u00e9sor litt\u00e9raire.<\/p>\n","protected":false},"featured_media":15140,"comment_status":"open","ping_status":"closed","template":"","meta":{"inline_featured_image":false},"product_cat":[204,143],"product_tag":[],"class_list":{"0":"post-15137","1":"product","2":"type-product","3":"status-publish","4":"has-post-thumbnail","6":"product_cat-francais","7":"product_cat-roman","8":"pa_auteurs-antonio-g-iturbe","10":"first","11":"instock","12":"shipping-taxable","13":"purchasable","14":"product-type-simple"},"_links":{"self":[{"href":"https:\/\/baralivres.ma\/index.php?rest_route=\/wp\/v2\/product\/15137","targetHints":{"allow":["GET"]}}],"collection":[{"href":"https:\/\/baralivres.ma\/index.php?rest_route=\/wp\/v2\/product"}],"about":[{"href":"https:\/\/baralivres.ma\/index.php?rest_route=\/wp\/v2\/types\/product"}],"replies":[{"embeddable":true,"href":"https:\/\/baralivres.ma\/index.php?rest_route=%2Fwp%2Fv2%2Fcomments&post=15137"}],"version-history":[{"count":1,"href":"https:\/\/baralivres.ma\/index.php?rest_route=\/wp\/v2\/product\/15137\/revisions"}],"predecessor-version":[{"id":15142,"href":"https:\/\/baralivres.ma\/index.php?rest_route=\/wp\/v2\/product\/15137\/revisions\/15142"}],"wp:featuredmedia":[{"embeddable":true,"href":"https:\/\/baralivres.ma\/index.php?rest_route=\/wp\/v2\/media\/15140"}],"wp:attachment":[{"href":"https:\/\/baralivres.ma\/index.php?rest_route=%2Fwp%2Fv2%2Fmedia&parent=15137"}],"wp:term":[{"taxonomy":"product_cat","embeddable":true,"href":"https:\/\/baralivres.ma\/index.php?rest_route=%2Fwp%2Fv2%2Fproduct_cat&post=15137"},{"taxonomy":"product_tag","embeddable":true,"href":"https:\/\/baralivres.ma\/index.php?rest_route=%2Fwp%2Fv2%2Fproduct_tag&post=15137"}],"curies":[{"name":"wp","href":"https:\/\/api.w.org\/{rel}","templated":true}]}}