{"id":15134,"date":"2023-10-27T12:27:44","date_gmt":"2023-10-27T11:27:44","guid":{"rendered":"https:\/\/baralivres.ma\/?post_type=product&#038;p=15134"},"modified":"2023-10-27T12:27:44","modified_gmt":"2023-10-27T11:27:44","slug":"le-piege","status":"publish","type":"product","link":"https:\/\/baralivres.ma\/?product=le-piege","title":{"rendered":"Le pi\u00e8ge"},"content":{"rendered":"<p>Jacob Fincher, autrefois c\u00e9l\u00e8bre en tant que romancier avant de tomber dans l&rsquo;oubli, enseigne actuellement l&rsquo;\u00e9criture dans une petite universit\u00e9 du Vermont. Il est \u00e9merveill\u00e9 par l&rsquo;intrigue exceptionnelle d&rsquo;un livre que l&rsquo;un de ses \u00e9tudiants, Evan, envisage d&rsquo;\u00e9crire. C&rsquo;est une intrigue qui promet un grand succ\u00e8s en tant que best-seller. Cependant, lorsque Jacob d\u00e9couvre quelques ann\u00e9es plus tard qu&rsquo;Evan est d\u00e9c\u00e9d\u00e9 sans avoir pu concr\u00e9tiser son projet, il d\u00e9cide d&rsquo;adopter cette id\u00e9e extraordinaire. Cette d\u00e9cision le propulse vers le sommet de la gloire litt\u00e9raire. Cependant, lorsqu&rsquo;il re\u00e7oit un e-mail anonyme l&rsquo;accusant de vol, il se lance dans une qu\u00eate pour d\u00e9couvrir l&rsquo;identit\u00e9 de son pers\u00e9cuteur, sans se douter de la dangerosit\u00e9 du jeu auquel il s&rsquo;est engag\u00e9.<\/p>\n","protected":false},"excerpt":{"rendered":"<p>Ancien romancier, Jacob vole l&rsquo;id\u00e9e de son \u00e9tudiant Evan, obtient succ\u00e8s, traqu\u00e9 par un myst\u00e9rieux accusateur.<\/p>\n","protected":false},"featured_media":15143,"comment_status":"open","ping_status":"closed","template":"","meta":{"inline_featured_image":false},"product_cat":[204,143],"product_tag":[],"class_list":{"0":"post-15134","1":"product","2":"type-product","3":"status-publish","4":"has-post-thumbnail","6":"product_cat-francais","7":"product_cat-roman","8":"pa_auteurs-jean-hnsff-korelitz","10":"first","11":"instock","12":"shipping-taxable","13":"purchasable","14":"product-type-simple"},"_links":{"self":[{"href":"https:\/\/baralivres.ma\/index.php?rest_route=\/wp\/v2\/product\/15134","targetHints":{"allow":["GET"]}}],"collection":[{"href":"https:\/\/baralivres.ma\/index.php?rest_route=\/wp\/v2\/product"}],"about":[{"href":"https:\/\/baralivres.ma\/index.php?rest_route=\/wp\/v2\/types\/product"}],"replies":[{"embeddable":true,"href":"https:\/\/baralivres.ma\/index.php?rest_route=%2Fwp%2Fv2%2Fcomments&post=15134"}],"version-history":[{"count":1,"href":"https:\/\/baralivres.ma\/index.php?rest_route=\/wp\/v2\/product\/15134\/revisions"}],"predecessor-version":[{"id":15144,"href":"https:\/\/baralivres.ma\/index.php?rest_route=\/wp\/v2\/product\/15134\/revisions\/15144"}],"wp:featuredmedia":[{"embeddable":true,"href":"https:\/\/baralivres.ma\/index.php?rest_route=\/wp\/v2\/media\/15143"}],"wp:attachment":[{"href":"https:\/\/baralivres.ma\/index.php?rest_route=%2Fwp%2Fv2%2Fmedia&parent=15134"}],"wp:term":[{"taxonomy":"product_cat","embeddable":true,"href":"https:\/\/baralivres.ma\/index.php?rest_route=%2Fwp%2Fv2%2Fproduct_cat&post=15134"},{"taxonomy":"product_tag","embeddable":true,"href":"https:\/\/baralivres.ma\/index.php?rest_route=%2Fwp%2Fv2%2Fproduct_tag&post=15134"}],"curies":[{"name":"wp","href":"https:\/\/api.w.org\/{rel}","templated":true}]}}