{"id":15131,"date":"2023-10-27T12:27:11","date_gmt":"2023-10-27T11:27:11","guid":{"rendered":"https:\/\/baralivres.ma\/?post_type=product&#038;p=15131"},"modified":"2025-02-20T12:15:38","modified_gmt":"2025-02-20T11:15:38","slug":"histoire-de-la-mecque","status":"publish","type":"product","link":"https:\/\/baralivres.ma\/?product=histoire-de-la-mecque","title":{"rendered":"Histoire de La Mecque"},"content":{"rendered":"<p>Ce livre exceptionnel retrace l&rsquo;histoire fascinante de La Mecque, l&rsquo;un des sites religieux les plus importants de la plan\u00e8te, et le c\u0153ur de l&rsquo;Islam. L&rsquo;auteur, Ziauddin Sardar, m\u00eale ses propres exp\u00e9riences de p\u00e8lerinage aux sources historiques pour nous offrir un aper\u00e7u unique de ce lieu embl\u00e9matique. De l&rsquo;origine de la Kaaba \u00e0 l&rsquo;\u00e9volution de la ville sainte, l&rsquo;ouvrage explore la vie du proph\u00e8te Mahomet, l&rsquo;autorit\u00e9 religieuse de ses descendants, les caravanes de chameaux transportant des pr\u00e9sents pr\u00e9cieux, la prosp\u00e8re cit\u00e9 commer\u00e7ante, ses habitants aux modes de vie vari\u00e9s, les visiteurs occidentaux fascin\u00e9s, les intrigues, les conflits de pouvoir, les batailles sanglantes, la domination ottomane et l&rsquo;\u00e9mergence du wahhabisme.<\/p>\n<p>Ziauddin Sardar, directeur du Centre de politique et de prospective \u00e0 l&rsquo;Universit\u00e9 de Chicago, cor\u00e9dacteur en chef de la revue Critical Muslim et pr\u00e9sident de l&rsquo;Institut musulman de Londres, nous offre ainsi un r\u00e9cit complet de l&rsquo;histoire de La Mecque.<\/p>\n","protected":false},"excerpt":{"rendered":"<div class=\"group w-full text-token-text-primary border-b border-black\/10 gizmo:border-0 dark:border-gray-900\/50 gizmo:dark:border-0 bg-gray-50 gizmo:bg-transparent dark:bg-[#444654] gizmo:dark:bg-transparent\" data-testid=\"conversation-turn-123\">\n<div class=\"p-4 gizmo:py-2 justify-center text-base md:gap-6 md:py-6 m-auto\">\n<div class=\"flex flex-1 gap-4 text-base mx-auto md:gap-6 gizmo:gap-3 gizmo:md:px-5 gizmo:lg:px-1 gizmo:xl:px-5 md:max-w-2xl lg:max-w-[38rem] gizmo:md:max-w-3xl gizmo:lg:max-w-[40rem] gizmo:xl:max-w-[48rem] xl:max-w-3xl }\">\n<div class=\"relative flex w-[calc(100%-50px)] flex-col gizmo:w-full lg:w-[calc(100%-115px)] agent-turn\">\n<div class=\"flex-col gap-1 md:gap-3\">\n<div class=\"flex flex-grow flex-col gap-3 max-w-full\">\n<div class=\"min-h-[20px] flex flex-col items-start gap-3 whitespace-pre-wrap break-words overflow-x-auto\" data-message-author-role=\"assistant\" data-message-id=\"fc37b784-32ed-4a04-a183-32cbdd763274\">\n<div class=\"markdown prose w-full break-words dark:prose-invert light\">\n<p>Ce livre explore l&rsquo;histoire de La Mecque, c\u0153ur de l&rsquo;Islam, m\u00ealant les r\u00e9cits de voyage et l&rsquo;histoire religieuse.<\/p>\n<\/div>\n<\/div>\n<\/div>\n<div class=\"flex justify-between empty:hidden gizmo:justify-start gizmo:gap-3 lg:block gizmo:lg:flex\">\n<div class=\"text-gray-400 flex self-end lg:self-center justify-center gizmo:lg:justify-start mt-2 gizmo:mt-0 visible lg:gap-1 lg:absolute lg:top-0 lg:translate-x-full lg:right-0 lg:mt-0 lg:pl-2 gap-2 md:gap-3\"><button class=\"flex ml-auto gizmo:ml-0 gap-2 items-center rounded-md p-1 text-xs gizmo:gap-1.5 gizmo:pl-0 dark:text-gray-400 dark:hover:text-gray-200 disabled:dark:hover:text-gray-400 hover:text-gray-700\"><\/button><\/p>\n<div class=\"flex gap-1\"><\/div>\n<\/div>\n<\/div>\n<\/div>\n<\/div>\n<\/div>\n<\/div>\n<\/div>\n","protected":false},"featured_media":15139,"comment_status":"open","ping_status":"closed","template":"","meta":{"inline_featured_image":false},"product_cat":[3725,3862,4214],"product_tag":[],"class_list":{"0":"post-15131","1":"product","2":"type-product","3":"status-publish","4":"has-post-thumbnail","6":"product_cat-litterature-religieuse","7":"product_cat-spiritualite","8":"product_cat-voyage-spirituel-pendant-le-ramadan","9":"pa_auteurs-ziauddin-sardar","11":"first","12":"instock","13":"shipping-taxable","14":"purchasable","15":"product-type-simple"},"_links":{"self":[{"href":"https:\/\/baralivres.ma\/index.php?rest_route=\/wp\/v2\/product\/15131","targetHints":{"allow":["GET"]}}],"collection":[{"href":"https:\/\/baralivres.ma\/index.php?rest_route=\/wp\/v2\/product"}],"about":[{"href":"https:\/\/baralivres.ma\/index.php?rest_route=\/wp\/v2\/types\/product"}],"replies":[{"embeddable":true,"href":"https:\/\/baralivres.ma\/index.php?rest_route=%2Fwp%2Fv2%2Fcomments&post=15131"}],"version-history":[{"count":1,"href":"https:\/\/baralivres.ma\/index.php?rest_route=\/wp\/v2\/product\/15131\/revisions"}],"predecessor-version":[{"id":15141,"href":"https:\/\/baralivres.ma\/index.php?rest_route=\/wp\/v2\/product\/15131\/revisions\/15141"}],"wp:featuredmedia":[{"embeddable":true,"href":"https:\/\/baralivres.ma\/index.php?rest_route=\/wp\/v2\/media\/15139"}],"wp:attachment":[{"href":"https:\/\/baralivres.ma\/index.php?rest_route=%2Fwp%2Fv2%2Fmedia&parent=15131"}],"wp:term":[{"taxonomy":"product_cat","embeddable":true,"href":"https:\/\/baralivres.ma\/index.php?rest_route=%2Fwp%2Fv2%2Fproduct_cat&post=15131"},{"taxonomy":"product_tag","embeddable":true,"href":"https:\/\/baralivres.ma\/index.php?rest_route=%2Fwp%2Fv2%2Fproduct_tag&post=15131"}],"curies":[{"name":"wp","href":"https:\/\/api.w.org\/{rel}","templated":true}]}}