{"id":15128,"date":"2023-10-27T12:23:55","date_gmt":"2023-10-27T11:23:55","guid":{"rendered":"https:\/\/baralivres.ma\/?post_type=product&#038;p=15128"},"modified":"2023-10-27T12:23:56","modified_gmt":"2023-10-27T11:23:56","slug":"le-voyage-de-cilka","status":"publish","type":"product","link":"https:\/\/baralivres.ma\/?product=le-voyage-de-cilka","title":{"rendered":"Le voyage de Cilka"},"content":{"rendered":"<p>\u00c0 seulement 16 ans, Cilka Klein est d\u00e9port\u00e9e et rapidement remarqu\u00e9e pour sa beaut\u00e9 par le commandant du camp de Birkenau, ce qui la distingue des autres prisonni\u00e8res. Cependant, \u00e0 la lib\u00e9ration du camp par les Russes, elle est accus\u00e9e de collaboration et condamn\u00e9e \u00e0 une peine en Sib\u00e9rie, marquant le d\u00e9but d&rsquo;un second cauchemar. Dans le goulag, o\u00f9 elle doit purger une peine de quinze ans, elle se lie d&rsquo;amiti\u00e9 avec une femme m\u00e9decin et acquiert des comp\u00e9tences pour soigner les malades \u00e0 l&rsquo;h\u00f4pital. C&rsquo;est l\u00e0 qu&rsquo;elle rencontre Alexandr, d\u00e9couvrant ainsi que l&rsquo;amour peut na\u00eetre m\u00eame dans les circonstances les plus tragiques. \u00c0 l&rsquo;image de \u00ab\u00a0Le tatoueur d&rsquo;Auschwitz,\u00a0\u00bb Heather Morris s&rsquo;inspire de nombreux t\u00e9moignages pour donner vie \u00e0 ce nouveau roman tr\u00e8s attendu.<\/p>\n","protected":false},"excerpt":{"rendered":"<p>Cilka, d\u00e9port\u00e9e \u00e0 16 ans, survit \u00e0 Birkenau, puis au goulag, d\u00e9couvrant l&rsquo;amour malgr\u00e9 des circonstances tragiques.<\/p>\n","protected":false},"featured_media":15135,"comment_status":"open","ping_status":"closed","template":"","meta":{"inline_featured_image":false},"product_cat":[204,143],"product_tag":[],"class_list":{"0":"post-15128","1":"product","2":"type-product","3":"status-publish","4":"has-post-thumbnail","6":"product_cat-francais","7":"product_cat-roman","8":"pa_auteurs-meather-morris","10":"first","11":"instock","12":"shipping-taxable","13":"purchasable","14":"product-type-simple"},"_links":{"self":[{"href":"https:\/\/baralivres.ma\/index.php?rest_route=\/wp\/v2\/product\/15128","targetHints":{"allow":["GET"]}}],"collection":[{"href":"https:\/\/baralivres.ma\/index.php?rest_route=\/wp\/v2\/product"}],"about":[{"href":"https:\/\/baralivres.ma\/index.php?rest_route=\/wp\/v2\/types\/product"}],"replies":[{"embeddable":true,"href":"https:\/\/baralivres.ma\/index.php?rest_route=%2Fwp%2Fv2%2Fcomments&post=15128"}],"version-history":[{"count":1,"href":"https:\/\/baralivres.ma\/index.php?rest_route=\/wp\/v2\/product\/15128\/revisions"}],"predecessor-version":[{"id":15136,"href":"https:\/\/baralivres.ma\/index.php?rest_route=\/wp\/v2\/product\/15128\/revisions\/15136"}],"wp:featuredmedia":[{"embeddable":true,"href":"https:\/\/baralivres.ma\/index.php?rest_route=\/wp\/v2\/media\/15135"}],"wp:attachment":[{"href":"https:\/\/baralivres.ma\/index.php?rest_route=%2Fwp%2Fv2%2Fmedia&parent=15128"}],"wp:term":[{"taxonomy":"product_cat","embeddable":true,"href":"https:\/\/baralivres.ma\/index.php?rest_route=%2Fwp%2Fv2%2Fproduct_cat&post=15128"},{"taxonomy":"product_tag","embeddable":true,"href":"https:\/\/baralivres.ma\/index.php?rest_route=%2Fwp%2Fv2%2Fproduct_tag&post=15128"}],"curies":[{"name":"wp","href":"https:\/\/api.w.org\/{rel}","templated":true}]}}