{"id":15127,"date":"2023-10-27T12:27:58","date_gmt":"2023-10-27T11:27:58","guid":{"rendered":"https:\/\/baralivres.ma\/?post_type=product&#038;p=15127"},"modified":"2023-10-27T12:27:59","modified_gmt":"2023-10-27T11:27:59","slug":"imaqa","status":"publish","type":"product","link":"https:\/\/baralivres.ma\/?product=imaqa","title":{"rendered":"\u00cdmaqa"},"content":{"rendered":"<p>Martin, un professeur danois de trente-huit ans qui ressent un vide dans sa vie, d\u00e9cide de demander sa mutation dans la partie la plus septentrionale du Danemark, c&rsquo;est-\u00e0-dire le Groenland. Il prend un poste dans un petit village de cent cinquante habitants, Nunaqarfik, situ\u00e9 \u00e0 plus de cinq cents kilom\u00e8tres au nord du cercle polaire.<\/p>\n<p>Dot\u00e9 de bonnes intentions, mais charg\u00e9 d&rsquo;une conscience coloniale pesante et de pr\u00e9jug\u00e9s, Martin d\u00e9couvre une communaut\u00e9 unie dont la vie est \u00e9troitement li\u00e9e \u00e0 la nature environnante, et non malgr\u00e9 elle. Au fil des mois et des rencontres, dans une soci\u00e9t\u00e9 o\u00f9 le rire est consid\u00e9r\u00e9 comme le rem\u00e8de ultime contre la peur et la tristesse, il apprend \u00e0 appr\u00e9cier le moment pr\u00e9sent, sans se pr\u00e9occuper de ce qui aurait pu \u00eatre. Il trouve finalement ce qu&rsquo;il cherchait : l&rsquo;aventure, l&rsquo;immensit\u00e9, l&rsquo;harmonie et l&rsquo;amour.<\/p>\n<p>Ce roman chaleureux et humaniste d\u00e9nonce notamment les cons\u00e9quences n\u00e9fastes de la colonisation du Groenland par le Danemark. \u00cdmaqa c\u00e9l\u00e8bre la tol\u00e9rance et la douceur, port\u00e9 par un humour irr\u00e9sistible.<\/p>\n","protected":false},"excerpt":{"rendered":"<p>Martin, professeur danois, rejoint Groenland, d\u00e9couvre vie communautaire, abandonne pr\u00e9jug\u00e9s, trouve amour et harmonie.<\/p>\n","protected":false},"featured_media":15138,"comment_status":"open","ping_status":"closed","template":"","meta":{"inline_featured_image":false},"product_cat":[204,143],"product_tag":[],"class_list":{"0":"post-15127","1":"product","2":"type-product","3":"status-publish","4":"has-post-thumbnail","6":"product_cat-francais","7":"product_cat-roman","8":"pa_auteurs-flemming-jensen","10":"first","11":"instock","12":"shipping-taxable","13":"purchasable","14":"product-type-simple"},"_links":{"self":[{"href":"https:\/\/baralivres.ma\/index.php?rest_route=\/wp\/v2\/product\/15127","targetHints":{"allow":["GET"]}}],"collection":[{"href":"https:\/\/baralivres.ma\/index.php?rest_route=\/wp\/v2\/product"}],"about":[{"href":"https:\/\/baralivres.ma\/index.php?rest_route=\/wp\/v2\/types\/product"}],"replies":[{"embeddable":true,"href":"https:\/\/baralivres.ma\/index.php?rest_route=%2Fwp%2Fv2%2Fcomments&post=15127"}],"version-history":[{"count":1,"href":"https:\/\/baralivres.ma\/index.php?rest_route=\/wp\/v2\/product\/15127\/revisions"}],"predecessor-version":[{"id":15145,"href":"https:\/\/baralivres.ma\/index.php?rest_route=\/wp\/v2\/product\/15127\/revisions\/15145"}],"wp:featuredmedia":[{"embeddable":true,"href":"https:\/\/baralivres.ma\/index.php?rest_route=\/wp\/v2\/media\/15138"}],"wp:attachment":[{"href":"https:\/\/baralivres.ma\/index.php?rest_route=%2Fwp%2Fv2%2Fmedia&parent=15127"}],"wp:term":[{"taxonomy":"product_cat","embeddable":true,"href":"https:\/\/baralivres.ma\/index.php?rest_route=%2Fwp%2Fv2%2Fproduct_cat&post=15127"},{"taxonomy":"product_tag","embeddable":true,"href":"https:\/\/baralivres.ma\/index.php?rest_route=%2Fwp%2Fv2%2Fproduct_tag&post=15127"}],"curies":[{"name":"wp","href":"https:\/\/api.w.org\/{rel}","templated":true}]}}