{"id":15122,"date":"2023-10-27T12:23:28","date_gmt":"2023-10-27T11:23:28","guid":{"rendered":"https:\/\/baralivres.ma\/?post_type=product&#038;p=15122"},"modified":"2023-10-27T12:23:28","modified_gmt":"2023-10-27T11:23:28","slug":"lautre-moitie-de-soi","status":"publish","type":"product","link":"https:\/\/baralivres.ma\/?product=lautre-moitie-de-soi","title":{"rendered":"L&rsquo;autre moiti\u00e9 de soi"},"content":{"rendered":"<p>Quatorze ann\u00e9es apr\u00e8s que les jumelles Vignes aient disparu, l&rsquo;une d&rsquo;entre elles, Desiree, r\u00e9appara\u00eet dans leur ville natale de Mallard, situ\u00e9e dans le sud des \u00c9tats-Unis, \u00e0 une \u00e9poque o\u00f9 la s\u00e9gr\u00e9gation raciale vient tout juste de prendre fin. Lorsqu&rsquo;elles \u00e9taient adolescentes, elles avaient pris la d\u00e9cision de fuir ensemble pour affronter le monde main dans la main. Cependant, \u00e0 son retour, Desiree se rend compte qu&rsquo;elle a perdu tout contact avec sa s\u0153ur jumelle, Stella, depuis de nombreuses ann\u00e9es. Stella avait choisi de vivre \u00e0 Boston en se faisant passer pour une jeune femme blanche. Cela soul\u00e8ve la question de jusqu&rsquo;o\u00f9 on peut renoncer \u00e0 une partie de son identit\u00e9. Dans ce roman remarquable, l&rsquo;auteure explore les complexit\u00e9s de l&rsquo;identit\u00e9, de la parent\u00e9, du d\u00e9sir de contr\u00f4ler son propre destin, et du besoin imp\u00e9rieux de trouver sa place dans le monde.<\/p>\n","protected":false},"excerpt":{"rendered":"<p>Une jumelle r\u00e9appara\u00eet apr\u00e8s 14 ans, laissant derri\u00e8re elle sa s\u0153ur qui m\u00e8ne une vie diff\u00e9rente.<\/p>\n","protected":false},"featured_media":15132,"comment_status":"open","ping_status":"closed","template":"","meta":{"inline_featured_image":false},"product_cat":[204,143],"product_tag":[],"class_list":{"0":"post-15122","1":"product","2":"type-product","3":"status-publish","4":"has-post-thumbnail","6":"product_cat-francais","7":"product_cat-roman","8":"pa_auteurs-brit-bennett","10":"first","11":"instock","12":"shipping-taxable","13":"purchasable","14":"product-type-simple"},"_links":{"self":[{"href":"https:\/\/baralivres.ma\/index.php?rest_route=\/wp\/v2\/product\/15122","targetHints":{"allow":["GET"]}}],"collection":[{"href":"https:\/\/baralivres.ma\/index.php?rest_route=\/wp\/v2\/product"}],"about":[{"href":"https:\/\/baralivres.ma\/index.php?rest_route=\/wp\/v2\/types\/product"}],"replies":[{"embeddable":true,"href":"https:\/\/baralivres.ma\/index.php?rest_route=%2Fwp%2Fv2%2Fcomments&post=15122"}],"version-history":[{"count":1,"href":"https:\/\/baralivres.ma\/index.php?rest_route=\/wp\/v2\/product\/15122\/revisions"}],"predecessor-version":[{"id":15133,"href":"https:\/\/baralivres.ma\/index.php?rest_route=\/wp\/v2\/product\/15122\/revisions\/15133"}],"wp:featuredmedia":[{"embeddable":true,"href":"https:\/\/baralivres.ma\/index.php?rest_route=\/wp\/v2\/media\/15132"}],"wp:attachment":[{"href":"https:\/\/baralivres.ma\/index.php?rest_route=%2Fwp%2Fv2%2Fmedia&parent=15122"}],"wp:term":[{"taxonomy":"product_cat","embeddable":true,"href":"https:\/\/baralivres.ma\/index.php?rest_route=%2Fwp%2Fv2%2Fproduct_cat&post=15122"},{"taxonomy":"product_tag","embeddable":true,"href":"https:\/\/baralivres.ma\/index.php?rest_route=%2Fwp%2Fv2%2Fproduct_tag&post=15122"}],"curies":[{"name":"wp","href":"https:\/\/api.w.org\/{rel}","templated":true}]}}