{"id":15119,"date":"2023-10-27T12:22:32","date_gmt":"2023-10-27T11:22:32","guid":{"rendered":"https:\/\/baralivres.ma\/?post_type=product&#038;p=15119"},"modified":"2023-10-27T12:22:33","modified_gmt":"2023-10-27T11:22:33","slug":"la-relativite","status":"publish","type":"product","link":"https:\/\/baralivres.ma\/?product=la-relativite","title":{"rendered":"La Relativit\u00e9"},"content":{"rendered":"<div class=\"flex-1 overflow-hidden\">\n<div class=\"react-scroll-to-bottom--css-pnmdz-79elbk h-full\">\n<div class=\"react-scroll-to-bottom--css-pnmdz-1n7m0yu\">\n<div class=\"flex flex-col text-sm gizmo:pb-9 dark:bg-gray-800 gizmo:dark:bg-transparent\">\n<div class=\"group w-full text-token-text-primary border-b border-black\/10 gizmo:border-0 dark:border-gray-900\/50 gizmo:dark:border-0 bg-gray-50 gizmo:bg-transparent dark:bg-[#444654] gizmo:dark:bg-transparent\" data-testid=\"conversation-turn-119\">\n<div class=\"p-4 gizmo:py-2 justify-center text-base md:gap-6 md:py-6 m-auto\">\n<div class=\"flex flex-1 gap-4 text-base mx-auto md:gap-6 gizmo:gap-3 gizmo:md:px-5 gizmo:lg:px-1 gizmo:xl:px-5 md:max-w-2xl lg:max-w-[38rem] gizmo:md:max-w-3xl gizmo:lg:max-w-[40rem] gizmo:xl:max-w-[48rem] xl:max-w-3xl }\">\n<div class=\"relative flex w-[calc(100%-50px)] flex-col gizmo:w-full lg:w-[calc(100%-115px)] agent-turn\">\n<div class=\"flex-col gap-1 md:gap-3\">\n<div class=\"flex flex-grow flex-col gap-3 max-w-full\">\n<div class=\"min-h-[20px] flex flex-col items-start gap-3 whitespace-pre-wrap break-words overflow-x-auto\" data-message-author-role=\"assistant\" data-message-id=\"0717668d-ccc9-4c5e-91f8-806de35aacf1\">\n<div class=\"markdown prose w-full break-words dark:prose-invert light\">\n<p>Albert Einstein, c\u00e9l\u00e9br\u00e9 comme le \u00ab\u00a0g\u00e9nie des g\u00e9nies\u00a0\u00bb par le \u00ab\u00a0Time Magazine\u00a0\u00bb et laur\u00e9at du prix Nobel de physique en 1921, a laiss\u00e9 une empreinte ind\u00e9l\u00e9bile dans le domaine scientifique. Ses contributions notables incluent la th\u00e9orie de la relativit\u00e9 restreinte, publi\u00e9e en 1905, qui est r\u00e9sum\u00e9e dans la c\u00e9l\u00e8bre formule E=mc2. Cette th\u00e9orie a \u00e9tabli que rien ne peut voyager plus vite que la vitesse de la lumi\u00e8re. Einstein a \u00e9galement d\u00e9velopp\u00e9 la th\u00e9orie de la relativit\u00e9 g\u00e9n\u00e9rale en 1915, qui a red\u00e9fini la conception newtonienne de la gravit\u00e9 en introduisant le concept d&rsquo;espace-temps.<\/p>\n<p>Dans cet ouvrage, Einstein s&rsquo;attache \u00e0 expliquer ces deux th\u00e9ories de la relativit\u00e9 de mani\u00e8re accessible aux non-sp\u00e9cialistes. Il \u00e9claire \u00e9galement les implications profondes de ces th\u00e9ories, tant sur le plan scientifique que philosophique.<\/p>\n<\/div>\n<\/div>\n<\/div>\n<div class=\"flex justify-between empty:hidden gizmo:justify-start gizmo:gap-3 lg:block gizmo:lg:flex\">\n<div class=\"text-gray-400 flex self-end lg:self-center justify-center gizmo:lg:justify-start mt-2 gizmo:mt-0 visible lg:gap-1 lg:absolute lg:top-0 lg:translate-x-full lg:right-0 lg:mt-0 lg:pl-2 gap-2 md:gap-3\"><button class=\"flex ml-auto gizmo:ml-0 gap-2 items-center rounded-md p-1 text-xs gizmo:gap-1.5 gizmo:pl-0 dark:text-gray-400 dark:hover:text-gray-200 disabled:dark:hover:text-gray-400 hover:text-gray-700\"><\/button><\/p>\n<div class=\"flex gap-1\"><\/div>\n<\/div>\n<\/div>\n<\/div>\n<\/div>\n<\/div>\n<\/div>\n<\/div>\n<div class=\"h-36 md:h-48 flex-shrink-0\"><\/div>\n<\/div>\n<\/div>\n<\/div>\n<\/div>\n<div class=\"w-full pt-2 md:pt-0 border-t md:border-t-0 dark:border-white\/20 md:border-transparent md:dark:border-transparent md:pl-2 gizmo:pl-0 gizmo:md:pl-0 md:w-[calc(100%-.5rem)] absolute bottom-0 left-0 md:bg-vert-light-gradient bg-white dark:bg-gray-800 md:!bg-transparent dark:md:bg-vert-dark-gradient\">\n<div class=\"relative flex h-full flex-1 items-stretch md:flex-col\">\n<div>\n<div class=\"h-full flex ml-1 md:w-full md:m-auto md:mb-4 gap-0 md:gap-2 justify-center\"><\/div>\n<\/div>\n<\/div>\n<\/div>\n","protected":false},"excerpt":{"rendered":"<p>Albert Einstein, g\u00e9nie des sciences, explique de mani\u00e8re accessible les th\u00e9ories de la relativit\u00e9 et leurs implications.<\/p>\n","protected":false},"featured_media":15129,"comment_status":"open","ping_status":"closed","template":"","meta":{"inline_featured_image":false},"product_cat":[204,143],"product_tag":[],"class_list":{"0":"post-15119","1":"product","2":"type-product","3":"status-publish","4":"has-post-thumbnail","6":"product_cat-francais","7":"product_cat-roman","8":"pa_auteurs-albert-einstein","10":"first","11":"instock","12":"shipping-taxable","13":"purchasable","14":"product-type-simple"},"_links":{"self":[{"href":"https:\/\/baralivres.ma\/index.php?rest_route=\/wp\/v2\/product\/15119","targetHints":{"allow":["GET"]}}],"collection":[{"href":"https:\/\/baralivres.ma\/index.php?rest_route=\/wp\/v2\/product"}],"about":[{"href":"https:\/\/baralivres.ma\/index.php?rest_route=\/wp\/v2\/types\/product"}],"replies":[{"embeddable":true,"href":"https:\/\/baralivres.ma\/index.php?rest_route=%2Fwp%2Fv2%2Fcomments&post=15119"}],"version-history":[{"count":1,"href":"https:\/\/baralivres.ma\/index.php?rest_route=\/wp\/v2\/product\/15119\/revisions"}],"predecessor-version":[{"id":15130,"href":"https:\/\/baralivres.ma\/index.php?rest_route=\/wp\/v2\/product\/15119\/revisions\/15130"}],"wp:featuredmedia":[{"embeddable":true,"href":"https:\/\/baralivres.ma\/index.php?rest_route=\/wp\/v2\/media\/15129"}],"wp:attachment":[{"href":"https:\/\/baralivres.ma\/index.php?rest_route=%2Fwp%2Fv2%2Fmedia&parent=15119"}],"wp:term":[{"taxonomy":"product_cat","embeddable":true,"href":"https:\/\/baralivres.ma\/index.php?rest_route=%2Fwp%2Fv2%2Fproduct_cat&post=15119"},{"taxonomy":"product_tag","embeddable":true,"href":"https:\/\/baralivres.ma\/index.php?rest_route=%2Fwp%2Fv2%2Fproduct_tag&post=15119"}],"curies":[{"name":"wp","href":"https:\/\/api.w.org\/{rel}","templated":true}]}}