{"id":15118,"date":"2023-10-27T12:20:49","date_gmt":"2023-10-27T11:20:49","guid":{"rendered":"https:\/\/baralivres.ma\/?post_type=product&#038;p=15118"},"modified":"2023-10-27T12:20:49","modified_gmt":"2023-10-27T11:20:49","slug":"les-soeurs-dauschwitz","status":"publish","type":"product","link":"https:\/\/baralivres.ma\/?product=les-soeurs-dauschwitz","title":{"rendered":"Les soeurs d&rsquo;Auschwitz"},"content":{"rendered":"<p>\u00ab\u00a0En 1942, en Slovaquie, Livia, Cibi et Magda Meller ont fait un serment \u00e9mouvant \u00e0 leur p\u00e8re, promettant de veiller les unes sur les autres malgr\u00e9 les circonstances. Les ann\u00e9es ont pass\u00e9, et dans une Europe d\u00e9chir\u00e9e par la guerre, la survie de ces trois adolescentes juives est incertaine chaque jour. Cependant, lorsque Livia est arr\u00eat\u00e9e par les nazis, sa s\u0153ur Cibi tient sa promesse en la suivant dans l&rsquo;horreur d&rsquo;Auschwitz, bient\u00f4t rejointe par Magda. Confront\u00e9es \u00e0 l&rsquo;atroce r\u00e9alit\u00e9 et \u00e0 la cruaut\u00e9 du camp, les trois s\u0153urs forment un nouvel engagement : celui de survivre ensemble. Heather Morris, l&rsquo;auteure du best-seller \u00ab\u00a0Le tatoueur d&rsquo;Auschwitz\u00a0\u00bb, nous livre un roman poignant bas\u00e9 sur des t\u00e9moignages exceptionnels.\u00a0\u00bb<\/p>\n","protected":false},"excerpt":{"rendered":"<p>En Slovaquie, trois s\u0153urs juives font le serment de survivre ensemble \u00e0 Auschwitz pendant la Seconde Guerre mondiale.<\/p>\n","protected":false},"featured_media":15123,"comment_status":"open","ping_status":"closed","template":"","meta":{"inline_featured_image":false},"product_cat":[204,143],"product_tag":[],"class_list":{"0":"post-15118","1":"product","2":"type-product","3":"status-publish","4":"has-post-thumbnail","6":"product_cat-francais","7":"product_cat-roman","8":"pa_auteurs-meather-morris","10":"first","11":"instock","12":"shipping-taxable","13":"purchasable","14":"product-type-simple"},"_links":{"self":[{"href":"https:\/\/baralivres.ma\/index.php?rest_route=\/wp\/v2\/product\/15118","targetHints":{"allow":["GET"]}}],"collection":[{"href":"https:\/\/baralivres.ma\/index.php?rest_route=\/wp\/v2\/product"}],"about":[{"href":"https:\/\/baralivres.ma\/index.php?rest_route=\/wp\/v2\/types\/product"}],"replies":[{"embeddable":true,"href":"https:\/\/baralivres.ma\/index.php?rest_route=%2Fwp%2Fv2%2Fcomments&post=15118"}],"version-history":[{"count":1,"href":"https:\/\/baralivres.ma\/index.php?rest_route=\/wp\/v2\/product\/15118\/revisions"}],"predecessor-version":[{"id":15124,"href":"https:\/\/baralivres.ma\/index.php?rest_route=\/wp\/v2\/product\/15118\/revisions\/15124"}],"wp:featuredmedia":[{"embeddable":true,"href":"https:\/\/baralivres.ma\/index.php?rest_route=\/wp\/v2\/media\/15123"}],"wp:attachment":[{"href":"https:\/\/baralivres.ma\/index.php?rest_route=%2Fwp%2Fv2%2Fmedia&parent=15118"}],"wp:term":[{"taxonomy":"product_cat","embeddable":true,"href":"https:\/\/baralivres.ma\/index.php?rest_route=%2Fwp%2Fv2%2Fproduct_cat&post=15118"},{"taxonomy":"product_tag","embeddable":true,"href":"https:\/\/baralivres.ma\/index.php?rest_route=%2Fwp%2Fv2%2Fproduct_tag&post=15118"}],"curies":[{"name":"wp","href":"https:\/\/api.w.org\/{rel}","templated":true}]}}