{"id":15109,"date":"2023-10-27T12:15:59","date_gmt":"2023-10-27T11:15:59","guid":{"rendered":"https:\/\/baralivres.ma\/?post_type=product&#038;p=15109"},"modified":"2023-10-27T12:16:00","modified_gmt":"2023-10-27T11:16:00","slug":"les-sept-piliers-de-la-sagesse","status":"publish","type":"product","link":"https:\/\/baralivres.ma\/?product=les-sept-piliers-de-la-sagesse","title":{"rendered":"Les Sept piliers de la sagesse"},"content":{"rendered":"<p>L&rsquo;autobiographie captivante du colonel Thomas Edward Lawrence (1888-1935) &#8211; connu sous le nom de Lawrence d&rsquo;Arabie &#8211; soul\u00e8ve des questions sur son identit\u00e9 complexe. Est-il un agent secret dou\u00e9 pour la narration ou un brillant strat\u00e8ge militaire ? Sa transformation en B\u00e9douin est-elle uniquement un d\u00e9guisement ? Et comment son homosexualit\u00e9 a-t-elle influenc\u00e9 sa vie ? Lawrence d&rsquo;Arabie incarne un mythe forg\u00e9 autour d&rsquo;une personnalit\u00e9 exceptionnelle, fusionnant aventures, analyse politique et r\u00e9flexions philosophiques. Son autobiographie offre un portrait fascinant et reste un chef-d&rsquo;\u0153uvre de la prose anglaise du XXe si\u00e8cle.<\/p>\n","protected":false},"excerpt":{"rendered":"<p>L&rsquo;autobiographie de Lawrence d&rsquo;Arabie explore son identit\u00e9 complexe, entre agent secret, strat\u00e8ge, et homme aux r\u00e9flexions profondes.<\/p>\n<p>&nbsp;<\/p>\n","protected":false},"featured_media":15116,"comment_status":"open","ping_status":"closed","template":"","meta":{"inline_featured_image":false},"product_cat":[204,143],"product_tag":[],"class_list":{"0":"post-15109","1":"product","2":"type-product","3":"status-publish","4":"has-post-thumbnail","6":"product_cat-francais","7":"product_cat-roman","8":"pa_auteurs-telawrence","10":"first","11":"instock","12":"shipping-taxable","13":"purchasable","14":"product-type-simple"},"_links":{"self":[{"href":"https:\/\/baralivres.ma\/index.php?rest_route=\/wp\/v2\/product\/15109","targetHints":{"allow":["GET"]}}],"collection":[{"href":"https:\/\/baralivres.ma\/index.php?rest_route=\/wp\/v2\/product"}],"about":[{"href":"https:\/\/baralivres.ma\/index.php?rest_route=\/wp\/v2\/types\/product"}],"replies":[{"embeddable":true,"href":"https:\/\/baralivres.ma\/index.php?rest_route=%2Fwp%2Fv2%2Fcomments&post=15109"}],"version-history":[{"count":1,"href":"https:\/\/baralivres.ma\/index.php?rest_route=\/wp\/v2\/product\/15109\/revisions"}],"predecessor-version":[{"id":15117,"href":"https:\/\/baralivres.ma\/index.php?rest_route=\/wp\/v2\/product\/15109\/revisions\/15117"}],"wp:featuredmedia":[{"embeddable":true,"href":"https:\/\/baralivres.ma\/index.php?rest_route=\/wp\/v2\/media\/15116"}],"wp:attachment":[{"href":"https:\/\/baralivres.ma\/index.php?rest_route=%2Fwp%2Fv2%2Fmedia&parent=15109"}],"wp:term":[{"taxonomy":"product_cat","embeddable":true,"href":"https:\/\/baralivres.ma\/index.php?rest_route=%2Fwp%2Fv2%2Fproduct_cat&post=15109"},{"taxonomy":"product_tag","embeddable":true,"href":"https:\/\/baralivres.ma\/index.php?rest_route=%2Fwp%2Fv2%2Fproduct_tag&post=15109"}],"curies":[{"name":"wp","href":"https:\/\/api.w.org\/{rel}","templated":true}]}}