{"id":15108,"date":"2023-10-27T12:21:09","date_gmt":"2023-10-27T11:21:09","guid":{"rendered":"https:\/\/baralivres.ma\/?post_type=product&#038;p=15108"},"modified":"2023-10-27T12:21:10","modified_gmt":"2023-10-27T11:21:10","slug":"les-fils-de-la-medina","status":"publish","type":"product","link":"https:\/\/baralivres.ma\/?product=les-fils-de-la-medina","title":{"rendered":"Les Fils de la M\u00e9dina"},"content":{"rendered":"<p>Sur les vestiges des palais fatimides, la Gamaliyya a \u00e9merg\u00e9, devenant ainsi un quartier du vieux Caire. Attir\u00e9 par la vie foisonnante qui se d\u00e9roule parmi ces tr\u00e9sors enfouis, Mahfouz a fait de la Gamaliyya un reflet miniature de l&rsquo;humanit\u00e9. Dans ce monde en constante \u00e9volution, fa\u00e7onn\u00e9 par les rumeurs de la ville et envelopp\u00e9 par les fum\u00e9es hypnotiques du haschisch, la voix du po\u00e8te populaire s&rsquo;\u00e9l\u00e8ve par moments, offrant des \u00e9vasions et prof\u00e9rant des illusions. Pendant ce temps, une s\u00e9rie de personnages se succ\u00e8dent, mobilisant les passions du peuple et \u00e9voquant les trois r\u00e9v\u00e9lations. Ce roman somptueux, une parabole captivante de Mahfouz, a \u00e9t\u00e9 censur\u00e9 en \u00c9gypte car il a \u00e9t\u00e9 per\u00e7u comme une transposition \u00ab\u00a0scandaleuse\u00a0\u00bb de l&rsquo;histoire sainte dans le r\u00e9cit familier de la vie quotidienne des gens. Malgr\u00e9 l&rsquo;intervention du pr\u00e9sident Nasser en personne, il a \u00e9t\u00e9 interdit en \u00c9gypte et a \u00e9t\u00e9 publi\u00e9 \u00e0 Beyrouth en 1967 dans une version l\u00e9g\u00e8rement expurg\u00e9e.<\/p>\n","protected":false},"excerpt":{"rendered":"<p>La Gamaliyya, quartier vieux Caire, miroir humanit\u00e9, censure, Mahfouz, roman interdit, parabole, vie populaire.<\/p>\n","protected":false},"featured_media":15125,"comment_status":"open","ping_status":"closed","template":"","meta":{"inline_featured_image":false},"product_cat":[204,143],"product_tag":[],"class_list":{"0":"post-15108","1":"product","2":"type-product","3":"status-publish","4":"has-post-thumbnail","6":"product_cat-francais","7":"product_cat-roman","8":"pa_auteurs-naguib-mahfouz","10":"first","11":"instock","12":"shipping-taxable","13":"purchasable","14":"product-type-simple"},"_links":{"self":[{"href":"https:\/\/baralivres.ma\/index.php?rest_route=\/wp\/v2\/product\/15108","targetHints":{"allow":["GET"]}}],"collection":[{"href":"https:\/\/baralivres.ma\/index.php?rest_route=\/wp\/v2\/product"}],"about":[{"href":"https:\/\/baralivres.ma\/index.php?rest_route=\/wp\/v2\/types\/product"}],"replies":[{"embeddable":true,"href":"https:\/\/baralivres.ma\/index.php?rest_route=%2Fwp%2Fv2%2Fcomments&post=15108"}],"version-history":[{"count":1,"href":"https:\/\/baralivres.ma\/index.php?rest_route=\/wp\/v2\/product\/15108\/revisions"}],"predecessor-version":[{"id":15126,"href":"https:\/\/baralivres.ma\/index.php?rest_route=\/wp\/v2\/product\/15108\/revisions\/15126"}],"wp:featuredmedia":[{"embeddable":true,"href":"https:\/\/baralivres.ma\/index.php?rest_route=\/wp\/v2\/media\/15125"}],"wp:attachment":[{"href":"https:\/\/baralivres.ma\/index.php?rest_route=%2Fwp%2Fv2%2Fmedia&parent=15108"}],"wp:term":[{"taxonomy":"product_cat","embeddable":true,"href":"https:\/\/baralivres.ma\/index.php?rest_route=%2Fwp%2Fv2%2Fproduct_cat&post=15108"},{"taxonomy":"product_tag","embeddable":true,"href":"https:\/\/baralivres.ma\/index.php?rest_route=%2Fwp%2Fv2%2Fproduct_tag&post=15108"}],"curies":[{"name":"wp","href":"https:\/\/api.w.org\/{rel}","templated":true}]}}