{"id":15105,"date":"2023-10-27T12:14:32","date_gmt":"2023-10-27T11:14:32","guid":{"rendered":"https:\/\/baralivres.ma\/?post_type=product&#038;p=15105"},"modified":"2023-10-27T12:14:34","modified_gmt":"2023-10-27T11:14:34","slug":"la-fille-de-lirlandais","status":"publish","type":"product","link":"https:\/\/baralivres.ma\/?product=la-fille-de-lirlandais","title":{"rendered":"La fille de l&rsquo;Irlandais"},"content":{"rendered":"<p>Au c\u0153ur du pays de Galles, l&rsquo;eau du robinet offre une saveur exquise, tandis que l&rsquo;air est empreint d&rsquo;une fragrance puissante \u00e9manant de la terre humide. Les nuages s&rsquo;\u00e9tirent en vastes \u00e9tendues, incitant les oiseaux \u00e0 s&rsquo;approcher davantage. Suite au d\u00e9c\u00e8s soudain de sa m\u00e8re, Eve Green, une enfant rousse espi\u00e8gle, est accueillie par ses grands-parents dans un village de ce magnifique mais sauvage environnement gallois. Elle doit y faire face au m\u00e9pris et \u00e0 la m\u00e9fiance des habitants. Cependant, lorsque la disparition myst\u00e9rieuse d&rsquo;une autre enfant bouleverse la vie des villageois, une routine faite d&rsquo;enqu\u00eates, de suspicions et de mensonges s&rsquo;installe. Vingt ans plus tard, alors qu&rsquo;elle attend son premier enfant, Eve parvient \u00e0 recomposer les pi\u00e8ces du puzzle de son existence avec s\u00e9r\u00e9nit\u00e9 et amour, d\u00e9voilant ainsi un conte captivant d&rsquo;innocence perdue, de paix retrouv\u00e9e et de myst\u00e8res r\u00e9solus.<\/p>\n","protected":false},"excerpt":{"rendered":"<p>Eve Green, enfance au pays de Galles, myst\u00e8re de disparition, r\u00e9v\u00e9lation vingt ans plus tard.<\/p>\n","protected":false},"featured_media":15113,"comment_status":"open","ping_status":"closed","template":"","meta":{"inline_featured_image":false},"product_cat":[204,143],"product_tag":[],"class_list":{"0":"post-15105","1":"product","2":"type-product","3":"status-publish","4":"has-post-thumbnail","6":"product_cat-francais","7":"product_cat-roman","8":"pa_auteurs-susan-fetchen","10":"first","11":"instock","12":"shipping-taxable","13":"purchasable","14":"product-type-simple"},"_links":{"self":[{"href":"https:\/\/baralivres.ma\/index.php?rest_route=\/wp\/v2\/product\/15105","targetHints":{"allow":["GET"]}}],"collection":[{"href":"https:\/\/baralivres.ma\/index.php?rest_route=\/wp\/v2\/product"}],"about":[{"href":"https:\/\/baralivres.ma\/index.php?rest_route=\/wp\/v2\/types\/product"}],"replies":[{"embeddable":true,"href":"https:\/\/baralivres.ma\/index.php?rest_route=%2Fwp%2Fv2%2Fcomments&post=15105"}],"version-history":[{"count":1,"href":"https:\/\/baralivres.ma\/index.php?rest_route=\/wp\/v2\/product\/15105\/revisions"}],"predecessor-version":[{"id":15114,"href":"https:\/\/baralivres.ma\/index.php?rest_route=\/wp\/v2\/product\/15105\/revisions\/15114"}],"wp:featuredmedia":[{"embeddable":true,"href":"https:\/\/baralivres.ma\/index.php?rest_route=\/wp\/v2\/media\/15113"}],"wp:attachment":[{"href":"https:\/\/baralivres.ma\/index.php?rest_route=%2Fwp%2Fv2%2Fmedia&parent=15105"}],"wp:term":[{"taxonomy":"product_cat","embeddable":true,"href":"https:\/\/baralivres.ma\/index.php?rest_route=%2Fwp%2Fv2%2Fproduct_cat&post=15105"},{"taxonomy":"product_tag","embeddable":true,"href":"https:\/\/baralivres.ma\/index.php?rest_route=%2Fwp%2Fv2%2Fproduct_tag&post=15105"}],"curies":[{"name":"wp","href":"https:\/\/api.w.org\/{rel}","templated":true}]}}