{"id":15093,"date":"2023-10-27T12:10:28","date_gmt":"2023-10-27T11:10:28","guid":{"rendered":"https:\/\/baralivres.ma\/?post_type=product&#038;p=15093"},"modified":"2023-10-27T12:10:29","modified_gmt":"2023-10-27T11:10:29","slug":"la-strategie-du-choc","status":"publish","type":"product","link":"https:\/\/baralivres.ma\/?product=la-strategie-du-choc","title":{"rendered":"La Strat\u00e9gie du choc"},"content":{"rendered":"<p>En poursuivant son exploration amorc\u00e9e dans son ouvrage \u00e0 succ\u00e8s \u00ab\u00a0No logo\u00a0\u00bb, Naomi Klein critique vigoureusement l&rsquo;effort visant \u00e0 soumettre la plan\u00e8te \u00e0 une forme d&rsquo;ultralib\u00e9ralisme qui profite des crises et des catastrophes pour imposer la primaut\u00e9 absolue du march\u00e9 sur les valeurs politiques et culturelles des soci\u00e9t\u00e9s. Elle propose une analyse approfondie et solidement \u00e9tay\u00e9e de l&rsquo;histoire secr\u00e8te du libre-\u00e9change.<\/p>\n","protected":false},"excerpt":{"rendered":"<p>Naomi Klein d\u00e9nonce l&rsquo;ultralib\u00e9ralisme, utilisant crises pour supplanter valeurs culturelles par la domination du march\u00e9.<\/p>\n","protected":false},"featured_media":15100,"comment_status":"open","ping_status":"closed","template":"","meta":{"inline_featured_image":false},"product_cat":[204,143],"product_tag":[],"class_list":{"0":"post-15093","1":"product","2":"type-product","3":"status-publish","4":"has-post-thumbnail","6":"product_cat-francais","7":"product_cat-roman","8":"pa_auteurs-naomi-klein","10":"first","11":"instock","12":"shipping-taxable","13":"purchasable","14":"product-type-simple"},"_links":{"self":[{"href":"https:\/\/baralivres.ma\/index.php?rest_route=\/wp\/v2\/product\/15093","targetHints":{"allow":["GET"]}}],"collection":[{"href":"https:\/\/baralivres.ma\/index.php?rest_route=\/wp\/v2\/product"}],"about":[{"href":"https:\/\/baralivres.ma\/index.php?rest_route=\/wp\/v2\/types\/product"}],"replies":[{"embeddable":true,"href":"https:\/\/baralivres.ma\/index.php?rest_route=%2Fwp%2Fv2%2Fcomments&post=15093"}],"version-history":[{"count":1,"href":"https:\/\/baralivres.ma\/index.php?rest_route=\/wp\/v2\/product\/15093\/revisions"}],"predecessor-version":[{"id":15102,"href":"https:\/\/baralivres.ma\/index.php?rest_route=\/wp\/v2\/product\/15093\/revisions\/15102"}],"wp:featuredmedia":[{"embeddable":true,"href":"https:\/\/baralivres.ma\/index.php?rest_route=\/wp\/v2\/media\/15100"}],"wp:attachment":[{"href":"https:\/\/baralivres.ma\/index.php?rest_route=%2Fwp%2Fv2%2Fmedia&parent=15093"}],"wp:term":[{"taxonomy":"product_cat","embeddable":true,"href":"https:\/\/baralivres.ma\/index.php?rest_route=%2Fwp%2Fv2%2Fproduct_cat&post=15093"},{"taxonomy":"product_tag","embeddable":true,"href":"https:\/\/baralivres.ma\/index.php?rest_route=%2Fwp%2Fv2%2Fproduct_tag&post=15093"}],"curies":[{"name":"wp","href":"https:\/\/api.w.org\/{rel}","templated":true}]}}