{"id":15088,"date":"2023-10-27T12:09:21","date_gmt":"2023-10-27T11:09:21","guid":{"rendered":"https:\/\/baralivres.ma\/?post_type=product&#038;p=15088"},"modified":"2023-10-27T12:09:21","modified_gmt":"2023-10-27T11:09:21","slug":"le-fermier-qui-parlait-aux-carottes-et-aux-etoiles","status":"publish","type":"product","link":"https:\/\/baralivres.ma\/?product=le-fermier-qui-parlait-aux-carottes-et-aux-etoiles","title":{"rendered":"Le fermier qui parlait aux carottes et aux \u00e9toiles"},"content":{"rendered":"<p>La ferme-auberge des Walch est une v\u00e9ritable ic\u00f4ne dans la vall\u00e9e de Munster, attirant de nombreux touristes d\u00e9sireux de savourer la cuisine de Robert. Ce fermier solitaire pr\u00e9f\u00e8re la compagnie des l\u00e9gumes \u00e0 celle des humains, affichant un caract\u00e8re r\u00e2leur et introverti qui le rend \u00e9nigmatique. Il semble presque contradictoire qu&rsquo;un homme aussi bourru puisse cr\u00e9er des plats si doux et d\u00e9licats. Les secrets de ses talents culinaires sont bien gard\u00e9s, \u00e0 moins qu&rsquo;une rencontre fortuite ne le pousse \u00e0 ouvrir les portes de son univers fantasque et merveilleux au monde r\u00e9el. Avec une touche de nature, une dose de gourmandise et une grande tendresse, voil\u00e0 la recette parfaite pour un roman d\u00e9licieusement captivant !<\/p>\n","protected":false},"excerpt":{"rendered":"<p>Ferme-auberge Walch : Robert, solitaire bourru, cr\u00e9e des mets d\u00e9licats, \u00e9nigme jusqu&rsquo;\u00e0 une rencontre transformative.<\/p>\n","protected":false},"featured_media":15098,"comment_status":"open","ping_status":"closed","template":"","meta":{"inline_featured_image":false},"product_cat":[204,143],"product_tag":[],"class_list":{"0":"post-15088","1":"product","2":"type-product","3":"status-publish","4":"has-post-thumbnail","6":"product_cat-francais","7":"product_cat-roman","8":"pa_auteurs-julia-mattera","10":"first","11":"instock","12":"shipping-taxable","13":"purchasable","14":"product-type-simple"},"_links":{"self":[{"href":"https:\/\/baralivres.ma\/index.php?rest_route=\/wp\/v2\/product\/15088","targetHints":{"allow":["GET"]}}],"collection":[{"href":"https:\/\/baralivres.ma\/index.php?rest_route=\/wp\/v2\/product"}],"about":[{"href":"https:\/\/baralivres.ma\/index.php?rest_route=\/wp\/v2\/types\/product"}],"replies":[{"embeddable":true,"href":"https:\/\/baralivres.ma\/index.php?rest_route=%2Fwp%2Fv2%2Fcomments&post=15088"}],"version-history":[{"count":1,"href":"https:\/\/baralivres.ma\/index.php?rest_route=\/wp\/v2\/product\/15088\/revisions"}],"predecessor-version":[{"id":15099,"href":"https:\/\/baralivres.ma\/index.php?rest_route=\/wp\/v2\/product\/15088\/revisions\/15099"}],"wp:featuredmedia":[{"embeddable":true,"href":"https:\/\/baralivres.ma\/index.php?rest_route=\/wp\/v2\/media\/15098"}],"wp:attachment":[{"href":"https:\/\/baralivres.ma\/index.php?rest_route=%2Fwp%2Fv2%2Fmedia&parent=15088"}],"wp:term":[{"taxonomy":"product_cat","embeddable":true,"href":"https:\/\/baralivres.ma\/index.php?rest_route=%2Fwp%2Fv2%2Fproduct_cat&post=15088"},{"taxonomy":"product_tag","embeddable":true,"href":"https:\/\/baralivres.ma\/index.php?rest_route=%2Fwp%2Fv2%2Fproduct_tag&post=15088"}],"curies":[{"name":"wp","href":"https:\/\/api.w.org\/{rel}","templated":true}]}}