{"id":15080,"date":"2023-10-27T12:06:20","date_gmt":"2023-10-27T11:06:20","guid":{"rendered":"https:\/\/baralivres.ma\/?post_type=product&#038;p=15080"},"modified":"2023-10-27T12:06:21","modified_gmt":"2023-10-27T11:06:21","slug":"ubik","status":"publish","type":"product","link":"https:\/\/baralivres.ma\/?product=ubik","title":{"rendered":"Ubik"},"content":{"rendered":"<p>La flourishing agence anti-psi Runciter &amp; Associ\u00e9s offre une protection \u00e0 ses clients contre toute forme d&rsquo;intrusion psychique. Cependant, lors d&rsquo;une mission sur Luna, ses meilleurs agents sont victimes d&rsquo;un attentat \u00e0 la bombe orchestr\u00e9 par une agence concurrente. Glen Runciter est imm\u00e9diatement plac\u00e9 en \u00e9tat de semi-vie. En peu de temps, Joe Chip et les autres survivants sont t\u00e9moins de ph\u00e9nom\u00e8nes \u00e9tranges : le visage de leur patron appara\u00eet sur les billets de banque, les cigarettes perdent leur saveur, la technologie semble r\u00e9gresser. De plus, un produit appel\u00e9 Ubik, dot\u00e9 de propri\u00e9t\u00e9s myst\u00e9rieuses, surgit de mani\u00e8re opportune \u00e0 plusieurs reprises&#8230;<\/p>\n","protected":false},"excerpt":{"rendered":"<p>L&rsquo;agence anti-psi Runciter prot\u00e8ge contre l&rsquo;intrusion psychique, mais un attentat provoque des ph\u00e9nom\u00e8nes \u00e9tranges et Ubik intervient.<\/p>\n","protected":false},"featured_media":15090,"comment_status":"open","ping_status":"closed","template":"","meta":{"inline_featured_image":false},"product_cat":[204,143],"product_tag":[],"class_list":{"0":"post-15080","1":"product","2":"type-product","3":"status-publish","4":"has-post-thumbnail","6":"product_cat-francais","7":"product_cat-roman","8":"pa_auteurs-philip-k-dick","10":"first","11":"instock","12":"shipping-taxable","13":"purchasable","14":"product-type-simple"},"_links":{"self":[{"href":"https:\/\/baralivres.ma\/index.php?rest_route=\/wp\/v2\/product\/15080","targetHints":{"allow":["GET"]}}],"collection":[{"href":"https:\/\/baralivres.ma\/index.php?rest_route=\/wp\/v2\/product"}],"about":[{"href":"https:\/\/baralivres.ma\/index.php?rest_route=\/wp\/v2\/types\/product"}],"replies":[{"embeddable":true,"href":"https:\/\/baralivres.ma\/index.php?rest_route=%2Fwp%2Fv2%2Fcomments&post=15080"}],"version-history":[{"count":1,"href":"https:\/\/baralivres.ma\/index.php?rest_route=\/wp\/v2\/product\/15080\/revisions"}],"predecessor-version":[{"id":15091,"href":"https:\/\/baralivres.ma\/index.php?rest_route=\/wp\/v2\/product\/15080\/revisions\/15091"}],"wp:featuredmedia":[{"embeddable":true,"href":"https:\/\/baralivres.ma\/index.php?rest_route=\/wp\/v2\/media\/15090"}],"wp:attachment":[{"href":"https:\/\/baralivres.ma\/index.php?rest_route=%2Fwp%2Fv2%2Fmedia&parent=15080"}],"wp:term":[{"taxonomy":"product_cat","embeddable":true,"href":"https:\/\/baralivres.ma\/index.php?rest_route=%2Fwp%2Fv2%2Fproduct_cat&post=15080"},{"taxonomy":"product_tag","embeddable":true,"href":"https:\/\/baralivres.ma\/index.php?rest_route=%2Fwp%2Fv2%2Fproduct_tag&post=15080"}],"curies":[{"name":"wp","href":"https:\/\/api.w.org\/{rel}","templated":true}]}}