{"id":15079,"date":"2023-10-27T12:05:27","date_gmt":"2023-10-27T11:05:27","guid":{"rendered":"https:\/\/baralivres.ma\/?post_type=product&#038;p=15079"},"modified":"2023-10-27T12:05:27","modified_gmt":"2023-10-27T11:05:27","slug":"depuis-mon-coeur-a-un-battement-de-retard","status":"publish","type":"product","link":"https:\/\/baralivres.ma\/?product=depuis-mon-coeur-a-un-battement-de-retard","title":{"rendered":"Depuis, mon coeur a un battement de retard"},"content":{"rendered":"<p>Emma, une femme \u00e9panouie \u00e0 la carri\u00e8re florissante, semble avoir une vie parfaitement planifi\u00e9e. Elle se consacre \u00e0 faire prosp\u00e9rer son entreprise de pr\u00eat-\u00e0-porter, entretenir ses amiti\u00e9s, et vivre paisiblement aux c\u00f4t\u00e9s de son mari et de son fils. Cependant, une fois par an, elle se replonge dans le pass\u00e9, sp\u00e9cifiquement dans cette journ\u00e9e qui remonte \u00e0 vingt ans en arri\u00e8re, o\u00f9 son premier amour l&rsquo;a quitt\u00e9e. Lorsqu&rsquo;elle d\u00e9couvre que cet homme est actif sur un site de rencontres pour personnes mari\u00e9es, l&rsquo;envie de revisiter ses souvenirs devient tr\u00e8s tentante.<\/p>\n<p>Cette situation soul\u00e8ve des questions importantes : quelles empreintes laisse un premier amour dans nos vies ? Est-il possible de composer avec le pass\u00e9 lorsqu&rsquo;il fait irruption dans le pr\u00e9sent ? Peut-on tourner la page sans pour autant renoncer \u00e0 hier ?<\/p>\n","protected":false},"excerpt":{"rendered":"<p>Emma, \u00e9panouie, revisite son premier amour apr\u00e8s vingt ans lorsqu&rsquo;il appara\u00eet sur un site de rencontres.<\/p>\n","protected":false},"featured_media":15086,"comment_status":"open","ping_status":"closed","template":"","meta":{"inline_featured_image":false},"product_cat":[204,143],"product_tag":[],"class_list":{"0":"post-15079","1":"product","2":"type-product","3":"status-publish","4":"has-post-thumbnail","6":"product_cat-francais","7":"product_cat-roman","8":"pa_auteurs-valerie-cohen","10":"first","11":"instock","12":"shipping-taxable","13":"purchasable","14":"product-type-simple"},"_links":{"self":[{"href":"https:\/\/baralivres.ma\/index.php?rest_route=\/wp\/v2\/product\/15079","targetHints":{"allow":["GET"]}}],"collection":[{"href":"https:\/\/baralivres.ma\/index.php?rest_route=\/wp\/v2\/product"}],"about":[{"href":"https:\/\/baralivres.ma\/index.php?rest_route=\/wp\/v2\/types\/product"}],"replies":[{"embeddable":true,"href":"https:\/\/baralivres.ma\/index.php?rest_route=%2Fwp%2Fv2%2Fcomments&post=15079"}],"version-history":[{"count":1,"href":"https:\/\/baralivres.ma\/index.php?rest_route=\/wp\/v2\/product\/15079\/revisions"}],"predecessor-version":[{"id":15087,"href":"https:\/\/baralivres.ma\/index.php?rest_route=\/wp\/v2\/product\/15079\/revisions\/15087"}],"wp:featuredmedia":[{"embeddable":true,"href":"https:\/\/baralivres.ma\/index.php?rest_route=\/wp\/v2\/media\/15086"}],"wp:attachment":[{"href":"https:\/\/baralivres.ma\/index.php?rest_route=%2Fwp%2Fv2%2Fmedia&parent=15079"}],"wp:term":[{"taxonomy":"product_cat","embeddable":true,"href":"https:\/\/baralivres.ma\/index.php?rest_route=%2Fwp%2Fv2%2Fproduct_cat&post=15079"},{"taxonomy":"product_tag","embeddable":true,"href":"https:\/\/baralivres.ma\/index.php?rest_route=%2Fwp%2Fv2%2Fproduct_tag&post=15079"}],"curies":[{"name":"wp","href":"https:\/\/api.w.org\/{rel}","templated":true}]}}