{"id":15075,"date":"2023-10-27T12:03:47","date_gmt":"2023-10-27T11:03:47","guid":{"rendered":"https:\/\/baralivres.ma\/?post_type=product&#038;p=15075"},"modified":"2023-10-27T12:05:14","modified_gmt":"2023-10-27T11:05:14","slug":"femme-desiree-femme-desirante","status":"publish","type":"product","link":"https:\/\/baralivres.ma\/?product=femme-desiree-femme-desirante","title":{"rendered":"Femme d\u00e9sir\u00e9e, femme d\u00e9sirante"},"content":{"rendered":"<p>Le docteur Flaumenbaum, gyn\u00e9cologue et acupunctrice, explore les probl\u00e8mes sexuels rencontr\u00e9s par de nombreuses femmes, souvent inconsciemment, et les emp\u00eachant de vivre pleinement leur vie sexuelle. Elle s&rsquo;appuie sur une approche multidisciplinaire qui int\u00e8gre la gyn\u00e9cologie, la m\u00e9decine chinoise, la psychanalyse et l&rsquo;approche transg\u00e9n\u00e9rationnelle pour analyser la construction de la sexualit\u00e9 f\u00e9minine, l&rsquo;influence de la m\u00e8re, les raisons pour lesquelles le plaisir et le d\u00e9sir sont souvent absents, et comment rem\u00e9dier \u00e0 ces probl\u00e8mes. Son exp\u00e9rience de plus de quarante ans lui permet de fournir des conseils et des solutions pour aider les femmes \u00e0 vivre une vie sexuelle \u00e9panouissante. Ce livre vise \u00e0 revitaliser la sexualit\u00e9 masculine et \u00e0 stimuler la sexualit\u00e9 f\u00e9minine.<\/p>\n","protected":false},"excerpt":{"rendered":"<p>Le docteur Flaumenbaum, gyn\u00e9cologue et acupunctrice, r\u00e9v\u00e8le comment les femmes peuvent am\u00e9liorer leur vie sexuelle.<\/p>\n","protected":false},"featured_media":15081,"comment_status":"open","ping_status":"closed","template":"","meta":{"inline_featured_image":false},"product_cat":[204,143],"product_tag":[],"class_list":{"0":"post-15075","1":"product","2":"type-product","3":"status-publish","4":"has-post-thumbnail","6":"product_cat-francais","7":"product_cat-roman","8":"pa_auteurs-daniele-flaumenbaum","10":"first","11":"instock","12":"shipping-taxable","13":"purchasable","14":"product-type-simple"},"_links":{"self":[{"href":"https:\/\/baralivres.ma\/index.php?rest_route=\/wp\/v2\/product\/15075","targetHints":{"allow":["GET"]}}],"collection":[{"href":"https:\/\/baralivres.ma\/index.php?rest_route=\/wp\/v2\/product"}],"about":[{"href":"https:\/\/baralivres.ma\/index.php?rest_route=\/wp\/v2\/types\/product"}],"replies":[{"embeddable":true,"href":"https:\/\/baralivres.ma\/index.php?rest_route=%2Fwp%2Fv2%2Fcomments&post=15075"}],"version-history":[{"count":1,"href":"https:\/\/baralivres.ma\/index.php?rest_route=\/wp\/v2\/product\/15075\/revisions"}],"predecessor-version":[{"id":15083,"href":"https:\/\/baralivres.ma\/index.php?rest_route=\/wp\/v2\/product\/15075\/revisions\/15083"}],"wp:featuredmedia":[{"embeddable":true,"href":"https:\/\/baralivres.ma\/index.php?rest_route=\/wp\/v2\/media\/15081"}],"wp:attachment":[{"href":"https:\/\/baralivres.ma\/index.php?rest_route=%2Fwp%2Fv2%2Fmedia&parent=15075"}],"wp:term":[{"taxonomy":"product_cat","embeddable":true,"href":"https:\/\/baralivres.ma\/index.php?rest_route=%2Fwp%2Fv2%2Fproduct_cat&post=15075"},{"taxonomy":"product_tag","embeddable":true,"href":"https:\/\/baralivres.ma\/index.php?rest_route=%2Fwp%2Fv2%2Fproduct_tag&post=15075"}],"curies":[{"name":"wp","href":"https:\/\/api.w.org\/{rel}","templated":true}]}}