{"id":15074,"date":"2023-10-27T12:03:45","date_gmt":"2023-10-27T11:03:45","guid":{"rendered":"https:\/\/baralivres.ma\/?post_type=product&#038;p=15074"},"modified":"2023-10-27T12:03:45","modified_gmt":"2023-10-27T11:03:45","slug":"vaincre-a-rome","status":"publish","type":"product","link":"https:\/\/baralivres.ma\/?product=vaincre-a-rome","title":{"rendered":"Vaincre \u00e0 Rome"},"content":{"rendered":"<p>Le 10 septembre 1960, \u00e0 Rome, \u00e0 17 h 30, Abebe Bikila s&rsquo;appr\u00eate \u00e0 accomplir un exploit m\u00e9morable : remporter le marathon olympique. Dans deux heures, quinze minutes et seize secondes, il franchira la ligne d&rsquo;arriv\u00e9e. En plus d&rsquo;\u00e9tablir un nouveau record du monde sur le terre italienne, plus de vingt ans apr\u00e8s la conqu\u00eate d&rsquo;Addis-Abeba par Mussolini, le soldat \u00e9thiopien s&rsquo;appr\u00eate \u00e0 parcourir les 42 kilom\u00e8tres et 195 m\u00e8tres pieds nus. Comme l&rsquo;a dit Hail\u00e9 S\u00e9lassi\u00e9, \u00ab\u00a0Vaincre \u00e0 Rome, ce serait comme vaincre mille fois\u00a0\u00bb.<\/p>\n<p>Pour rendre hommage \u00e0 cet exploit sportif exceptionnel, Sylvain Coher se met dans la peau d&rsquo;Abebe Bikila, devenant la Petite Voix qui r\u00e9sonne dans l&rsquo;esprit du champion. Il insuffle \u00e0 la langue le rythme, la m\u00e9canique, les acc\u00e9l\u00e9rations de cette course de fond, jusqu&rsquo;\u00e0 l&rsquo;euphorie procur\u00e9e par les endorphines, et jusqu&rsquo;au sprint final triomphant. Ainsi, il nous raconte comment les h\u00e9ros se forgent, comment les peuples se rel\u00e8vent, comment les revanches s&rsquo;accomplissent, et comment les l\u00e9gendes naissent.<\/p>\n","protected":false},"excerpt":{"rendered":"<p>Abebe Bikila, champion \u00e9thiopien, remporte le marathon olympique \u00e0 Rome en 1960, inspirant l&rsquo;esprit de conqu\u00eate.<\/p>\n","protected":false},"featured_media":15076,"comment_status":"open","ping_status":"closed","template":"","meta":{"inline_featured_image":false},"product_cat":[204,143],"product_tag":[],"class_list":{"0":"post-15074","1":"product","2":"type-product","3":"status-publish","4":"has-post-thumbnail","6":"product_cat-francais","7":"product_cat-roman","8":"pa_auteurs-sylvain-coher","10":"first","11":"instock","12":"shipping-taxable","13":"purchasable","14":"product-type-simple"},"_links":{"self":[{"href":"https:\/\/baralivres.ma\/index.php?rest_route=\/wp\/v2\/product\/15074","targetHints":{"allow":["GET"]}}],"collection":[{"href":"https:\/\/baralivres.ma\/index.php?rest_route=\/wp\/v2\/product"}],"about":[{"href":"https:\/\/baralivres.ma\/index.php?rest_route=\/wp\/v2\/types\/product"}],"replies":[{"embeddable":true,"href":"https:\/\/baralivres.ma\/index.php?rest_route=%2Fwp%2Fv2%2Fcomments&post=15074"}],"version-history":[{"count":1,"href":"https:\/\/baralivres.ma\/index.php?rest_route=\/wp\/v2\/product\/15074\/revisions"}],"predecessor-version":[{"id":15082,"href":"https:\/\/baralivres.ma\/index.php?rest_route=\/wp\/v2\/product\/15074\/revisions\/15082"}],"wp:featuredmedia":[{"embeddable":true,"href":"https:\/\/baralivres.ma\/index.php?rest_route=\/wp\/v2\/media\/15076"}],"wp:attachment":[{"href":"https:\/\/baralivres.ma\/index.php?rest_route=%2Fwp%2Fv2%2Fmedia&parent=15074"}],"wp:term":[{"taxonomy":"product_cat","embeddable":true,"href":"https:\/\/baralivres.ma\/index.php?rest_route=%2Fwp%2Fv2%2Fproduct_cat&post=15074"},{"taxonomy":"product_tag","embeddable":true,"href":"https:\/\/baralivres.ma\/index.php?rest_route=%2Fwp%2Fv2%2Fproduct_tag&post=15074"}],"curies":[{"name":"wp","href":"https:\/\/api.w.org\/{rel}","templated":true}]}}